{"id":8877,"date":"2026-04-21T17:03:33","date_gmt":"2026-04-21T15:03:33","guid":{"rendered":"https:\/\/www.italienisch-werkstatt.de\/?post_type=product&#038;p=8877"},"modified":"2026-04-21T17:18:04","modified_gmt":"2026-04-21T15:18:04","slug":"oa12610","status":"publish","type":"product","link":"https:\/\/www.italienisch-werkstatt.de\/en\/kurs\/oa12610","title":{"rendered":"Anf\u00e4nger mit Vorkenntnissen &#8211;  Sommer-Semiintensiv!"},"content":{"rendered":"<p>Italienisch-Sommerkurs Online &#8211; Semiintensiv!<\/p>\n<p>F\u00fcr Anf\u00e4nger mit Vorkenntnissen &#8211; Informationen zu den <a href=\"https:\/\/www.italienisch-werkstatt.de\/en\/kursinhalte-und-lernziele-anfaenger-ii\" target=\"_blank\" rel=\"noopener\">course content and learning objectives for A1.2<\/a><\/p>\n<p>For more information about this course or if you are interested in our course program, please click on the request button. We will immediately check all availabilities for you.<\/p>","protected":false},"excerpt":{"rendered":"<p>Italienisch-Sommerkurs Online &#8211; Semiintensiv! F\u00fcr Anf\u00e4nger mit Vorkenntnissen &#8211; Informationen zu den Kursinhalten und Lernzielen f\u00fcr A1.2 F\u00fcr weitere Informationen zu diesem Kurs oder bei Interesse an unserem Kursprogramm klicken Sie bitte auf den Anfrage-Button. Wir \u00fcberpr\u00fcfen sofort alle Verf\u00fcgbarkeiten f\u00fcr Sie.<\/p>","protected":false},"featured_media":1174,"template":"","meta":{"_acf_changed":false},"product_brand":[137],"product_cat":[30],"product_tag":[132,81],"class_list":{"0":"post-8877","1":"product","2":"type-product","3":"status-publish","4":"has-post-thumbnail","6":"product_brand-online","7":"product_cat-a1-2","8":"product_tag-display","9":"product_tag-online","11":"first","12":"instock","13":"virtual","14":"purchasable","15":"product-type-simple"},"acf":[],"_links":{"self":[{"href":"https:\/\/www.italienisch-werkstatt.de\/en\/wp-json\/wp\/v2\/product\/8877","targetHints":{"allow":["GET"]}}],"collection":[{"href":"https:\/\/www.italienisch-werkstatt.de\/en\/wp-json\/wp\/v2\/product"}],"about":[{"href":"https:\/\/www.italienisch-werkstatt.de\/en\/wp-json\/wp\/v2\/types\/product"}],"wp:featuredmedia":[{"embeddable":true,"href":"https:\/\/www.italienisch-werkstatt.de\/en\/wp-json\/wp\/v2\/media\/1174"}],"wp:attachment":[{"href":"https:\/\/www.italienisch-werkstatt.de\/en\/wp-json\/wp\/v2\/media?parent=8877"}],"wp:term":[{"taxonomy":"product_brand","embeddable":true,"href":"https:\/\/www.italienisch-werkstatt.de\/en\/wp-json\/wp\/v2\/product_brand?post=8877"},{"taxonomy":"product_cat","embeddable":true,"href":"https:\/\/www.italienisch-werkstatt.de\/en\/wp-json\/wp\/v2\/product_cat?post=8877"},{"taxonomy":"product_tag","embeddable":true,"href":"https:\/\/www.italienisch-werkstatt.de\/en\/wp-json\/wp\/v2\/product_tag?post=8877"}],"curies":[{"name":"wp","href":"https:\/\/api.w.org\/{rel}","templated":true}]}}