{"id":8748,"date":"2026-03-18T18:04:26","date_gmt":"2026-03-18T17:04:26","guid":{"rendered":"https:\/\/www.italienisch-werkstatt.de\/?post_type=product&#038;p=8748"},"modified":"2026-03-18T18:16:26","modified_gmt":"2026-03-18T17:16:26","slug":"a12609-sommer-semiintensiv","status":"publish","type":"product","link":"https:\/\/www.italienisch-werkstatt.de\/en\/kurs\/a12609-sommer-semiintensiv","title":{"rendered":"Anf\u00e4nger mit Vorkenntnissen &#8211; Sommer-Semiintensiv!"},"content":{"rendered":"<p><strong>Italienischkurs A1.2 Sommer-Semiintensiv &#8211; Vertiefen Sie Ihr \u201eBel Paese\u201c-Gef\u00fchl<\/strong><\/p>\n<p>Bereit f\u00fcr den n\u00e4chsten Schritt? In diesem semi-intensiven Sommerkurs bauen wir auf Ihren ersten Grundkenntnissen auf und tauchen tiefer in die italienische Sprache ein. Ideal f\u00fcr alle, die bereits den Kurs A1.1 besucht haben oder \u00fcber geringe Vorkenntnisse verf\u00fcgen.<\/p>\n<p>Sie lernen von unseren LehrerInnen, allen italienischen Muttersprachlern, die Ihnen die Sprache kompetent, strukturiert und mit Leidenschaft vermitteln.<\/p>\n<p>Information on the <a href=\"https:\/\/www.italienisch-werkstatt.de\/en\/kursinhalte-und-lernziele-anfaenger-ii\" target=\"_blank\" rel=\"noopener\">course content and learning objectives for A1.2<\/a><\/p>","protected":false},"excerpt":{"rendered":"<p>Italienischkurs A1.2 Sommer-Semiintensiv &#8211; Vertiefen Sie Ihr \u201eBel Paese\u201c-Gef\u00fchl Bereit f\u00fcr den n\u00e4chsten Schritt? In diesem semi-intensiven Sommerkurs bauen wir auf Ihren ersten Grundkenntnissen auf und tauchen tiefer in die italienische Sprache ein. Ideal f\u00fcr alle, die bereits den Kurs A1.1 besucht haben oder \u00fcber geringe Vorkenntnisse verf\u00fcgen. Sie lernen von unseren LehrerInnen, allen italienischen&#8230;<\/p>","protected":false},"featured_media":1174,"template":"","meta":{"_acf_changed":false},"product_brand":[136],"product_cat":[30],"product_tag":[109,130,132],"class_list":{"0":"post-8748","1":"product","2":"type-product","3":"status-publish","4":"has-post-thumbnail","6":"product_brand-praesenz","7":"product_cat-a1-2","8":"product_tag-praesenz-unterricht","9":"product_tag-intensiv","10":"product_tag-display","12":"first","13":"instock","14":"virtual","15":"purchasable","16":"product-type-simple"},"acf":[],"_links":{"self":[{"href":"https:\/\/www.italienisch-werkstatt.de\/en\/wp-json\/wp\/v2\/product\/8748","targetHints":{"allow":["GET"]}}],"collection":[{"href":"https:\/\/www.italienisch-werkstatt.de\/en\/wp-json\/wp\/v2\/product"}],"about":[{"href":"https:\/\/www.italienisch-werkstatt.de\/en\/wp-json\/wp\/v2\/types\/product"}],"wp:featuredmedia":[{"embeddable":true,"href":"https:\/\/www.italienisch-werkstatt.de\/en\/wp-json\/wp\/v2\/media\/1174"}],"wp:attachment":[{"href":"https:\/\/www.italienisch-werkstatt.de\/en\/wp-json\/wp\/v2\/media?parent=8748"}],"wp:term":[{"taxonomy":"product_brand","embeddable":true,"href":"https:\/\/www.italienisch-werkstatt.de\/en\/wp-json\/wp\/v2\/product_brand?post=8748"},{"taxonomy":"product_cat","embeddable":true,"href":"https:\/\/www.italienisch-werkstatt.de\/en\/wp-json\/wp\/v2\/product_cat?post=8748"},{"taxonomy":"product_tag","embeddable":true,"href":"https:\/\/www.italienisch-werkstatt.de\/en\/wp-json\/wp\/v2\/product_tag?post=8748"}],"curies":[{"name":"wp","href":"https:\/\/api.w.org\/{rel}","templated":true}]}}