{"id":8108,"date":"2025-12-17T17:40:10","date_gmt":"2025-12-17T16:40:10","guid":{"rendered":"https:\/\/www.italienisch-werkstatt.de\/?post_type=product&#038;p=8108"},"modified":"2026-02-26T17:28:20","modified_gmt":"2026-02-26T16:28:20","slug":"bu2604","status":"publish","type":"product","link":"https:\/\/www.italienisch-werkstatt.de\/en\/kurs\/bu2604","title":{"rendered":"Beginners - super intensive!"},"content":{"rendered":"<section class=\"l-section wpb_row height_small\"><div class=\"l-section-h i-cf\"><div class=\"g-cols vc_row via_flex valign_top type_default stacking_default\"><div class=\"vc_col-sm-12 wpb_column vc_column_container\"><div class=\"vc_column-inner\"><div class=\"wpb_wrapper\"><div class=\"wpb_text_column\"><div class=\"wpb_wrapper\"><p>Beginners - Information on the <a href=\"https:\/\/www.italienisch-werkstatt.de\/en\/kursprogramm-superintensiv-a1-1\" target=\"_blank\" rel=\"noopener\">course content and learning objectives<\/a><\/p>\n<p>For more information about this course or if you are interested in our course program, please click on the request button. We will immediately check all availabilities for you.<\/p>\n<\/div><\/div><\/div><\/div><\/div><\/div><\/div><\/section>","protected":false},"excerpt":{"rendered":"Anf\u00e4nger ohne Vorkenntnisse &#8211; Informationen zu den Kursinhalten und Lernzielen F\u00fcr weitere Informationen zu diesem Kurs oder bei Interesse an unserem Kursprogramm klicken Sie bitte auf den Anfrage-Button. Wir \u00fcberpr\u00fcfen sofort alle Verf\u00fcgbarkeiten f\u00fcr Sie.","protected":false},"featured_media":1174,"template":"","meta":{"_acf_changed":false},"product_brand":[140],"product_cat":[29],"product_tag":[83,129,130,134],"class_list":{"0":"post-8108","1":"product","2":"type-product","3":"status-publish","4":"has-post-thumbnail","6":"product_brand-bildundungsurlaub","7":"product_cat-a1-1","8":"product_tag-neu","9":"product_tag-bildungsurlaub-kurs","10":"product_tag-intensiv","11":"product_tag-gossler","13":"first","14":"instock","15":"virtual","16":"purchasable","17":"product-type-simple"},"acf":[],"_links":{"self":[{"href":"https:\/\/www.italienisch-werkstatt.de\/en\/wp-json\/wp\/v2\/product\/8108","targetHints":{"allow":["GET"]}}],"collection":[{"href":"https:\/\/www.italienisch-werkstatt.de\/en\/wp-json\/wp\/v2\/product"}],"about":[{"href":"https:\/\/www.italienisch-werkstatt.de\/en\/wp-json\/wp\/v2\/types\/product"}],"wp:featuredmedia":[{"embeddable":true,"href":"https:\/\/www.italienisch-werkstatt.de\/en\/wp-json\/wp\/v2\/media\/1174"}],"wp:attachment":[{"href":"https:\/\/www.italienisch-werkstatt.de\/en\/wp-json\/wp\/v2\/media?parent=8108"}],"wp:term":[{"taxonomy":"product_brand","embeddable":true,"href":"https:\/\/www.italienisch-werkstatt.de\/en\/wp-json\/wp\/v2\/product_brand?post=8108"},{"taxonomy":"product_cat","embeddable":true,"href":"https:\/\/www.italienisch-werkstatt.de\/en\/wp-json\/wp\/v2\/product_cat?post=8108"},{"taxonomy":"product_tag","embeddable":true,"href":"https:\/\/www.italienisch-werkstatt.de\/en\/wp-json\/wp\/v2\/product_tag?post=8108"}],"curies":[{"name":"wp","href":"https:\/\/api.w.org\/{rel}","templated":true}]}}