{"id":7342,"date":"2025-08-05T11:25:31","date_gmt":"2025-08-05T09:25:31","guid":{"rendered":"https:\/\/www.italienisch-werkstatt.de\/?post_type=product&#038;p=7342"},"modified":"2026-03-22T12:36:13","modified_gmt":"2026-03-22T11:36:13","slug":"a22501","status":"publish","type":"product","link":"https:\/\/www.italienisch-werkstatt.de\/en\/kurs\/a22501","title":{"rendered":"Training di conversazione B1"},"content":{"rendered":"<p>Training di conversazione B1: F\u00fcr weitere Informationen zu diesem Kurs oder bei Interesse an unserem Kursprogramm klicken Sie bitte auf den Anfrage-Button. Wir \u00fcberpr\u00fcfen sofort alle Verf\u00fcgbarkeiten f\u00fcr Sie.<\/p>","protected":false},"excerpt":{"rendered":"<p>Training di conversazione B1: F\u00fcr weitere Informationen zu diesem Kurs oder bei Interesse an unserem Kursprogramm klicken Sie bitte auf den Anfrage-Button. Wir \u00fcberpr\u00fcfen sofort alle Verf\u00fcgbarkeiten f\u00fcr Sie.<\/p>","protected":false},"featured_media":1174,"template":"","meta":{"_acf_changed":false},"product_brand":[136],"product_cat":[141],"product_tag":[109,117,132,134],"class_list":{"0":"post-7342","1":"product","2":"type-product","3":"status-publish","4":"has-post-thumbnail","6":"product_brand-praesenz","7":"product_cat-b1","8":"product_tag-praesenz-unterricht","9":"product_tag-kultur-konversation","10":"product_tag-display","11":"product_tag-gossler","13":"first","14":"instock","15":"virtual","16":"purchasable","17":"product-type-simple"},"acf":[],"_links":{"self":[{"href":"https:\/\/www.italienisch-werkstatt.de\/en\/wp-json\/wp\/v2\/product\/7342","targetHints":{"allow":["GET"]}}],"collection":[{"href":"https:\/\/www.italienisch-werkstatt.de\/en\/wp-json\/wp\/v2\/product"}],"about":[{"href":"https:\/\/www.italienisch-werkstatt.de\/en\/wp-json\/wp\/v2\/types\/product"}],"wp:featuredmedia":[{"embeddable":true,"href":"https:\/\/www.italienisch-werkstatt.de\/en\/wp-json\/wp\/v2\/media\/1174"}],"wp:attachment":[{"href":"https:\/\/www.italienisch-werkstatt.de\/en\/wp-json\/wp\/v2\/media?parent=7342"}],"wp:term":[{"taxonomy":"product_brand","embeddable":true,"href":"https:\/\/www.italienisch-werkstatt.de\/en\/wp-json\/wp\/v2\/product_brand?post=7342"},{"taxonomy":"product_cat","embeddable":true,"href":"https:\/\/www.italienisch-werkstatt.de\/en\/wp-json\/wp\/v2\/product_cat?post=7342"},{"taxonomy":"product_tag","embeddable":true,"href":"https:\/\/www.italienisch-werkstatt.de\/en\/wp-json\/wp\/v2\/product_tag?post=7342"}],"curies":[{"name":"wp","href":"https:\/\/api.w.org\/{rel}","templated":true}]}}