{"id":5006,"date":"2024-01-15T11:34:12","date_gmt":"2024-01-15T10:34:12","guid":{"rendered":"https:\/\/www.italienisch-werkstatt.de\/?post_type=product&#038;p=5006"},"modified":"2026-04-20T09:43:51","modified_gmt":"2026-04-20T07:43:51","slug":"b12402","status":"publish","type":"product","link":"https:\/\/www.italienisch-werkstatt.de\/en\/kurs\/b12402","title":{"rendered":"Intermediate III"},"content":{"rendered":"<p>Information on the course content and learning objectives\u00a0<a href=\"https:\/\/www.italienisch-werkstatt.de\/en\/kursinhalte-und-lernziele-fortgeschritten-iii\" target=\"_blank\" rel=\"noopener\">f\u00fcr B1.3<\/a><\/p>\n<p>For more information about this course or if you are interested in our course program, please click on the request button. We will immediately check all availabilities for you.<\/p>","protected":false},"excerpt":{"rendered":"<p>Informationen zu den Kursinhalten und Lernzielen\u00a0f\u00fcr B1.3 F\u00fcr weitere Informationen zu diesem Kurs oder bei Interesse an unserem Kursprogramm klicken Sie bitte auf den Anfrage-Button. Wir \u00fcberpr\u00fcfen sofort alle Verf\u00fcgbarkeiten f\u00fcr Sie.<\/p>","protected":false},"featured_media":1174,"template":"","meta":{"_acf_changed":false},"product_brand":[137],"product_cat":[42],"product_tag":[81,132],"class_list":{"0":"post-5006","1":"product","2":"type-product","3":"status-publish","4":"has-post-thumbnail","6":"product_brand-online","7":"product_cat-b1-3","8":"product_tag-online","9":"product_tag-display","11":"first","12":"instock","13":"virtual","14":"purchasable","15":"product-type-simple"},"acf":[],"_links":{"self":[{"href":"https:\/\/www.italienisch-werkstatt.de\/en\/wp-json\/wp\/v2\/product\/5006","targetHints":{"allow":["GET"]}}],"collection":[{"href":"https:\/\/www.italienisch-werkstatt.de\/en\/wp-json\/wp\/v2\/product"}],"about":[{"href":"https:\/\/www.italienisch-werkstatt.de\/en\/wp-json\/wp\/v2\/types\/product"}],"wp:featuredmedia":[{"embeddable":true,"href":"https:\/\/www.italienisch-werkstatt.de\/en\/wp-json\/wp\/v2\/media\/1174"}],"wp:attachment":[{"href":"https:\/\/www.italienisch-werkstatt.de\/en\/wp-json\/wp\/v2\/media?parent=5006"}],"wp:term":[{"taxonomy":"product_brand","embeddable":true,"href":"https:\/\/www.italienisch-werkstatt.de\/en\/wp-json\/wp\/v2\/product_brand?post=5006"},{"taxonomy":"product_cat","embeddable":true,"href":"https:\/\/www.italienisch-werkstatt.de\/en\/wp-json\/wp\/v2\/product_cat?post=5006"},{"taxonomy":"product_tag","embeddable":true,"href":"https:\/\/www.italienisch-werkstatt.de\/en\/wp-json\/wp\/v2\/product_tag?post=5006"}],"curies":[{"name":"wp","href":"https:\/\/api.w.org\/{rel}","templated":true}]}}