{"id":5005,"date":"2024-01-15T11:28:20","date_gmt":"2024-01-15T10:28:20","guid":{"rendered":"https:\/\/www.italienisch-werkstatt.de\/?post_type=product&#038;p=5005"},"modified":"2026-04-03T11:55:42","modified_gmt":"2026-04-03T09:55:42","slug":"b12401","status":"publish","type":"product","link":"https:\/\/www.italienisch-werkstatt.de\/en\/kurs\/b12401","title":{"rendered":"Fortgeschritten II-III &#8211; Conversazione e Grammatica"},"content":{"rendered":"<section class=\"l-section wpb_row height_small\"><div class=\"l-section-h i-cf\"><div class=\"g-cols vc_row via_flex valign_top type_default stacking_default\"><div class=\"vc_col-sm-12 wpb_column vc_column_container\"><div class=\"vc_column-inner\"><div class=\"wpb_wrapper\"><div class=\"wpb_text_column\"><div class=\"wpb_wrapper\"><p>Information on the course content and learning objectives\u00a0<a href=\"https:\/\/www.italienisch-werkstatt.de\/en\/kursinhalte-und-lernziele-fortgeschritten-iii\">f\u00fcr B1.3<\/a><\/p>\n<p>For more information about this course or if you are interested in our course program, please click on the request button. We will immediately check all availabilities for you.<\/p>\n<\/div><\/div><\/div><\/div><\/div><\/div><\/div><\/section>","protected":false},"excerpt":{"rendered":"Informationen zu den Kursinhalten und Lernzielen\u00a0f\u00fcr B1.3 F\u00fcr weitere Informationen zu diesem Kurs oder bei Interesse an unserem Kursprogramm klicken Sie bitte auf den Anfrage-Button. Wir \u00fcberpr\u00fcfen sofort alle Verf\u00fcgbarkeiten f\u00fcr Sie.","protected":false},"featured_media":1174,"template":"","meta":{"_acf_changed":false},"product_brand":[136],"product_cat":[101],"product_tag":[109,132],"class_list":{"0":"post-5005","1":"product","2":"type-product","3":"status-publish","4":"has-post-thumbnail","6":"product_brand-praesenz","7":"product_cat-b1-2-3","8":"product_tag-praesenz-unterricht","9":"product_tag-display","11":"first","12":"instock","13":"virtual","14":"purchasable","15":"product-type-simple"},"acf":[],"_links":{"self":[{"href":"https:\/\/www.italienisch-werkstatt.de\/en\/wp-json\/wp\/v2\/product\/5005","targetHints":{"allow":["GET"]}}],"collection":[{"href":"https:\/\/www.italienisch-werkstatt.de\/en\/wp-json\/wp\/v2\/product"}],"about":[{"href":"https:\/\/www.italienisch-werkstatt.de\/en\/wp-json\/wp\/v2\/types\/product"}],"wp:featuredmedia":[{"embeddable":true,"href":"https:\/\/www.italienisch-werkstatt.de\/en\/wp-json\/wp\/v2\/media\/1174"}],"wp:attachment":[{"href":"https:\/\/www.italienisch-werkstatt.de\/en\/wp-json\/wp\/v2\/media?parent=5005"}],"wp:term":[{"taxonomy":"product_brand","embeddable":true,"href":"https:\/\/www.italienisch-werkstatt.de\/en\/wp-json\/wp\/v2\/product_brand?post=5005"},{"taxonomy":"product_cat","embeddable":true,"href":"https:\/\/www.italienisch-werkstatt.de\/en\/wp-json\/wp\/v2\/product_cat?post=5005"},{"taxonomy":"product_tag","embeddable":true,"href":"https:\/\/www.italienisch-werkstatt.de\/en\/wp-json\/wp\/v2\/product_tag?post=5005"}],"curies":[{"name":"wp","href":"https:\/\/api.w.org\/{rel}","templated":true}]}}