{"id":8239,"date":"2026-01-14T14:35:01","date_gmt":"2026-01-14T13:35:01","guid":{"rendered":"https:\/\/www.italienisch-werkstatt.de\/?page_id=8239"},"modified":"2026-03-12T11:17:42","modified_gmt":"2026-03-12T10:17:42","slug":"kursprogramm-superintensiv-a1-1","status":"publish","type":"page","link":"https:\/\/www.italienisch-werkstatt.de\/en\/kursprogramm-superintensiv-a1-1","title":{"rendered":"Kursprogramm Superintensivkurs Italienisch &#8211; A1.1"},"content":{"rendered":"<section class=\"l-section wpb_row height_small color_alternate\"><div class=\"l-section-h i-cf\"><div class=\"g-cols vc_row via_flex valign_top type_default stacking_default\"><div class=\"vc_col-sm-12 wpb_column vc_column_container\"><div class=\"vc_column-inner\"><div class=\"wpb_wrapper\"><div class=\"wpb_text_column\"><div class=\"wpb_wrapper\"><h1>Kursprogramm Superintensivkurs Italienisch \u2013 A1.1<\/h1>\n<p>Die Kursinhalte orientieren sich bei den thematischen Inhalten als auch bei Wortschatz und Grammatik an den GER-Niveaus A1.1.<\/p>\n<\/div><\/div><\/div><\/div><\/div><\/div><\/div><\/section><section class=\"l-section wpb_row height_small\"><div class=\"l-section-h i-cf\"><div class=\"g-cols vc_row via_flex valign_top type_default stacking_default\"><div class=\"vc_col-sm-12 wpb_column vc_column_container\"><div class=\"vc_column-inner\"><div class=\"wpb_wrapper\"><div class=\"wpb_text_column\"><div class=\"wpb_wrapper\"><h2>Kursprogramm Superintensiv:\u00a0Thematischer Inhalt \/ Lernziel:<\/h2>\n<p><strong><span>Thema 1<\/span><\/strong><span>: Erste Kontakte<\/span><\/p>\n<p><strong><span>Handlungsorientierte Aufgaben:<\/span><\/strong><span> jdn. Begr\u00fc\u00dfen &gt; nach dem Namen fragen &gt; sich vorstellen &gt; die Herkunft erfragen und angeben &gt; sich verabschieden &gt; bis 20 z\u00e4hlen &gt; nach der Telefonnummer und Adresse fragen und darauf antworten &gt; Namen buchstabieren. &#8211; <\/span><strong>Grammar<\/strong>: das Pr\u00e4sens von <em>essere<\/em>, <em>avere<\/em>, <em>chiamarsi<\/em> (Singular) &gt; die bestimmten Artikel (Singular) &gt; weibliche und m\u00e4nnliche Substantive &gt; die Fragenpronomen <em>come<\/em>, <em>di dove<\/em>, <em>quale<\/em>.<\/p>\n<p><strong><span>Thema 2<\/span><\/strong><span>: Erste Begegnungen<\/span><\/p>\n<p><strong><span>Handlungsorientierte Aufgaben:<\/span><\/strong><span> sich nach dem Befinden erkundigen &gt; jdn. Vorstellen &gt; pers\u00f6nliche Informationen (z.B. Wohnort und Staatsangeh\u00f6rigkeit) erfragen und diese geben &gt; sich nach dem Beruf von anderen erkundigen &gt; einen Post f\u00fcr einen Internetblog schreiben &gt; um Leute kennenzulernen und einen Job &gt; eine Wohnung u.m. zu suchen &gt; Sprachkenntnisse erfragen und nennen &gt; etwas bedauern &gt; sich nach dem Alter fragen und dieses angeben &gt; sich mit jdm. Verabreden die Grundzahlen bis 100. &#8211; <\/span><strong><span>Grammar<\/span><\/strong><span>: regelm\u00e4\u00dfige Verben auf &#8211;<em>are<\/em> &gt; das Substantiv und der bestimmte Artikel (Singular) &gt; die Verneinung &gt; der unbestimmte Artikel &gt; die Demonstrativpronomen <em>questo<\/em>\/<em>questa <\/em>&gt; die Pr\u00e4positionen <em>a<\/em>, <em>in <\/em>and <em>di <\/em>&gt; die Fragepronomen <em>che<\/em>, <em>chi<\/em>, <em>dove<\/em>, <em>quanti<\/em>.<\/span><\/p>\n<p><strong><span>Thema 3<\/span><\/strong><span>: In der Bar und im Restaurant<\/span><\/p>\n<p><strong><span>Handlungsorientierte Aufgaben:<\/span><\/strong><span> Speisen und Getr\u00e4nke in einer Bar ausw\u00e4hlen und bestellen &gt; im Restaurant ein italienisches Men\u00fc verstehen &gt; sich vom Kellner beraten lassen und etwas bestellen &gt; um etwas bitten &gt; den Tisch decken: Geschirr und Bestecken &gt; sagen was auf dem Tisch fehlt &gt; die Rechnung im Restaurant verlangen &gt; eine telefonische Reservierung machen &gt; unterschiedliche Bezeichnungen f\u00fcr Caf\u00e8s und Restaurants in Italien. &#8211; <\/span><strong><span>Grammar<\/span><\/strong><span>: regelm\u00e4\u00dfige Verben auf &#8211;<em>ere <\/em>and <em>-ire <\/em>&gt; die Pluralbildung der Substantive &gt; der bestimmte Artikel (Plural) &gt; die Fragepronomen <em>che cosa<\/em>, <em>quali<\/em>, <em>quante <\/em>&gt; bene\/buono.<\/span><\/p>\n<p><strong><span>Thema 4 <\/span><\/strong><span>(evtl.): Alltag und Freizeit<\/span><\/p>\n<p><strong><span>Handlungsorientierte Aufgaben:<\/span><\/strong><span> \u00dcber Freizeitbesch\u00e4ftigungen sprechen (Einf\u00fchrung), &#8211; <\/span><strong><span>Grammar<\/span><\/strong><span>: unregelm\u00e4\u00dfigen Verben: <em>andare<\/em>, <em>fare<\/em>, <em>uscire<\/em> &gt; Zeitangaben.<\/span><\/p>\n<\/div><\/div><\/div><\/div><\/div><\/div><\/div><\/section><section class=\"l-section wpb_row height_small color_alternate\"><div class=\"l-section-h i-cf\"><div class=\"g-cols vc_row via_flex valign_top type_default stacking_default\"><div class=\"vc_col-sm-3 wpb_column vc_column_container\"><div class=\"vc_column-inner\"><div class=\"wpb_wrapper\"><div class=\"wpb_text_column\"><div class=\"wpb_wrapper\"><p><img loading=\"lazy\" decoding=\"async\" class=\"alignnone wp-image-1120 size-full\" src=\"https:\/\/www.italienisch-werkstatt.de\/wp-content\/uploads\/2020\/11\/Italienisch-Sprachdienstleistungen-in-Berlin-1.jpg\" alt=\"Interessante Kursprogramm Superintensivkurs Italienisch \u2013 A1.1\" width=\"734\" height=\"539\" \/><\/p>\n<\/div><\/div><\/div><\/div><\/div><div class=\"vc_col-sm-9 wpb_column vc_column_container\"><div class=\"vc_column-inner\"><div class=\"wpb_wrapper\"><div class=\"wpb_text_column\"><div class=\"wpb_wrapper\"><p>Sie wissen nicht welches Niveau Sie haben? Informieren Sie sich jetzt \u00fcber <a href=\"https:\/\/www.italienisch-werkstatt.de\/en\/einstufungstest-italienisch\" target=\"_blank\" rel=\"noopener\">unseren Italienisch-Einstufungstest<\/a> und testen Sie kostenlos Ihre Sprachkenntnisse<\/p>\n<p><em>Unsere Sprachniveaus sind nach den Kriterien des <a href=\"https:\/\/www.europaeischer-referenzrahmen.de\/sprachniveau.php\" target=\"_blank\" rel=\"noopener\">Common European Framework of Reference for Languages (CEFR)<\/a> definiert. Dieses System teilt Ihre Italienischkenntnisse in vier Fertigkeiten ein: schriftliches und m\u00fcndliches Verst\u00e4ndnis sowie schriftlicher und m\u00fcndlicher Ausdruck.<\/em><\/p>\n<\/div><\/div><\/div><\/div><\/div><\/div><\/div><\/section>","protected":false},"excerpt":{"rendered":"Kursprogramm Superintensivkurs Italienisch \u2013 A1.1 Die Kursinhalte orientieren sich bei den thematischen Inhalten als auch bei Wortschatz und Grammatik an den GER-Niveaus A1.1. Kursprogramm Superintensiv:\u00a0Thematischer Inhalt \/ Lernziel: Thema 1: Erste Kontakte Handlungsorientierte Aufgaben: jdn. Begr\u00fc\u00dfen &gt; nach dem Namen fragen &gt; sich vorstellen &gt; die Herkunft erfragen und angeben &gt; sich verabschieden &gt; bis...","protected":false},"author":13,"featured_media":0,"parent":0,"menu_order":9,"comment_status":"closed","ping_status":"closed","template":"","meta":{"_acf_changed":false,"footnotes":""},"class_list":["post-8239","page","type-page","status-publish","hentry"],"acf":[],"_links":{"self":[{"href":"https:\/\/www.italienisch-werkstatt.de\/en\/wp-json\/wp\/v2\/pages\/8239","targetHints":{"allow":["GET"]}}],"collection":[{"href":"https:\/\/www.italienisch-werkstatt.de\/en\/wp-json\/wp\/v2\/pages"}],"about":[{"href":"https:\/\/www.italienisch-werkstatt.de\/en\/wp-json\/wp\/v2\/types\/page"}],"author":[{"embeddable":true,"href":"https:\/\/www.italienisch-werkstatt.de\/en\/wp-json\/wp\/v2\/users\/13"}],"replies":[{"embeddable":true,"href":"https:\/\/www.italienisch-werkstatt.de\/en\/wp-json\/wp\/v2\/comments?post=8239"}],"version-history":[{"count":7,"href":"https:\/\/www.italienisch-werkstatt.de\/en\/wp-json\/wp\/v2\/pages\/8239\/revisions"}],"predecessor-version":[{"id":8697,"href":"https:\/\/www.italienisch-werkstatt.de\/en\/wp-json\/wp\/v2\/pages\/8239\/revisions\/8697"}],"wp:attachment":[{"href":"https:\/\/www.italienisch-werkstatt.de\/en\/wp-json\/wp\/v2\/media?parent=8239"}],"curies":[{"name":"wp","href":"https:\/\/api.w.org\/{rel}","templated":true}]}}