{"id":6766,"date":"2025-03-27T21:46:36","date_gmt":"2025-03-27T20:46:36","guid":{"rendered":"https:\/\/www.italienisch-werkstatt.de\/?page_id=6766"},"modified":"2025-10-09T12:48:31","modified_gmt":"2025-10-09T10:48:31","slug":"sprachberatung","status":"publish","type":"page","link":"https:\/\/www.italienisch-werkstatt.de\/en\/sprachberatung","title":{"rendered":"Sprachberatung &#8211; Online und kostenfrei"},"content":{"rendered":"<section class=\"l-section wpb_row height_auto color_alternate\"><div class=\"l-section-h i-cf\"><div class=\"g-cols vc_row via_flex valign_top type_default stacking_default\"><div class=\"vc_col-sm-12 vc_col-lg-offset-2 vc_col-lg-8 vc_col-md-offset-2 vc_col-md-8 wpb_column vc_column_container\"><div class=\"vc_column-inner\"><div class=\"wpb_wrapper\"><div class=\"w-separator size_small\"><\/div><div class=\"wpb_text_column\"><div class=\"wpb_wrapper\"><h1>Personal language counselling<\/h1>\n<h2>Online and free of charge!<\/h2>\n<\/div><\/div><\/div><\/div><\/div><\/div><\/div><\/section><section class=\"l-section wpb_row height_small color_alternate\"><div class=\"l-section-h i-cf\"><div class=\"g-cols vc_row via_flex valign_top type_default stacking_default\"><div class=\"vc_col-sm-4 vc_col-lg-offset-2 vc_col-lg-3 vc_col-md-offset-2 vc_col-md-3 wpb_column vc_column_container\"><div class=\"vc_column-inner us_custom_20425c3a\"><div class=\"vc_column-overlay\" style=\"background:var(--color-content-bg-alt)\"><\/div><div class=\"wpb_wrapper\"><div class=\"wpb_text_column\"><div class=\"wpb_wrapper\"><h2 style=\"text-align: center;\"><strong>Step 1<\/strong><\/h2>\n<p style=\"text-align: center;\"><strong> Find and book an appointment<\/strong><\/p>\n<\/div><\/div><div class=\"w-btn-wrapper align_center\"><a class=\"w-btn us-btn-style_9 us_custom_eb849559\" target=\"_blank\" href=\"https:\/\/www.italienisch-werkstatt.de\/en\/sprachberatung-reservieren\"><span class=\"w-btn-label\">Book an appointment<\/span><\/a><\/div><div class=\"wpb_text_column\"><div class=\"wpb_wrapper\"><hr \/>\n<p style=\"text-align: center;\">You will receive a link from us for the Zoom meeting<\/p>\n<p style=\"text-align: center;\"><i class=\"material-icons\" style=\"font-size: 60px;\"><a href=\"https:\/\/www.italienisch-werkstatt.de\/en\/sprachberatung-reservieren\" target=\"_blank\" rel=\"noopener\"><i class=\"material-icons\" style=\"font-size: 60px; color: #333333;\">calendar_month<\/i><\/a><\/i><\/p>\n<\/div><\/div><\/div><\/div><\/div><div class=\"vc_col-sm-4 vc_col-lg-3 vc_col-md-3 wpb_column vc_column_container\"><div class=\"vc_column-inner us_custom_20425c3a\"><div class=\"vc_column-overlay\" style=\"background:var(--color-content-bg-alt)\"><\/div><div class=\"wpb_wrapper\"><div class=\"wpb_text_column\"><div class=\"wpb_wrapper\"><h2 style=\"text-align: center;\"><strong>Step 2 *<\/strong><\/h2>\n<p style=\"text-align: center;\" class=\"translation-block\"><strong>You can test your knowledge in advance with our online assessment tests<\/strong><\/p>\n<\/div><\/div><div class=\"w-btn-wrapper align_center\"><a class=\"w-btn us-btn-style_9 us_custom_eb849559\" target=\"_blank\" title=\"Take a test\" href=\"https:\/\/www.italienisch-werkstatt.de\/en\/testen-sie-ihr-italienisch-mit-einem-gratis-online-einstufungstest\"><span class=\"w-btn-label\">Take a test<\/span><\/a><\/div><div class=\"wpb_text_column\"><div class=\"wpb_wrapper\"><hr \/>\n<p style=\"text-align: center;\">* You can skip this step and book your consultation appointment directly.<\/p>\n<p style=\"text-align: center;\"><i class=\"material-icons\" style=\"font-size: 60px;\"><a href=\"https:\/\/www.italienisch-werkstatt.de\/en\/testen-sie-ihr-italienisch-mit-einem-gratis-online-einstufungstest\" target=\"_blank\" rel=\"noopener\"><i class=\"material-icons\" style=\"font-size: 60px; color: #333333;\">dvr<\/i><\/a><\/i><\/p>\n<\/div><\/div><\/div><\/div><\/div><div class=\"vc_col-sm-4 vc_col-lg-3 vc_col-md-3 wpb_column vc_column_container\"><div class=\"vc_column-inner us_custom_20425c3a\"><div class=\"vc_column-overlay\" style=\"background:var(--color-content-bg-alt)\"><\/div><div class=\"wpb_wrapper\"><div class=\"wpb_text_column\"><div class=\"wpb_wrapper\"><h2 style=\"text-align: center;\"><strong>Step 3<\/strong><\/h2>\n<p style=\"text-align: center;\"><strong>Individual counselling with qualified teachers<\/strong><\/p>\n<p><img loading=\"lazy\" decoding=\"async\" class=\"size-medium wp-image-6767 aligncenter\" src=\"http:\/\/www.italienisch-werkstatt.de\/wp-content\/uploads\/2025\/03\/Sprachberatung-Icon-300x167.jpg\" alt=\"Sprachberatung\" width=\"300\" height=\"167\" srcset=\"https:\/\/www.italienisch-werkstatt.de\/wp-content\/uploads\/2025\/03\/Sprachberatung-Icon-300x167.jpg 300w, https:\/\/www.italienisch-werkstatt.de\/wp-content\/uploads\/2025\/03\/Sprachberatung-Icon-1024x571.jpg 1024w, https:\/\/www.italienisch-werkstatt.de\/wp-content\/uploads\/2025\/03\/Sprachberatung-Icon-18x10.jpg 18w, https:\/\/www.italienisch-werkstatt.de\/wp-content\/uploads\/2025\/03\/Sprachberatung-Icon-600x335.jpg 600w, https:\/\/www.italienisch-werkstatt.de\/wp-content\/uploads\/2025\/03\/Sprachberatung-Icon.jpg 1092w\" sizes=\"auto, (max-width: 300px) 100vw, 300px\" \/><\/p>\n<p style=\"text-align: center;\">We will discuss the assessment test and advise you on a suitable course free of charge and without obligation.<\/p>\n<\/div><\/div><\/div><\/div><\/div><\/div><\/div><\/section><section class=\"l-section wpb_row height_auto color_alternate\"><div class=\"l-section-h i-cf\"><div class=\"g-cols vc_row via_flex valign_top type_default stacking_default\"><div class=\"vc_col-sm-8 vc_col-lg-offset-2 vc_col-lg-8 vc_col-md-offset-2 vc_col-md-8 wpb_column vc_column_container\"><div class=\"vc_column-inner\"><div class=\"wpb_wrapper\"><div class=\"w-separator size_small with_line width_default thick_1 style_solid color_border align_center\"><div class=\"w-separator-h\"><\/div><\/div><div class=\"wpb_text_column\"><div class=\"wpb_wrapper\"><h2>Personal counselling to determine your foreign language level<\/h2>\n<\/div><\/div><div class=\"wpb_text_column\"><div class=\"wpb_wrapper\"><p>At the Italienisch-Werkstatt, we want to make sure that you find the language course that best suits your previous knowledge and learning goals. <span>In addition to the <a href=\"https:\/\/www.italienisch-werkstatt.de\/en\/einstufungstest-italienisch\" target=\"_blank\" rel=\"noopener\">personal language counselling at our school<\/a><\/span><span>, we now offer personal assessment counselling ONLINE to interested parties who do not live in Berlin or have limited time.<\/span><\/p>\n<p>Our experienced specialist advisors will conduct an individual consultation with you to determine your language skills and recommend the right course for you. All free of charge!<\/p>\n<p>On the day you have booked, connect with us using the Zoom link. We will discuss the results of your assessment test with you and will be happy to advise you on the most suitable course. Do you have specific goals and wishes? We will also be happy to draw up a medium and long-term plan for your learning path.<\/p>\n<p>The consultation lasts 15 to 20 minutes and is of course non-binding and free of charge.<\/p>\n<\/div><\/div><div class=\"w-separator size_small\"><\/div><\/div><\/div><\/div><\/div><\/div><\/section>","protected":false},"excerpt":{"rendered":"Pers\u00f6nliche Sprachberatung Online und kostenfrei! Schritt 1 Termin finden und reservieren Termin reservieren Sie erhalten von uns einen Link f\u00fcr das Zoom-Meeting calendar_month Schritt 2 * Sie k\u00f6nnen Ihre Kenntnisse mit unseren Online-Einstufungstest\u00a0selbst\u00a0vorab einsch\u00e4tzen Test durchf\u00fchren * Sie k\u00f6nnen diesen Schritt \u00fcberspringen und Ihren Beratungstermin direkt buchen. dvr Schritt 3 Beratung mit qualifizierten Lehrerinnen Wir...","protected":false},"author":13,"featured_media":0,"parent":0,"menu_order":16,"comment_status":"closed","ping_status":"closed","template":"","meta":{"_acf_changed":false,"footnotes":""},"class_list":["post-6766","page","type-page","status-publish","hentry"],"acf":[],"_links":{"self":[{"href":"https:\/\/www.italienisch-werkstatt.de\/en\/wp-json\/wp\/v2\/pages\/6766","targetHints":{"allow":["GET"]}}],"collection":[{"href":"https:\/\/www.italienisch-werkstatt.de\/en\/wp-json\/wp\/v2\/pages"}],"about":[{"href":"https:\/\/www.italienisch-werkstatt.de\/en\/wp-json\/wp\/v2\/types\/page"}],"author":[{"embeddable":true,"href":"https:\/\/www.italienisch-werkstatt.de\/en\/wp-json\/wp\/v2\/users\/13"}],"replies":[{"embeddable":true,"href":"https:\/\/www.italienisch-werkstatt.de\/en\/wp-json\/wp\/v2\/comments?post=6766"}],"version-history":[{"count":22,"href":"https:\/\/www.italienisch-werkstatt.de\/en\/wp-json\/wp\/v2\/pages\/6766\/revisions"}],"predecessor-version":[{"id":7769,"href":"https:\/\/www.italienisch-werkstatt.de\/en\/wp-json\/wp\/v2\/pages\/6766\/revisions\/7769"}],"wp:attachment":[{"href":"https:\/\/www.italienisch-werkstatt.de\/en\/wp-json\/wp\/v2\/media?parent=6766"}],"curies":[{"name":"wp","href":"https:\/\/api.w.org\/{rel}","templated":true}]}}