{"id":6203,"date":"2024-12-08T20:21:04","date_gmt":"2024-12-08T19:21:04","guid":{"rendered":"https:\/\/www.italienisch-werkstatt.de\/?page_id=6203"},"modified":"2025-02-19T10:55:04","modified_gmt":"2025-02-19T09:55:04","slug":"preise-online-italienisch-sprachkurse","status":"publish","type":"page","link":"https:\/\/www.italienisch-werkstatt.de\/en\/preise-online-italienisch-sprachkurse","title":{"rendered":"Preise Online Italienisch-Sprachkurse"},"content":{"rendered":"<section class=\"l-section wpb_row height_small color_alternate\"><div class=\"l-section-h i-cf\"><div class=\"g-cols vc_row via_flex valign_top type_default stacking_default\"><div class=\"vc_col-sm-12 vc_col-lg-offset-2 vc_col-lg-8 vc_col-md-offset-2 vc_col-md-8 wpb_column vc_column_container\"><div class=\"vc_column-inner\"><div class=\"wpb_wrapper\"><div class=\"wpb_text_column\"><div class=\"wpb_wrapper\"><h1><strong>Online Prices<\/strong><\/h1>\n<\/div><\/div><div class=\"wpb_text_column\"><div class=\"wpb_wrapper\"><p class=\"translation-block\">Our <a href=\"https:\/\/www.italienisch-werkstatt.de\/en\/sprachkurse-online\/\" target=\"_blank\" rel=\"noopener\">online coures<\/a> can have different formats. The following prices apply:<\/p>\n<table style=\"width: 59.6784%; border-collapse: collapse; height: 27px;\">\n<tbody>\n<tr>\n<td style=\"width: 100%; border-style: solid; border-color: #00470f; background-color: #f6f6f6;\"><strong>Group Courses<\/strong><\/td>\n<\/tr>\n<\/tbody>\n<\/table>\n<table style=\"border-collapse: collapse; width: 59.7959%;\">\n<tbody>\n<tr>\n<td style=\"width: 68.8741%;\">10 x 90 minutes<\/td>\n<td style=\"width: 84.4549%; text-align: right;\">165,00 \u20ac<\/td>\n<\/tr>\n<tr>\n<td style=\"width: 68.8741%;\">10 x 75 minutes<\/td>\n<td style=\"width: 84.4549%; text-align: right;\">140,00 \u20ac<\/td>\n<\/tr>\n<tr>\n<td style=\"width: 68.8741%;\">10 x 60 minutes<\/td>\n<td style=\"width: 84.4549%; text-align: right;\">\u00a0110,00 \u20ac<\/td>\n<\/tr>\n<\/tbody>\n<\/table>\n<table style=\"width: 59.6784%; border-collapse: collapse; height: 27px;\">\n<tbody>\n<tr>\n<td style=\"width: 100%; border-style: solid; border-color: #00470f; background-color: #f6f6f6;\"><strong>Private lessons - 10 x 90 minutes<\/strong><\/td>\n<\/tr>\n<\/tbody>\n<\/table>\n<table style=\"border-collapse: collapse; width: 60%;\">\n<tbody>\n<tr>\n<td style=\"width: 41.041%;\">1 person<\/td>\n<td style=\"width: 18.959%; text-align: right;\">600,00 \u20ac<\/td>\n<\/tr>\n<tr>\n<td style=\"width: 41.041%;\">2 people<\/td>\n<td style=\"width: 18.959%; text-align: right;\">360,00 \u20ac p.P.<\/td>\n<\/tr>\n<tr>\n<td style=\"width: 41.041%;\">3 people<\/td>\n<td style=\"width: 18.959%; text-align: right;\">260,00 \u20ac p.P.<\/td>\n<\/tr>\n<\/tbody>\n<\/table>\n<table style=\"width: 59.6784%; border-collapse: collapse; height: 27px;\">\n<tbody>\n<tr>\n<td style=\"width: 100%; border-style: solid; border-color: #00470f; background-color: #f6f6f6;\"><strong>Private lessons - 10 x 60 minutes<\/strong><\/td>\n<\/tr>\n<\/tbody>\n<\/table>\n<table style=\"border-collapse: collapse; width: 60%;\">\n<tbody>\n<tr>\n<td style=\"width: 41.041%;\">1 person<\/td>\n<td style=\"width: 18.959%; text-align: right;\">450,00 \u20ac<\/td>\n<\/tr>\n<tr>\n<td style=\"width: 41.041%;\">2 people<\/td>\n<td style=\"width: 18.959%; text-align: right;\">270,00 \u20ac p.P.<\/td>\n<\/tr>\n<tr>\n<td style=\"width: 41.041%;\">3 people<\/td>\n<td style=\"width: 18.959%; text-align: right;\">200,00 \u20ac p.P.<\/td>\n<\/tr>\n<\/tbody>\n<\/table>\n<\/div><\/div><div class=\"wpb_text_column\"><div class=\"wpb_wrapper\"><h2>Calculation for joining a running group course<\/h2>\n<p class=\"translation-block\">If you <strong>join a running course<\/strong> you pay for the next ten lessons from the day you join, including the lessons of the follow-up course. For example, if you join at lesson five, you are entitled to a further five lessons of the follow-up course. If no follow-up course is possible, the money for the outstanding lessons will be refunded.<\/p>\n<\/div><\/div><div class=\"wpb_text_column\"><div class=\"wpb_wrapper\"><h2>Our free trial lesson<\/h2>\n<p class=\"translation-block\">Interested parties can book a one-off <strong>free trial lesson<\/strong> (90 min.) in an existing course. If you subsequently register, the trial lesson counts as the first lesson of the course. Trial lessons are only possible on the first date of new beginners' courses if there are free places available on the day the course starts<\/p>\n<\/div><\/div><\/div><\/div><\/div><\/div><\/div><\/section><section class=\"l-section wpb_row height_small\"><div class=\"l-section-h i-cf\"><div class=\"g-cols vc_row via_flex valign_top type_default stacking_default\"><div class=\"vc_col-sm-12 vc_col-lg-offset-2 vc_col-lg-8 vc_col-md-offset-2 vc_col-md-8 wpb_column vc_column_container\"><div class=\"vc_column-inner\"><div class=\"wpb_wrapper\"><div class=\"wpb_text_column\"><div class=\"wpb_wrapper\"><h2>Personal language counselling<\/h2>\n<p class=\"translation-block\">Our personal language counselling with an Italian <a href=\"https:\/\/www.italienisch-werkstatt.de\/en\/einstufungstest-italienisch\/\" target=\"_self\">assessment test<\/a> and subsequent discussion costs 30 euros (duration 60-75 minutes).<\/p>\n<p class=\"translation-block\">If you use our free online <a href=\"https:\/\/www.italienisch-werkstatt.de\/en\/einstufungstest-italienisch\/\" target=\"_blank\" rel=\"noopener\">assessment test<\/a>, we also offer a short free language consultation (15 minutes) - in person at our office or online via Zoom.<\/p>\n<p>Simply make an appointment for an assessment of your language level and to receive more information about your Italian language course.<\/p>\n<\/div><\/div><\/div><\/div><\/div><\/div><\/div><\/section><section class=\"l-section wpb_row height_small color_alternate\"><div class=\"l-section-h i-cf\"><div class=\"g-cols vc_row via_flex valign_top type_default stacking_default\"><div class=\"vc_col-sm-12 vc_col-lg-offset-2 vc_col-lg-8 vc_col-md-offset-2 vc_col-md-8 wpb_column vc_column_container\"><div class=\"vc_column-inner\"><div class=\"wpb_wrapper\"><div class=\"wpb_text_column\"><div class=\"wpb_wrapper\"><p>Value added tax is not applicable due to \u00a74 No.21 a) bb) UStG.<\/p>\n<\/div><\/div><div class=\"w-separator size_small\"><\/div><\/div><\/div><\/div><\/div><\/div><\/section>","protected":false},"excerpt":{"rendered":"Online-Preise Unsere Onlinekurse k\u00f6nnen unterschiedliche Formate haben, f\u00fcr die je nach Umfang folgende Geb\u00fchren gelten: Gruppenkurse 10 x 90 Minuten 165,00 \u20ac 10 x 75 Minuten 140,00 \u20ac 10 x 60 Minuten \u00a0110,00 \u20ac Privatunterricht &#8211; 10 x 90 Minuten 1 Person 600,00 \u20ac 2 Personen 360,00 \u20ac p.P. 3 Personen 260,00 \u20ac p.P. Privatunterricht...","protected":false},"author":13,"featured_media":0,"parent":0,"menu_order":17,"comment_status":"closed","ping_status":"closed","template":"","meta":{"_acf_changed":false,"footnotes":""},"class_list":["post-6203","page","type-page","status-publish","hentry"],"acf":[],"_links":{"self":[{"href":"https:\/\/www.italienisch-werkstatt.de\/en\/wp-json\/wp\/v2\/pages\/6203","targetHints":{"allow":["GET"]}}],"collection":[{"href":"https:\/\/www.italienisch-werkstatt.de\/en\/wp-json\/wp\/v2\/pages"}],"about":[{"href":"https:\/\/www.italienisch-werkstatt.de\/en\/wp-json\/wp\/v2\/types\/page"}],"author":[{"embeddable":true,"href":"https:\/\/www.italienisch-werkstatt.de\/en\/wp-json\/wp\/v2\/users\/13"}],"replies":[{"embeddable":true,"href":"https:\/\/www.italienisch-werkstatt.de\/en\/wp-json\/wp\/v2\/comments?post=6203"}],"version-history":[{"count":7,"href":"https:\/\/www.italienisch-werkstatt.de\/en\/wp-json\/wp\/v2\/pages\/6203\/revisions"}],"predecessor-version":[{"id":6560,"href":"https:\/\/www.italienisch-werkstatt.de\/en\/wp-json\/wp\/v2\/pages\/6203\/revisions\/6560"}],"wp:attachment":[{"href":"https:\/\/www.italienisch-werkstatt.de\/en\/wp-json\/wp\/v2\/media?parent=6203"}],"curies":[{"name":"wp","href":"https:\/\/api.w.org\/{rel}","templated":true}]}}