{"id":446,"date":"2020-07-29T11:39:38","date_gmt":"2020-07-29T11:39:38","guid":{"rendered":"https:\/\/italienisch-werkstatt.de\/?page_id=446"},"modified":"2025-02-19T12:57:17","modified_gmt":"2025-02-19T11:57:17","slug":"adressen-und-schulungsorte","status":"publish","type":"page","link":"https:\/\/www.italienisch-werkstatt.de\/en\/adressen-und-schulungsorte","title":{"rendered":"Address and training location"},"content":{"rendered":"<section class=\"l-section wpb_row us_custom_a40275d7 height_small color_alternate\"><div class=\"l-section-h i-cf\"><div class=\"g-cols vc_row via_flex valign_top type_default stacking_default\"><div class=\"vc_col-sm-6 vc_col-lg-offset-2 vc_col-lg-8 vc_col-md-offset-2 vc_col-md-8 wpb_column vc_column_container\"><div class=\"vc_column-inner\"><div class=\"wpb_wrapper\"><div class=\"wpb_text_column\"><div class=\"wpb_wrapper\"><h1>Our language schools<\/h1>\n<\/div><\/div><\/div><\/div><\/div><\/div><\/div><\/section><section class=\"l-section wpb_row us_custom_dfddb007 height_small color_alternate\"><div class=\"l-section-h i-cf\"><div class=\"g-cols vc_row via_flex valign_top type_default stacking_default\"><div class=\"vc_col-sm-6 vc_col-lg-offset-2 vc_col-lg-4 vc_col-md-offset-2 vc_col-md-4 wpb_column vc_column_container\"><div class=\"vc_column-inner\"><div class=\"wpb_wrapper\"><div class=\"wpb_text_column\"><div class=\"wpb_wrapper\"><h2>Training location 1<\/h2>\n<h3><strong>Helmstedter Str. 7 in 10717 Berlin-Wilmersdorf<\/strong><\/h3>\n<\/div><\/div><div class=\"w-image align_none\"><div class=\"w-image-h\"><img decoding=\"async\" width=\"517\" height=\"370\" src=\"https:\/\/www.italienisch-werkstatt.de\/wp-content\/uploads\/2020\/11\/Pragerplatz-Wilmersdorf.jpg\" class=\"attachment-full size-full\" alt=\"Pragerplatz Wilmersdorf\" loading=\"lazy\" srcset=\"https:\/\/www.italienisch-werkstatt.de\/wp-content\/uploads\/2020\/11\/Pragerplatz-Wilmersdorf.jpg 517w, https:\/\/www.italienisch-werkstatt.de\/wp-content\/uploads\/2020\/11\/Pragerplatz-Wilmersdorf-300x215.jpg 300w\" sizes=\"auto, (max-width: 517px) 100vw, 517px\" \/><\/div><\/div><\/div><\/div><\/div><div class=\"vc_col-sm-6 vc_col-lg-4 vc_col-md-4 wpb_column vc_column_container\"><div class=\"vc_column-inner\"><div class=\"wpb_wrapper\"><div class=\"wpb_text_column\"><div class=\"wpb_wrapper\"><h2>Training location 2<\/h2>\n<h3><strong>Go\u00dflerstra\u00dfe 10 in 12161 Berlin-Friedenau<\/strong><\/h3>\n<\/div><\/div><div class=\"w-image align_none\"><div class=\"w-image-h\"><img decoding=\"async\" width=\"2048\" height=\"1536\" src=\"https:\/\/www.italienisch-werkstatt.de\/wp-content\/uploads\/2024\/05\/Tag-der-offenen-Tuer-1.jpg\" class=\"attachment-full size-full\" alt=\"Schulungsraum Go\u00dflerstra\u00dfe\" loading=\"lazy\" srcset=\"https:\/\/www.italienisch-werkstatt.de\/wp-content\/uploads\/2024\/05\/Tag-der-offenen-Tuer-1.jpg 2048w, https:\/\/www.italienisch-werkstatt.de\/wp-content\/uploads\/2024\/05\/Tag-der-offenen-Tuer-1-300x225.jpg 300w, https:\/\/www.italienisch-werkstatt.de\/wp-content\/uploads\/2024\/05\/Tag-der-offenen-Tuer-1-1024x768.jpg 1024w, https:\/\/www.italienisch-werkstatt.de\/wp-content\/uploads\/2024\/05\/Tag-der-offenen-Tuer-1-600x450.jpg 600w\" sizes=\"auto, (max-width: 2048px) 100vw, 2048px\" \/><\/div><\/div><div class=\"wpb_text_column us_custom_7557402f\"><div class=\"wpb_wrapper\"><p>Note: The address Go\u00dflerstra\u00dfe 10 has three entrances! Our entrance is right next to the Mortifami restaurant.<\/p>\n<\/div><\/div><\/div><\/div><\/div><\/div><\/div><\/section><section class=\"l-section wpb_row height_small\"><div class=\"l-section-h i-cf\"><div class=\"g-cols vc_row via_flex valign_top type_default stacking_default\"><div class=\"vc_col-sm-6 vc_col-lg-offset-2 vc_col-lg-4 vc_col-md-offset-2 vc_col-md-4 wpb_column vc_column_container\"><div class=\"vc_column-inner\"><div class=\"wpb_wrapper\"><div class=\"wpb_text_column\"><div class=\"wpb_wrapper\"><h2>How do I get to the Italian workshop location in Berlin-Wilmersdorf?<\/h2>\n<p>Our first location is in the Charlottenburg-Wilmersdorf district, in the heart of City West: 3 minutes' walk from G\u00fcntzelstra\u00dfe underground station (U9) and four minutes from Berliner Str. underground station (U7 and U9). Our language school is 20 minutes (public transport) from Mitte and is very well connected to the whole city.<\/p>\n<p>The nearest possible underground stations:<\/p>\n<\/div><\/div><div class=\"wpb_text_column\"><div class=\"wpb_wrapper\"><p><strong>G\u00fcntzelstra\u00dfe<\/strong><\/p>\n<\/div><\/div><div class=\"wpb_text_column\"><div class=\"wpb_wrapper\"><p>Connection with U9, N9<\/p>\n<\/div><\/div><div class=\"wpb_text_column\"><div class=\"wpb_wrapper\"><p><strong>Berliner Strasse<\/strong><\/p>\n<\/div><\/div><div class=\"wpb_text_column\"><div class=\"wpb_wrapper\"><p>Connection with U7, U9, 104, N42<\/p>\n<\/div><\/div><div class=\"wpb_text_column\"><div class=\"wpb_wrapper\"><p><strong>Bayerischer Platz<\/strong><\/p>\n<\/div><\/div><div class=\"wpb_text_column\"><div class=\"wpb_wrapper\"><p>Connection with U4, U7<\/p>\n<\/div><\/div><div class=\"wpb_text_column\"><div class=\"wpb_wrapper\"><p><iframe loading=\"lazy\" style=\"border: 0;\" tabindex=\"0\" src=\"https:\/\/www.google.com\/maps\/embed?pb=!1m18!1m12!1m3!1d2429.3775077575733!2d13.331928616006396!3d52.490405746174204!2m3!1f0!2f0!3f0!3m2!1i1024!2i768!4f13.1!3m3!1m2!1s0x47a8505ed85adc1f%3A0xeefe61bac8434b3b!2sHelmstedter%20Str.%207%2C%2010717%20Berlin!5e0!3m2!1sde!2sde!4v1612433213204!5m2!1sde!2sde\" width=\"100%\" height=\"450\" frameborder=\"0\" allowfullscreen=\"allowfullscreen\" aria-hidden=\"false\"><span data-mce-type=\"bookmark\" style=\"display: inline-block; width: 0px; overflow: hidden; line-height: 0;\" class=\"mce_SELRES_start\"><\/span><\/iframe><\/p>\n<\/div><\/div><\/div><\/div><\/div><div class=\"vc_col-sm-6 vc_col-lg-4 vc_col-md-4 wpb_column vc_column_container\"><div class=\"vc_column-inner\"><div class=\"wpb_wrapper\"><div class=\"wpb_text_column\"><div class=\"wpb_wrapper\"><h2>How do I get to the Italian workshop location in Berlin-Friedenau?<\/h2>\n<p>Our second location is in the Friedenau district: a 3-minute walk from Friedrich-Wilhelm-Platz underground station.<\/p>\n<\/div><\/div><div class=\"wpb_text_column\"><div class=\"wpb_wrapper\"><p><strong>Friedrich-Wilhelm-Platz<\/strong><\/p>\n<\/div><\/div><div class=\"wpb_text_column\"><div class=\"wpb_wrapper\"><p>Connection with U9, N9, 186, 246<\/p>\n<\/div><\/div><div class=\"wpb_text_column\"><div class=\"wpb_wrapper\"><p><iframe loading=\"lazy\" style=\"border: 0;\" src=\"https:\/\/www.google.com\/maps\/embed?pb=!1m18!1m12!1m3!1d2430.4993711013744!2d13.32093018242033!3d52.47009351027207!2m3!1f0!2f0!3f0!3m2!1i1024!2i768!4f13.1!3m3!1m2!1s0x47a8507e98252021%3A0x477c7c302543edc4!2sGo%C3%9Flerstra%C3%9Fe%2010%2C%2012161%20Berlin!5e0!3m2!1sen!2sde!4v1710846876820!5m2!1sen!2sde\" width=\"600\" height=\"450\" allowfullscreen=\"allowfullscreen\"><\/iframe><\/p>\n<\/div><\/div><\/div><\/div><\/div><\/div><\/div><\/section><section class=\"l-section wpb_row height_auto width_full\"><div class=\"l-section-h i-cf\"><div class=\"g-cols vc_row via_flex valign_top type_default stacking_default\"><div class=\"vc_col-sm-12 vc_col-lg-offset-2 vc_col-lg-8 vc_col-md-offset-2 vc_col-md-8 wpb_column vc_column_container\"><div class=\"vc_column-inner\"><div class=\"wpb_wrapper\"><\/div><\/div><\/div><\/div><\/div><\/section>","protected":false},"excerpt":{"rendered":"Unsere Sprachschulen Schulungsort 1 Helmstedter Str. 7 in 10717 Berlin-Wilmersdorf Schulungsort 2 Go\u00dflerstra\u00dfe 10 in 12161 Berlin-Friedenau Hinweis: Die Adresse Go\u00dflerstra\u00dfe 10 hat drei Eing\u00e4nge! Unser Eingang liegt direkt neben dem Restaurant Mortifami. Wie komme ich zum Italienischen Werkstatt-Standort in Berlin-Wilmersdorf? Unser erster Standort liegt im Bezirk Charlottenburg-Wilmersdorf, im Herzen der City West: 3 Minuten...","protected":false},"author":1,"featured_media":0,"parent":0,"menu_order":2,"comment_status":"closed","ping_status":"closed","template":"","meta":{"_acf_changed":false,"footnotes":""},"class_list":["post-446","page","type-page","status-publish","hentry"],"acf":[],"_links":{"self":[{"href":"https:\/\/www.italienisch-werkstatt.de\/en\/wp-json\/wp\/v2\/pages\/446","targetHints":{"allow":["GET"]}}],"collection":[{"href":"https:\/\/www.italienisch-werkstatt.de\/en\/wp-json\/wp\/v2\/pages"}],"about":[{"href":"https:\/\/www.italienisch-werkstatt.de\/en\/wp-json\/wp\/v2\/types\/page"}],"author":[{"embeddable":true,"href":"https:\/\/www.italienisch-werkstatt.de\/en\/wp-json\/wp\/v2\/users\/1"}],"replies":[{"embeddable":true,"href":"https:\/\/www.italienisch-werkstatt.de\/en\/wp-json\/wp\/v2\/comments?post=446"}],"version-history":[{"count":4,"href":"https:\/\/www.italienisch-werkstatt.de\/en\/wp-json\/wp\/v2\/pages\/446\/revisions"}],"predecessor-version":[{"id":6291,"href":"https:\/\/www.italienisch-werkstatt.de\/en\/wp-json\/wp\/v2\/pages\/446\/revisions\/6291"}],"wp:attachment":[{"href":"https:\/\/www.italienisch-werkstatt.de\/en\/wp-json\/wp\/v2\/media?parent=446"}],"curies":[{"name":"wp","href":"https:\/\/api.w.org\/{rel}","templated":true}]}}