{"id":4239,"date":"2023-05-09T12:47:38","date_gmt":"2023-05-09T10:47:38","guid":{"rendered":"https:\/\/www.italienisch-werkstatt.de\/?page_id=4239"},"modified":"2025-10-06T10:44:21","modified_gmt":"2025-10-06T08:44:21","slug":"unser-team","status":"publish","type":"page","link":"https:\/\/www.italienisch-werkstatt.de\/en\/unser-team","title":{"rendered":"Lernen Sie unsere LehrerInnen\u00a0kennen!"},"content":{"rendered":"<section class=\"l-section wpb_row height_small color_alternate\"><div class=\"l-section-h i-cf\"><div class=\"g-cols vc_row via_flex valign_top type_default stacking_default\"><div class=\"vc_col-sm-12 vc_col-lg-offset-2 vc_col-lg-8 vc_col-md-offset-2 vc_col-md-8 wpb_column vc_column_container\"><div class=\"vc_column-inner\"><div class=\"wpb_wrapper\"><div class=\"wpb_text_column\"><div class=\"wpb_wrapper\"><h1>Das Team im Einzelnen &#8211; lernen Sie die LehrerInnen kennen<\/h1>\n<\/div><\/div><div class=\"w-separator us_custom_37216b23 size_small with_line width_default thick_2 style_solid color_border align_center\"><div class=\"w-separator-h\"><\/div><\/div><div class=\"w-grid us_post_list type_grid layout_7677 cols_2 preload_style_none\" id=\"us_post_list_fac7\" style=\"--columns:2;--gap:1rem;\"><style>@media (max-width:600px){#us_post_list_fac7{--columns:1!important}}.layout_7677 .w-grid-item-h{}.layout_7677 .usg_post_content_1{padding-top:10px!important}<\/style><div class=\"w-grid-list\">\t<article class=\"w-grid-item size_1x1 post-7665 post type-post status-publish format-standard hentry category-teacher\" data-id=\"7665\">\r\n\t\t<div class=\"w-grid-item-h\">\r\n\t\t\t\t\t\t<h2 class=\"w-post-elm post_title usg_post_title_1 align_left entry-title color_link_inherit\"><a href=\"https:\/\/www.italienisch-werkstatt.de\/en\/lehrerinnen-der-italienisch-werkstatt-michele\">Michele<\/a><\/h2><div class=\"w-post-elm post_content usg_post_content_1 without_sections with_collapsible_content\" data-content-height=\"600px\"><div><div class=\"wpb_text_column\"><div class=\"wpb_wrapper\"><p>Ich bin <strong>Michela<\/strong> und komme aus Cavaione, einer kleinen Comune in der N\u00e4he von Mailand.<\/p>\n<p><img loading=\"lazy\" decoding=\"async\" class=\"size-medium wp-image-4237 aligncenter\" src=\"https:\/\/www.italienisch-werkstatt.de\/wp-content\/uploads\/2023\/05\/Michela-300x200.jpg\" alt=\"LehrerInnen der Italienisch-Werkstatt - Michele\" width=\"300\" height=\"200\" srcset=\"https:\/\/www.italienisch-werkstatt.de\/wp-content\/uploads\/2023\/05\/Michela-300x200.jpg 300w, https:\/\/www.italienisch-werkstatt.de\/wp-content\/uploads\/2023\/05\/Michela.jpg 454w\" sizes=\"auto, (max-width: 300px) 100vw, 300px\" \/><\/p>\n<p>Ich habe einen Universit\u00e4tsabschluss in Romanistik und eine Ausbildung in der Didaktik Italienisch als Fremdsprache (Promoitals). Neben meiner grunds\u00e4tzlichen Leidenschaft f\u00fcr Fremdsprachen entwickelte sich bei mir zunehmend die Freude, meine Muttersprache weiterzugeben. So habe ich jahrelange Erfahrung im Unterrichten von Italienisch als Fremdsprache in Australien, Deutschland und Spanien. Meine Spezialisierung auf Online-Unterricht hat sich in den letzten 3 Jahren nochmals vertieft und methodisch gesch\u00e4rft.<\/p>\n<p>Mein Unterricht ist das Ergebnis einer ausgefeilten Kombination aus der klassischen Didaktik der Sprachgrundlagen und einem eher kommunikativ-kreativen, vom Visuellen gepr\u00e4gten Sprachumgang: Eine Kombination, die jetzt mehr denn je von den digitalen Instrumentarien profitieren kann.<\/p>\n<p>Im Zentrum meiner Sprachvermittlung stehen die Lernenden in ihrer unverwechselbaren Individualit\u00e4t und ihrem interaktiven Zusammenspiel. Dieser Herausforderung stelle ich mich mit all meinem Kommunikationstalent, meiner Offenheit und meiner Fachkompetenz.<\/p>\n<p>So wird jeder Kurs f\u00fcr mich zu einer faszinierenden Reise in die Lebenswelt anderer, denen ich im Gegenzug die italienische Sprache und Kultur nahebringe.<\/p>\n<\/div><\/div>\n<\/div><div class=\"toggle-links align_default\"><button class=\"collapsible-content-more\">Zeig mehr<\/button><button class=\"collapsible-content-less\">Zeige weniger<\/button><\/div><\/div><div class=\"w-html usg_html_1\"><br><hr><\/div>\t\t<\/div>\r\n\t\t\t<\/article>\r\n\t<article class=\"w-grid-item size_1x1 post-7667 post type-post status-publish format-standard hentry category-teacher\" data-id=\"7667\">\r\n\t\t<div class=\"w-grid-item-h\">\r\n\t\t\t\t\t\t<h2 class=\"w-post-elm post_title usg_post_title_1 align_left entry-title color_link_inherit\"><a href=\"https:\/\/www.italienisch-werkstatt.de\/en\/lehrerinnen-der-italienisch-werkstatt-fabio\">Fabio<\/a><\/h2><div class=\"w-post-elm post_content usg_post_content_1 without_sections with_collapsible_content\" data-content-height=\"600px\"><div><div class=\"wpb_text_column\"><div class=\"wpb_wrapper\"><p>Ich bin <strong>Fabio<\/strong> und ich komme aus Solaro, einer kleinen Stadt auf halbem Weg zwischen Mailand und dem Comer See.<\/p>\n<p><img loading=\"lazy\" decoding=\"async\" class=\"size-medium wp-image-7036 aligncenter\" src=\"http:\/\/www.italienisch-werkstatt.de\/wp-content\/uploads\/2025\/05\/Fabio-258x300.jpg\" alt=\"LehrerInnen der Italienisch-Werkstatt - Fabio\" width=\"258\" height=\"300\" srcset=\"https:\/\/www.italienisch-werkstatt.de\/wp-content\/uploads\/2025\/05\/Fabio-258x300.jpg 258w, https:\/\/www.italienisch-werkstatt.de\/wp-content\/uploads\/2025\/05\/Fabio-10x12.jpg 10w, https:\/\/www.italienisch-werkstatt.de\/wp-content\/uploads\/2025\/05\/Fabio-600x699.jpg 600w, https:\/\/www.italienisch-werkstatt.de\/wp-content\/uploads\/2025\/05\/Fabio.jpg 779w\" sizes=\"auto, (max-width: 258px) 100vw, 258px\" \/><\/p>\n<p>W\u00e4hrend meiner Schulzeit wurde meine Leidenschaft f\u00fcr die italienische Sprache und Literatur geweckt. Ich habe an der Universit\u00e4t Mailand moderne Literatur studiert und bin dann nach Bologna gezogen, wo ich mich auf Italianistik und Sprachwissenschaften spezialisiert habe.<\/p>\n<p>Nach meinem Studium unterrichtete ich f\u00fcnf Jahre lang italienische und lateinische Literatur an einem Gymnasium. Seit 2023 lebe ich in Berlin, <em>der<\/em> <em>n\u00f6rdlichsten italienischen Stadt der Welt<\/em>, und arbeite mit der Italienisch-Werkstatt sowie anderen Sprachinstituten in Deutschland und im Ausland zusammen.<\/p>\n<p>In meinem Unterricht suche ich immer nach einem Gleichgewicht zwischen Strenge und Spontaneit\u00e4t. Jede Gruppe hat ihre eigene Energie, jeder Sch\u00fcler seine eigene Stimme: Diese Einzigartigkeit zu erkennen und zu f\u00f6rdern, steht im Mittelpunkt meiner Arbeit. Mein Unterricht soll ein Ort der Entdeckung, der Diskussion und der aktiven Teilnahme sein, an dem die Sprache zu einer gemeinsamen Erfahrung wird.<\/p>\n<\/div><\/div>\n<\/div><div class=\"toggle-links align_default\"><button class=\"collapsible-content-more\">Zeig mehr<\/button><button class=\"collapsible-content-less\">Zeige weniger<\/button><\/div><\/div><div class=\"w-html usg_html_1\"><br><hr><\/div>\t\t<\/div>\r\n\t\t\t<\/article>\r\n\t<article class=\"w-grid-item size_1x1 post-7669 post type-post status-publish format-standard hentry category-teacher\" data-id=\"7669\">\r\n\t\t<div class=\"w-grid-item-h\">\r\n\t\t\t\t\t\t<h2 class=\"w-post-elm post_title usg_post_title_1 align_left entry-title color_link_inherit\"><a href=\"https:\/\/www.italienisch-werkstatt.de\/en\/lehrerinnen-der-italienisch-werkstatt-ilaria\">Ilaria<\/a><\/h2><div class=\"w-post-elm post_content usg_post_content_1 without_sections with_collapsible_content\" data-content-height=\"600px\"><div><div class=\"wpb_text_column\"><div class=\"wpb_wrapper\"><p>Ciao a tutti! Ich bin <strong>Ilaria<\/strong>, in Neapel geboren und aufgewachsen. Dort habe ich Germanistik studiert und bin seit 2013 Lehrerin f\u00fcr Italienisch als Fremdsprache.<\/p>\n<p><img loading=\"lazy\" decoding=\"async\" class=\"size-medium wp-image-4233 aligncenter\" src=\"https:\/\/www.italienisch-werkstatt.de\/wp-content\/uploads\/2023\/05\/Ilaria-300x300.jpg\" alt=\"LehrerInnen der Italienisch-Werkstatt - Ilaria\" width=\"300\" height=\"300\" \/><\/p>\n<p>Seit nunmehr 8 Jahren wohne ich in Berlin und habe in verschiedenen Instituten vielseitige Erfahrungen gesammelt und meine Lehrpraxis perfektioniert.<\/p>\n<p>In meinem Unterricht lege ich viel Wert auf eine zwanglose Atmosph\u00e4re, die meine Sch\u00fcler zu entspannter Kommunikation motiviert und ihnen die Hemmungen in der fremden Sprache nimmt. Ungeachtet dessen nehme ich meine didaktisch-methodische Pflicht zu lehren, zu kontrollieren und zu korrigieren nat\u00fcrlich ernst und freue mich mit meinen Sch\u00fclern \u00fcber jeden Fortschritt.<\/p>\n<p>Neben meinem Beruf liebe ich die Natur und pflege mit Sachkenntnis und Freude meine Pflanzen, bevorzugt Kakteen und Orchideen. Ferner koche ich gern, nicht als Pflicht\u00fcbung, sondern aus Genuss und mit Leidenschaft, insbesondere f\u00fcr die typisch neapolitanische K\u00fcche.<\/p>\n<\/div><\/div>\n<\/div><div class=\"toggle-links align_default\"><button class=\"collapsible-content-more\">Zeig mehr<\/button><button class=\"collapsible-content-less\">Zeige weniger<\/button><\/div><\/div><div class=\"w-html usg_html_1\"><br><hr><\/div>\t\t<\/div>\r\n\t\t\t<\/article>\r\n\t<article class=\"w-grid-item size_1x1 post-7671 post type-post status-publish format-standard hentry category-teacher\" data-id=\"7671\">\r\n\t\t<div class=\"w-grid-item-h\">\r\n\t\t\t\t\t\t<h2 class=\"w-post-elm post_title usg_post_title_1 align_left entry-title color_link_inherit\"><a href=\"https:\/\/www.italienisch-werkstatt.de\/en\/lehrerinnen-der-italienisch-werkstatt-danila\">Danila<\/a><\/h2><div class=\"w-post-elm post_content usg_post_content_1 without_sections with_collapsible_content\" data-content-height=\"600px\"><div><div class=\"wpb_text_column\"><div class=\"wpb_wrapper\"><p>Hallo,\u00a0ich bin <strong>Danila<\/strong>! Ich wurde am Fu\u00df des Vesuvs geboren &#8211; genau zwischen den Ruinen von Pompeji und Neapel. Schon fr\u00fch war ich umgeben von Geschichte, Kunst und Ausdrucksformen, die mich bis heute pr\u00e4gen.<\/p>\n<p><img loading=\"lazy\" decoding=\"async\" class=\"size-medium wp-image-7158 aligncenter\" src=\"http:\/\/www.italienisch-werkstatt.de\/wp-content\/uploads\/2025\/06\/Danila_Profilo_Foto-300x212.jpg\" alt=\"LehrerInnen der Italienisch-Werkstatt - Danila\" width=\"300\" height=\"212\" srcset=\"https:\/\/www.italienisch-werkstatt.de\/wp-content\/uploads\/2025\/06\/Danila_Profilo_Foto-300x212.jpg 300w, https:\/\/www.italienisch-werkstatt.de\/wp-content\/uploads\/2025\/06\/Danila_Profilo_Foto-1024x724.jpg 1024w, https:\/\/www.italienisch-werkstatt.de\/wp-content\/uploads\/2025\/06\/Danila_Profilo_Foto-18x12.jpg 18w, https:\/\/www.italienisch-werkstatt.de\/wp-content\/uploads\/2025\/06\/Danila_Profilo_Foto-600x424.jpg 600w, https:\/\/www.italienisch-werkstatt.de\/wp-content\/uploads\/2025\/06\/Danila_Profilo_Foto.jpg 1280w\" sizes=\"auto, (max-width: 300px) 100vw, 300px\" \/><\/p>\n<p>An der Universit\u00e4t habe ich zun\u00e4chst Kunstgeschichte studiert\u00a0und\u00a0mich intensiv mit\u00a0Tanz\u00a0und\u00a0Theater\u00a0besch\u00e4ftigt.\u00a0Ich bin gepr\u00fcfte\u00a0Italienischlehrerin\u00a0und habe einen\u00a0postgradualen Abschluss\u00a0in \u201cDidaktik der italienischen\u00a0Sprache und Literatur\u201d an der Universit\u00e0 per Stranieri di Siena erworben.<\/p>\n<p>Im Mittelpunkt meines Unterrichts steht die gesprochene\u00a0Sprache:\u00a0authentisch, lebendig und untrennbar verbunden mit der kulturellen Vielfalt Italiens.\u00a0Deshalb arbeite ich gerne mit Originalmaterialien aus Literatur, Film, Lyrik\u00a0und Musik, die\u00a0wertvolle\u00a0Einblicke in Denkweisen, Werte und gesellschaftliche\u00a0Kontexte bieten.<\/p>\n<p>Ein zentrales Anliegen meines Unterrichts ist es, eine entspannte und vertrauensvolle Lernatmosph\u00e4re zu schaffen, in der sich die Teilnehmenden sicher f\u00fchlen, frei sprechen und ihre Pers\u00f6nlichkeit einbringen k\u00f6nnen. Und nicht zuletzt: Humor und Freude am Lernen sind f\u00fcr mich unverzichtbare Begleiter. Denn Lernen darf &#8211; und soll &#8211; nicht nur fordern, sondern auch Spa\u00df machen.<\/p>\n<\/div><\/div>\n<\/div><div class=\"toggle-links align_default\"><button class=\"collapsible-content-more\">Zeig mehr<\/button><button class=\"collapsible-content-less\">Zeige weniger<\/button><\/div><\/div><div class=\"w-html usg_html_1\"><br><hr><\/div>\t\t<\/div>\r\n\t\t\t<\/article>\r\n\t<article class=\"w-grid-item size_1x1 post-8374 post type-post status-publish format-standard hentry category-teacher\" data-id=\"8374\">\r\n\t\t<div class=\"w-grid-item-h\">\r\n\t\t\t\t\t\t<h2 class=\"w-post-elm post_title usg_post_title_1 align_left entry-title color_link_inherit\"><a href=\"https:\/\/www.italienisch-werkstatt.de\/en\/lehrerinnen-der-italienisch-werkstatt-anna\">Anna<\/a><\/h2><div class=\"w-post-elm post_content usg_post_content_1 without_sections with_collapsible_content\" data-content-height=\"600px\"><div><div class=\"wpb_text_column\"><div class=\"wpb_wrapper\"><p><span>Mein Name ist\u00a0<strong>Anna<\/strong>\u00a0und ich stamme aus <strong>Apulien<\/strong> \u2013 dem sonnigen Absatz des italienischen Stiefels.\u00a0<\/span><\/p>\n<p><img loading=\"lazy\" decoding=\"async\" class=\"aligncenter wp-image-8375 size-medium\" src=\"https:\/\/www.italienisch-werkstatt.de\/wp-content\/uploads\/2026\/02\/Anna_foto-300x298.jpg\" alt=\"LehrerInnen der Italienisch-Werkstatt - Anna\" width=\"300\" height=\"298\" srcset=\"https:\/\/www.italienisch-werkstatt.de\/wp-content\/uploads\/2026\/02\/Anna_foto-300x298.jpg 300w, https:\/\/www.italienisch-werkstatt.de\/wp-content\/uploads\/2026\/02\/Anna_foto-1024x1017.jpg 1024w, https:\/\/www.italienisch-werkstatt.de\/wp-content\/uploads\/2026\/02\/Anna_foto-150x150.jpg 150w, https:\/\/www.italienisch-werkstatt.de\/wp-content\/uploads\/2026\/02\/Anna_foto-12x12.jpg 12w, https:\/\/www.italienisch-werkstatt.de\/wp-content\/uploads\/2026\/02\/Anna_foto-600x596.jpg 600w, https:\/\/www.italienisch-werkstatt.de\/wp-content\/uploads\/2026\/02\/Anna_foto.jpg 1200w\" sizes=\"auto, (max-width: 300px) 100vw, 300px\" \/><\/p>\n<p><span>Mein akademischer Weg f\u00fchrte mich in das einzigartige <strong>Venedig<\/strong>, wo ich \u00fcber zehn Jahre lebte und mein Studium der Anthropologie mit Schwerpunkt Hindi absolvierte. Ein <strong>Auslandsjahr in Paris<\/strong> bereicherte meine interkulturelle Perspektive zus\u00e4tzlich. Nach meinem Master entdeckte ich meine Leidenschaft f\u00fcr das Unterrichten, als ich einen Sch\u00fcler mit chinesischen Wurzeln sprachlich begleitete. Diese Erfahrung motivierte mich, mein Fachwissen an der <strong>Universit\u00e4t f\u00fcr Ausl\u00e4nder in Siena<\/strong> zu vertiefen und das offizielle Zertifikat f\u00fcr Italienisch als Fremdsprache DITALS zu erwerben.<\/span><\/p>\n<p><span>Seit 2019 begleite ich Sch\u00fcler <strong>online und in Pr\u00e4senz<\/strong> dabei, die italienische Sprache nicht nur zu lernen, sondern zu f\u00fchlen. In der\u00a0<strong>Italienisch-Werkstatt<\/strong>\u00a0verbinde ich kommunikative Methoden mit <strong>professionellem<\/strong>\u00a0<strong>Insiderwissen<\/strong>. Dabei stehen Ihre Pers\u00f6nlichkeit und Ihre individuellen Ziele im Mittelpunkt. Mein Ziel ist es, Ihnen das n\u00f6tige <strong>Selbstvertrauen<\/strong> zu geben, um sich in Italien sicher zu bewegen: Je nach Niveau \u00fcben wir vom Smalltalk im Caf\u00e9 bis hin zu den kleinen sprachlichen Feinheiten alles gemeinsam.<\/span><\/p>\n<p><span>Seit M\u00e4rz 2024 lebe ich in Berlin. Ich habe mich bewusst f\u00fcr diese dynamische Metropole entschieden, um einen Neuanfang zu wagen und die vielf\u00e4ltigen M\u00f6glichkeiten der Stadt zu nutzen. Ich freue mich darauf, Sie kennenzulernen \u2013 und falls Sie einen Hund haben, erz\u00e4hlen Sie mir unbedingt von ihm, denn ich bin eine gro\u00dfe <strong>Hundeliebhaberin<\/strong>!\u201c<\/span><\/p>\n<\/div><\/div>\n<\/div><div class=\"toggle-links align_default\"><button class=\"collapsible-content-more\">Zeig mehr<\/button><button class=\"collapsible-content-less\">Zeige weniger<\/button><\/div><\/div><div class=\"w-html usg_html_1\"><br><hr><\/div>\t\t<\/div>\r\n\t\t\t<\/article>\r\n\t<article class=\"w-grid-item size_1x1 post-7663 post type-post status-publish format-standard hentry category-teacher\" data-id=\"7663\">\r\n\t\t<div class=\"w-grid-item-h\">\r\n\t\t\t\t\t\t<h2 class=\"w-post-elm post_title usg_post_title_1 align_left entry-title color_link_inherit\"><a href=\"https:\/\/www.italienisch-werkstatt.de\/en\/lehrerinnen-der-italienisch-werkstatt-carlo\">Carlo<\/a><\/h2><div class=\"w-post-elm post_content usg_post_content_1 without_sections with_collapsible_content\" data-content-height=\"600px\"><div><div class=\"wpb_text_column\"><div class=\"wpb_wrapper\"><p>Ich bin <strong>Carlo<\/strong>, geboren auf Sardinien am Meer, habe aber lange auf dem Land in der Toskana gelebt. Drei Dingen galt schon immer meine Leidenschaft: B\u00fcchern, Musik und langen Wanderungen.<\/p>\n<p><img loading=\"lazy\" decoding=\"async\" class=\"size-medium wp-image-4249 aligncenter\" src=\"https:\/\/www.italienisch-werkstatt.de\/wp-content\/uploads\/2023\/05\/Carlo-300x259.jpg\" alt=\"LehrerInnen der Italienisch-Werkstatt - Carlo\" width=\"300\" height=\"259\" srcset=\"https:\/\/www.italienisch-werkstatt.de\/wp-content\/uploads\/2023\/05\/Carlo-300x259.jpg 300w, https:\/\/www.italienisch-werkstatt.de\/wp-content\/uploads\/2023\/05\/Carlo-600x518.jpg 600w, https:\/\/www.italienisch-werkstatt.de\/wp-content\/uploads\/2023\/05\/Carlo.jpg 772w\" sizes=\"auto, (max-width: 300px) 100vw, 300px\" \/><\/p>\n<p>Ich habe italienische Philologie und Literatur studiert und in den Bereichen Didaktik und \u00dcbersetzung gearbeitet. Bereits in den ersten Jahren meines Universit\u00e4tsstudiums begann ich, meine Muttersprache zu unterrichten und spezialisierte mich dann f\u00fcr Italienisch als Fremdsprache an der Universit\u00e4t f\u00fcr Ausl\u00e4nder in Siena. Nun arbeite ich schon seit Jahren an der Italienisch-Werkstatt, die ich wegen ihrer au\u00dferordentlichen Organisation und des wundervollen Arbeitsklimas sehr sch\u00e4tze und die mir fast zu einem zweiten Zuhause geworden ist!<\/p>\n<p>Wenn ich Italienisch unterrichte, flechte ich gern Redenarten und Sprichw\u00f6rter ein, die die spezifische italienische Denkweise widerspiegeln: wie \u201eda cosa nasce cosa\u201c (Eins f\u00fchrt zum anderen). Solche Idiome artikulieren mit Charme, Humor und Tiefsinn die gro\u00dfen und kleinen Besonderheiten oder \u00dcberraschungen des Alltags auf ganz unverwechselbare Weise. So versuche ich, in meinem Unterricht klassische Lerninhalte mit spielerischen, spontanen und aktuellen Aspekten zu vereinen. Sprache muss an Verstand und Herz der Benutzer \u201eandocken\u201c, dabei m\u00f6chte ich helfen.<\/p>\n<\/div><\/div>\n<\/div><div class=\"toggle-links align_default\"><button class=\"collapsible-content-more\">Zeig mehr<\/button><button class=\"collapsible-content-less\">Zeige weniger<\/button><\/div><\/div><div class=\"w-html usg_html_1\"><br><hr><\/div>\t\t<\/div>\r\n\t\t\t<\/article>\r\n\t<article class=\"w-grid-item size_1x1 post-7673 post type-post status-publish format-standard hentry category-teacher\" data-id=\"7673\">\r\n\t\t<div class=\"w-grid-item-h\">\r\n\t\t\t\t\t\t<h2 class=\"w-post-elm post_title usg_post_title_1 align_left entry-title color_link_inherit\"><a href=\"https:\/\/www.italienisch-werkstatt.de\/en\/lehrerinnen-der-italienisch-werkstatt-benedetta\">Benedetta<\/a><\/h2><div class=\"w-post-elm post_content usg_post_content_1 without_sections with_collapsible_content\" data-content-height=\"600px\"><div><div class=\"wpb_text_column\"><div class=\"wpb_wrapper\"><p>Ich bin <strong>Benedetta<\/strong> und komme aus Tarquinia, einer bezaubernden Stadt mit etruskischer Vergangenheit, nah am Meer, n\u00f6rdlich von Rom.<\/p>\n<p><img loading=\"lazy\" decoding=\"async\" class=\"size-medium wp-image-4235 aligncenter\" src=\"https:\/\/www.italienisch-werkstatt.de\/wp-content\/uploads\/2023\/05\/Benedetta-218x300.jpg\" alt=\"LehrerInnen der Italienisch-Werkstatt - Benedetta\" width=\"218\" height=\"300\" srcset=\"https:\/\/www.italienisch-werkstatt.de\/wp-content\/uploads\/2023\/05\/Benedetta-218x300.jpg 218w, https:\/\/www.italienisch-werkstatt.de\/wp-content\/uploads\/2023\/05\/Benedetta.jpg 336w\" sizes=\"auto, (max-width: 218px) 100vw, 218px\" \/><\/p>\n<p>Nach meinem Studium der klassischen Philologie an der Universit\u00e4t \u201eLa Sapienzia\u201c in Rom habe ich Masterabschl\u00fcsse f\u00fcr Italienisch als Fremdsprache, Verlagswesen und Kulturjournalismus absolviert. Seit 2018 lebe ich in Freiburg im Breisgau, unterrichte dort an zwei prestigetr\u00e4chtigen Sprachschulen und bin seit 2021 f\u00fcr die Italienisch-Werkstatt in Berlin t\u00e4tig. Im April 2022 habe ich mich als Pr\u00fcfungsadministratorin f\u00fcr die CILS-Zertifikate qualifiziert.<\/p>\n<p>Die unterschiedlichen Bedarfslagen in regul\u00e4ren Sprachkursen, in niveauh\u00f6heren Kursen zu literarischen Werken oder die Vorbereitung auf die CILS-Pr\u00fcfungen fordern mich heraus, meinen Sch\u00fcler:innen so individuell und adressatengenau wie m\u00f6glich gerecht zu werden und sie erfolgreich zu ihrem pers\u00f6nlichen Ziel zu f\u00fchren: Freude und Kr\u00f6nung der Arbeit jeder\/s Lehrenden!<\/p>\n<div class=\"mceTemp\"><\/div>\n<\/div><\/div>\n<\/div><div class=\"toggle-links align_default\"><button class=\"collapsible-content-more\">Zeig mehr<\/button><button class=\"collapsible-content-less\">Zeige weniger<\/button><\/div><\/div><div class=\"w-html usg_html_1\"><br><hr><\/div>\t\t<\/div>\r\n\t\t\t<\/article>\r\n<\/div><style id=\"grid-post-content-css\">.us_custom_d971738f{margin-bottom:-40px!important}<\/style><div class=\"g-loadmore hidden\"><div class=\"g-preloader type_1\"><div><\/div><\/div><\/div><div class=\"w-grid-list-json hidden\" onclick='return {&quot;max_num_pages&quot;:0,&quot;paginationBase&quot;:&quot;page&quot;,&quot;pagination&quot;:&quot;none&quot;,&quot;paged&quot;:1,&quot;ajaxData&quot;:{&quot;action&quot;:&quot;us_ajax_post_list&quot;,&quot;meta_type&quot;:&quot;post&quot;,&quot;object_id&quot;:0,&quot;template_vars&quot;:{&quot;shortcode_base&quot;:&quot;us_post_list&quot;,&quot;paged&quot;:1,&quot;max_num_pages&quot;:0,&quot;no_results&quot;:false,&quot;us_post_content_design_css&quot;:{&quot;default&quot;:{&quot;us_custom_d971738f&quot;:{&quot;margin-bottom&quot;:&quot;-40px&quot;}}},&quot;found_posts&quot;:0,&quot;per_page&quot;:10,&quot;items_count&quot;:7,&quot;orderby_random_seed&quot;:null,&quot;source&quot;:&quot;all&quot;,&quot;custom_field_name&quot;:&quot;&quot;,&quot;ids&quot;:&quot;&quot;,&quot;post_type&quot;:&quot;post&quot;,&quot;attachment_ids&quot;:null,&quot;include_post_thumbnail&quot;:0,&quot;post_author&quot;:&quot;any&quot;,&quot;post_author_ids&quot;:&quot;&quot;,&quot;apply_url_params&quot;:0,&quot;ignore_sticky_posts&quot;:1,&quot;exclude_children&quot;:0,&quot;exclude_current_post&quot;:1,&quot;exclude_prev_posts&quot;:0,&quot;exclude_past_events&quot;:0,&quot;enable_items_offset&quot;:0,&quot;items_offset&quot;:&quot;1&quot;,&quot;tax_query_relation&quot;:&quot;AND&quot;,&quot;tax_query&quot;:&quot;%5B%7B%22operator%22%3A%22IN%22%2C%22taxonomy%22%3A%22category%22%2C%22terms%22%3A%22145%22%2C%22include_children%22%3A%220%22%7D%5D&quot;,&quot;meta_query_relation&quot;:&quot;none&quot;,&quot;meta_query&quot;:[{&quot;key&quot;:&quot;custom_field_name&quot;,&quot;compare&quot;:&quot;=&quot;,&quot;value&quot;:&quot;&quot;}],&quot;orderby&quot;:&quot;menu_order&quot;,&quot;orderby_custom_field&quot;:&quot;&quot;,&quot;orderby_custom_type&quot;:0,&quot;order_invert&quot;:0,&quot;show_all&quot;:0,&quot;quantity&quot;:&quot;10&quot;,&quot;posts_per_archive_page&quot;:0,&quot;no_items_action&quot;:&quot;message&quot;,&quot;no_items_message&quot;:&quot;No results found.&quot;,&quot;no_items_page_block&quot;:&quot;&quot;,&quot;pagination&quot;:&quot;none&quot;,&quot;pagination_style&quot;:&quot;&quot;,&quot;pagination_btn_text&quot;:&quot;Load More&quot;,&quot;pagination_btn_size&quot;:&quot;&quot;,&quot;pagination_btn_style&quot;:&quot;1&quot;,&quot;pagination_btn_fullwidth&quot;:0,&quot;items_layout&quot;:&quot;7677&quot;,&quot;type&quot;:&quot;grid&quot;,&quot;items_valign&quot;:0,&quot;ignore_items_size&quot;:0,&quot;columns&quot;:&quot;2&quot;,&quot;items_gap&quot;:&quot;1rem&quot;,&quot;load_animation&quot;:&quot;none&quot;,&quot;items_preload_style&quot;:&quot;none&quot;,&quot;img_size&quot;:&quot;default&quot;,&quot;title_size&quot;:&quot;&quot;,&quot;items_ratio&quot;:&quot;default&quot;,&quot;items_ratio_width&quot;:&quot;21&quot;,&quot;items_ratio_height&quot;:&quot;9&quot;,&quot;overriding_link&quot;:&quot;%7B%22url%22%3A%22%22%7D&quot;,&quot;popup_page_template&quot;:&quot;0&quot;,&quot;popup_width&quot;:&quot;&quot;,&quot;popup_arrows&quot;:1,&quot;breakpoint_1_width&quot;:&quot;1381px&quot;,&quot;breakpoint_1_cols&quot;:&quot;default&quot;,&quot;breakpoint_1_quantity&quot;:&quot;&quot;,&quot;breakpoint_1_gap&quot;:&quot;&quot;,&quot;breakpoint_2_width&quot;:&quot;1025px&quot;,&quot;breakpoint_2_cols&quot;:&quot;2&quot;,&quot;breakpoint_2_quantity&quot;:&quot;&quot;,&quot;breakpoint_2_gap&quot;:&quot;&quot;,&quot;breakpoint_3_width&quot;:&quot;601px&quot;,&quot;breakpoint_3_cols&quot;:&quot;1&quot;,&quot;breakpoint_3_quantity&quot;:&quot;&quot;,&quot;breakpoint_3_gap&quot;:&quot;&quot;,&quot;conditions_operator&quot;:&quot;always&quot;,&quot;conditions&quot;:[],&quot;css&quot;:null,&quot;el_class&quot;:&quot;&quot;,&quot;el_id&quot;:&quot;&quot;,&quot;enable_custom_html_atts&quot;:0,&quot;custom_html_atts&quot;:null,&quot;hide_on_states&quot;:&quot;&quot;,&quot;hide_for_sticky&quot;:0,&quot;hide_for_not_sticky&quot;:0,&quot;hide_below&quot;:&quot;0px&quot;,&quot;hide_above&quot;:&quot;0px&quot;,&quot;classes&quot;:&quot;&quot;},&quot;found_posts&quot;:0,&quot;per_page&quot;:10},&quot;facetedFilter&quot;:[]}'><\/div><\/div><\/div><\/div><\/div><\/div><\/div><\/section>\n","protected":false},"excerpt":{"rendered":"BenedettaIch bin Benedetta und komme aus Tarquinia, einer bezaubernden Stadt mit etruskischer Vergangenheit, nah am Meer, n\u00f6rdlich von Rom. Nach meinem Studium der klassischen Philologie an der Universit\u00e4t \u201eLa Sapienzia\u201c in Rom habe ich Masterabschl\u00fcsse f\u00fcr Italienisch als Fremdsprache, Verlagswesen und Kulturjournalismus absolviert. Seit 2018 lebe ich in Freiburg im Breisgau, unterrichte dort an zwei...","protected":false},"author":13,"featured_media":0,"parent":0,"menu_order":9,"comment_status":"closed","ping_status":"closed","template":"","meta":{"_acf_changed":false,"footnotes":""},"class_list":["post-4239","page","type-page","status-publish","hentry"],"acf":[],"_links":{"self":[{"href":"https:\/\/www.italienisch-werkstatt.de\/en\/wp-json\/wp\/v2\/pages\/4239","targetHints":{"allow":["GET"]}}],"collection":[{"href":"https:\/\/www.italienisch-werkstatt.de\/en\/wp-json\/wp\/v2\/pages"}],"about":[{"href":"https:\/\/www.italienisch-werkstatt.de\/en\/wp-json\/wp\/v2\/types\/page"}],"author":[{"embeddable":true,"href":"https:\/\/www.italienisch-werkstatt.de\/en\/wp-json\/wp\/v2\/users\/13"}],"replies":[{"embeddable":true,"href":"https:\/\/www.italienisch-werkstatt.de\/en\/wp-json\/wp\/v2\/comments?post=4239"}],"version-history":[{"count":15,"href":"https:\/\/www.italienisch-werkstatt.de\/en\/wp-json\/wp\/v2\/pages\/4239\/revisions"}],"predecessor-version":[{"id":4252,"href":"https:\/\/www.italienisch-werkstatt.de\/en\/wp-json\/wp\/v2\/pages\/4239\/revisions\/4252"}],"wp:attachment":[{"href":"https:\/\/www.italienisch-werkstatt.de\/en\/wp-json\/wp\/v2\/media?parent=4239"}],"curies":[{"name":"wp","href":"https:\/\/api.w.org\/{rel}","templated":true}]}}