{"id":412,"date":"2020-07-29T10:04:59","date_gmt":"2020-07-29T10:04:59","guid":{"rendered":"https:\/\/italienisch-werkstatt.de\/?page_id=412"},"modified":"2024-03-05T12:09:32","modified_gmt":"2024-03-05T11:09:32","slug":"italienisch-werkstatt-gruenderin","status":"publish","type":"page","link":"https:\/\/www.italienisch-werkstatt.de\/en\/italienisch-werkstatt-gruenderin","title":{"rendered":"The founder"},"content":{"rendered":"<section class=\"l-section wpb_row us_custom_a40275d7 height_small color_alternate\"><div class=\"l-section-h i-cf\"><div class=\"g-cols vc_row via_flex valign_top type_default stacking_default\"><div class=\"vc_col-sm-12 vc_col-lg-offset-2 vc_col-lg-8 vc_col-md-offset-2 vc_col-md-8 wpb_column vc_column_container\"><div class=\"vc_column-inner\"><div class=\"wpb_wrapper\"><div class=\"wpb_text_column\"><div class=\"wpb_wrapper\"><h1>The founder: Dr Stefania Galassi<\/h1>\n<\/div><\/div><\/div><\/div><\/div><\/div><\/div><\/section><section class=\"l-section wpb_row us_custom_dfddb007 height_small color_alternate\"><div class=\"l-section-h i-cf\"><div class=\"g-cols vc_row via_flex valign_top type_default stacking_default\"><div class=\"vc_col-sm-8 vc_col-lg-offset-2 vc_col-lg-5 vc_col-md-offset-2 vc_col-md-5 wpb_column vc_column_container\"><div class=\"vc_column-inner\"><div class=\"wpb_wrapper\"><div class=\"wpb_text_column\"><div class=\"wpb_wrapper\"><p>\"Teaching my language and culture is my profession, my vocation and my passion. I find this \"giving\", which fills my everyday life, hour after hour, to be truly enriching and an endless source of energy.<\/p>\n<p>An osmotic relationship quickly develops with my students: I could never do without experiencing new feelings about my country every day through the eyes and ears of my students.\"<\/p>\n<\/div><\/div><\/div><\/div><\/div><div class=\"vc_col-sm-4 vc_col-lg-3 vc_col-md-3 wpb_column vc_column_container\"><div class=\"vc_column-inner\"><div class=\"wpb_wrapper\"><div class=\"w-image align_left\"><div class=\"w-image-h\"><img decoding=\"async\" width=\"473\" height=\"709\" src=\"https:\/\/www.italienisch-werkstatt.de\/wp-content\/uploads\/2024\/03\/Italienisch-Werkstatt-Gruenderin-Dr.-Stefania-Galassi.jpg\" class=\"attachment-large size-large\" alt=\"Italienisch Werkstatt Gruenderin Dr. Stefania Galassi\" loading=\"lazy\" srcset=\"https:\/\/www.italienisch-werkstatt.de\/wp-content\/uploads\/2024\/03\/Italienisch-Werkstatt-Gruenderin-Dr.-Stefania-Galassi.jpg 473w, https:\/\/www.italienisch-werkstatt.de\/wp-content\/uploads\/2024\/03\/Italienisch-Werkstatt-Gruenderin-Dr.-Stefania-Galassi-200x300.jpg 200w\" sizes=\"auto, (max-width: 473px) 100vw, 473px\" \/><\/div><\/div><\/div><\/div><\/div><\/div><\/div><\/section><section class=\"l-section wpb_row height_small\"><div class=\"l-section-h i-cf\"><div class=\"g-cols vc_row via_flex valign_top type_default stacking_default\"><div class=\"vc_col-sm-12 vc_col-lg-offset-2 vc_col-lg-8 vc_col-md-offset-2 vc_col-md-8 wpb_column vc_column_container\"><div class=\"vc_column-inner\"><div class=\"wpb_wrapper\"><div class=\"wpb_text_column\"><div class=\"wpb_wrapper\"><h2>My career<\/h2>\n<p class=\"translation-block\">I was born and grew up in Cagliari, Italy and <strong>studied<\/strong> German and English at the university there. I later worked as a research assistant at the Free University of Berlin for over ten years. In 2006, I completed my <strong>Promotion<\/strong> there at the Department of Political and Social Sciences, specialising in press policy in fascist Italy. During this time I <a href=\"https:\/\/www.italienisch-werkstatt.de\/wp-content\/uploads\/2020\/11\/Publikationen-und-Lesungen.pdf\" target=\"_blank\" rel=\"noopener noreferrer\">published several articles in anthologies and monographs in Italy and Germany<\/a>. But I also worked as an interpreter at academic conferences and trade fairs and did translation work during this time.<\/p>\n<p class=\"translation-block\">Both before and during my academic employment, I regularly worked as an <strong>Italian teacher<\/strong>. From 1990 to 2001, I gained many years of varied experience in practical language courses at various institutions (VHS Charlottenburg-Wilmersdorf, VHS Mitte, Societ\u00e0 Dante Alighieri e. V., Circolo Sardo di Berlino e. V. and the Prolog Sprachenschule Berlin).<\/p>\n<\/div><\/div><\/div><\/div><\/div><\/div><\/div><\/section><section class=\"l-section wpb_row height_small color_alternate\"><div class=\"l-section-h i-cf\"><div class=\"g-cols vc_row via_flex valign_top type_default stacking_default\"><div class=\"vc_col-sm-12 vc_col-lg-offset-2 vc_col-lg-8 vc_col-md-offset-2 vc_col-md-8 wpb_column vc_column_container\"><div class=\"vc_column-inner\"><div class=\"wpb_wrapper\"><div class=\"wpb_text_column\"><div class=\"wpb_wrapper\"><h2>Certificates<\/h2>\n<p>In 2006, I resumed my teaching activities and shortly afterwards I was awarded the state-recognised <strong>Ditals II Diploma<\/strong> (Certificazione di competenza didattica dell'italiano a stranieri, Universit\u00e0 per Stranieri Siena) and the <strong>Basic qualification for teaching adults<\/strong> (Senate for Education, Berlin). In addition, I have been a qualified <strong>Telc examiner<\/strong> for Italian and am a member of the ADI (Associazione Docenti d'Italiano in Germania).<\/p>\n<\/div><\/div><\/div><\/div><\/div><\/div><\/div><\/section><section class=\"l-section wpb_row height_small\"><div class=\"l-section-h i-cf\"><div class=\"g-cols vc_row via_flex valign_top type_default stacking_default\"><div class=\"vc_col-sm-12 vc_col-lg-offset-2 vc_col-lg-8 vc_col-md-offset-2 vc_col-md-8 wpb_column vc_column_container\"><div class=\"vc_column-inner\"><div class=\"wpb_wrapper\"><div class=\"wpb_text_column\"><div class=\"wpb_wrapper\"><h2>The Italian workshop project<\/h2>\n<p class=\"translation-block\">Since 2008, I have dedicated myself entirely to my Italian workshop, which in the initial phase offered language courses, proofreading and translation work in equal measure. This <strong>exciting and varied field of work<\/strong> allowed me to continue to cultivate and convey my love of the Italian language in its various facets in Germany.<\/p>\n<p>The combination of teaching, proofreading and translation gave me the opportunity to combine my background in the humanities with the concept of teaching Italian through my communication skills, versatility and team spirit. Due to the growth of the Italian language courses section of the workshop, I have dedicated myself exclusively to teaching and school management for several years now.<\/p>\n<p>One thing is certain: Italy enthusiasts, cultural workers and companies who want to get closer to my mother tongue will find a professional, authentic and culturally relevant approach to the Italian language at the Laboratorio di Lingua Italiana.<\/p>\n<\/div><\/div><\/div><\/div><\/div><\/div><\/div><\/section><section class=\"l-section wpb_row height_small color_alternate\"><div class=\"l-section-h i-cf\"><div class=\"g-cols vc_row via_flex valign_top type_default stacking_default\"><div class=\"vc_col-sm-12 vc_col-lg-offset-2 vc_col-lg-8 vc_col-md-offset-2 vc_col-md-8 wpb_column vc_column_container\"><div class=\"vc_column-inner\"><div class=\"wpb_wrapper\"><div class=\"wpb_text_column\"><div class=\"wpb_wrapper\"><h2>Publications and readings<\/h2>\n<p>Chronologically sorted my <a href=\"https:\/\/italienisch-werkstatt.de\/wp-content\/uploads\/2020\/11\/Publikationen-und-Lesungen.pdf\" target=\"_blank\" rel=\"noopener\">publications of essays, monographs, poems, short stories and public lectures<\/a>.<\/p>\n<\/div><\/div><\/div><\/div><\/div><\/div><\/div><\/section>","protected":false},"excerpt":{"rendered":"Die Gr\u00fcnderin: Dr. Stefania Galassi \u201cMeine Sprache und Kultur zu vermitteln ist mein Beruf, meine Berufung und Leidenschaft. Ich empfinde dieses \u201eGeben\u201c, das meinen Alltag, Stunde \u00fcber Stunde f\u00fcllt, als wahre Bereicherung und unendliche Energiequelle. Mit meinen Sch\u00fclern entsteht schnell eine osmotische Beziehung: Ich k\u00f6nnte nie darauf verzichten, jeden Tag durch die Augen und Ohren...","protected":false},"author":1,"featured_media":0,"parent":0,"menu_order":7,"comment_status":"closed","ping_status":"closed","template":"","meta":{"_acf_changed":false,"footnotes":""},"class_list":["post-412","page","type-page","status-publish","hentry"],"acf":[],"_links":{"self":[{"href":"https:\/\/www.italienisch-werkstatt.de\/en\/wp-json\/wp\/v2\/pages\/412","targetHints":{"allow":["GET"]}}],"collection":[{"href":"https:\/\/www.italienisch-werkstatt.de\/en\/wp-json\/wp\/v2\/pages"}],"about":[{"href":"https:\/\/www.italienisch-werkstatt.de\/en\/wp-json\/wp\/v2\/types\/page"}],"author":[{"embeddable":true,"href":"https:\/\/www.italienisch-werkstatt.de\/en\/wp-json\/wp\/v2\/users\/1"}],"replies":[{"embeddable":true,"href":"https:\/\/www.italienisch-werkstatt.de\/en\/wp-json\/wp\/v2\/comments?post=412"}],"version-history":[{"count":5,"href":"https:\/\/www.italienisch-werkstatt.de\/en\/wp-json\/wp\/v2\/pages\/412\/revisions"}],"predecessor-version":[{"id":5155,"href":"https:\/\/www.italienisch-werkstatt.de\/en\/wp-json\/wp\/v2\/pages\/412\/revisions\/5155"}],"wp:attachment":[{"href":"https:\/\/www.italienisch-werkstatt.de\/en\/wp-json\/wp\/v2\/media?parent=412"}],"curies":[{"name":"wp","href":"https:\/\/api.w.org\/{rel}","templated":true}]}}