{"id":378,"date":"2020-07-20T14:05:09","date_gmt":"2020-07-20T14:05:09","guid":{"rendered":"https:\/\/italienisch-werkstatt.de\/?page_id=378"},"modified":"2025-02-19T11:11:58","modified_gmt":"2025-02-19T10:11:58","slug":"einfach-italienisch-lernen","status":"publish","type":"page","link":"https:\/\/www.italienisch-werkstatt.de\/en\/einfach-italienisch-lernen","title":{"rendered":"Einfach italienisch Lernen &#8211; Zur Methode der Werkstatt"},"content":{"rendered":"<section class=\"l-section wpb_row us_custom_a40275d7 height_small color_alternate\"><div class=\"l-section-h i-cf\"><div class=\"g-cols vc_row via_flex valign_top type_default stacking_default\"><div class=\"vc_col-sm-12 vc_col-lg-offset-2 vc_col-lg-9 vc_col-md-offset-2 vc_col-md-9 wpb_column vc_column_container\"><div class=\"vc_column-inner\"><div class=\"wpb_wrapper\"><div class=\"wpb_text_column\"><div class=\"wpb_wrapper\"><h1>Learn Italian the easy way - About our method<\/h1>\n<\/div><\/div><\/div><\/div><\/div><\/div><\/div><\/section><section class=\"l-section wpb_row us_custom_dfddb007 height_small color_alternate\"><div class=\"l-section-h i-cf\"><div class=\"g-cols vc_row via_flex valign_top type_default stacking_default\"><div class=\"vc_col-sm-6 vc_col-lg-offset-2 vc_col-lg-4 wpb_column vc_column_container\"><div class=\"vc_column-inner\"><div class=\"wpb_wrapper\"><div class=\"wpb_text_column\"><div class=\"wpb_wrapper\"><p>Is it easy to learn Italian? A frequently asked question for which there is no simple answer. We are convinced that the key lies in the motivation of the students and this in turn depends on the teachers.<\/p>\n<p>The teachers at our Italian courses know how you help you succeed in learning and using the language. Using a well thought-out, didactic method, they accompany you step by step through the learning process: they explain structures and meanings, select effective exercises for you, give tips on learning vocabulary, support and encourage you.<\/p>\n<\/div><\/div><\/div><\/div><\/div><div class=\"vc_col-sm-6 vc_col-lg-5 vc_col-md-5 wpb_column vc_column_container\"><div class=\"vc_column-inner\"><div class=\"wpb_wrapper\"><div class=\"w-image align_none\"><div class=\"w-image-h\"><img decoding=\"async\" width=\"600\" height=\"450\" src=\"https:\/\/www.italienisch-werkstatt.de\/wp-content\/uploads\/2020\/12\/Italienisch-lernen-in-Berlin---zur-Methode.jpg\" class=\"attachment-full size-full\" alt=\"Italienisch lernen in Berlin \u2013 zur Methode\" loading=\"lazy\" srcset=\"\" sizes=\"auto, (max-width: 600px) 100vw, 600px\" data-srcset=\"\" \/><\/div><\/div><\/div><\/div><\/div><\/div><\/div><\/section><section class=\"l-section wpb_row height_small\"><div class=\"l-section-h i-cf\"><div class=\"g-cols vc_row via_flex valign_top type_default stacking_default\"><div class=\"vc_col-sm-12 vc_col-lg-offset-2 vc_col-lg-8 vc_col-md-offset-2 vc_col-md-8 wpb_column vc_column_container\"><div class=\"vc_column-inner\"><div class=\"wpb_wrapper\"><div class=\"wpb_text_column\"><div class=\"wpb_wrapper\"><h2>The four competences - to learn Italian easily<\/h2>\n<\/div><\/div><div class=\"wpb_text_column\"><div class=\"wpb_wrapper\"><p class=\"translation-block\">The teachers at the Italian workshop not only emphasise the systematic and analytical teaching of grammatical structures and vocabulary. At all language levels, they work intensively on the four basic skills: <strong>listening, speaking, reading<\/strong> and <strong>writing<\/strong>, best expressed in the following questions:<\/p>\n<ul>\n<li class=\"translation-block\">How easy is it for you <strong>speak<\/strong>? Can you express yourself articulately at your level? Can other people understand your pronunciation?<\/li>\n<li class=\"translation-block\">Are you good at <strong>understanding<\/strong> what you <strong> hear<\/strong>  or <strong> read<\/strong>  in Italian?<\/li>\n<li class=\"translation-block\">Can you express yourself <strong>in writing<\/strong> and use the necessary syntactic structures?<\/li>\n<\/ul>\n<p>We are constantly trying to optimise the learning process so that you can learn Italian easily and quickly communicate successfully!<\/p>\n<\/div><\/div><\/div><\/div><\/div><\/div><\/div><\/section><section class=\"l-section wpb_row height_small color_alternate\"><div class=\"l-section-h i-cf\"><div class=\"g-cols vc_row via_flex valign_top type_default stacking_default\"><div class=\"vc_col-sm-12 vc_col-lg-offset-2 vc_col-lg-8 vc_col-md-offset-2 vc_col-md-8 wpb_column vc_column_container\"><div class=\"vc_column-inner\"><div class=\"wpb_wrapper\"><div class=\"wpb_text_column\"><div class=\"wpb_wrapper\"><h2>Writing and speaking are no longer a challenge<\/h2>\n<\/div><\/div><div class=\"wpb_text_column\"><div class=\"wpb_wrapper\"><p>Role plays and conversation exercises help to activate comprehension and speaking skills from the very first lessons. From intermediate level onwards, students are encouraged to discuss topics by watching short videos. The regular\u00a0<strong>writing of short texts and dialogues\u00a0<\/strong>on topics already covered in the course helps beginners in the use of grammatical structures and expressions they have learned and to practise looking up and choosing vocabulary.<\/p>\n<\/div><\/div><\/div><\/div><\/div><\/div><\/div><\/section><section class=\"l-section wpb_row height_small\"><div class=\"l-section-h i-cf\"><div class=\"g-cols vc_row via_flex valign_top type_default stacking_default\"><div class=\"vc_col-sm-12 vc_col-lg-offset-2 vc_col-lg-8 vc_col-md-offset-2 vc_col-md-8 wpb_column vc_column_container\"><div class=\"vc_column-inner\"><div class=\"wpb_wrapper\"><div class=\"wpb_text_column\"><div class=\"wpb_wrapper\"><h2>The best courses: class-orientated and structured!<\/h2>\n<\/div><\/div><div class=\"wpb_text_column\"><div class=\"wpb_wrapper\"><p class=\"translation-block\">The following applies to every course instructor and every level: The design of the lessons takes into account the personality of the students as well as their personal learning goals and priorities. For \"long-lasting\" groups, the programme is tailored more intensively to the <strong>requirements of the participants<\/strong>. For example, more emphasis is placed on communication or grammar or on specific content, depending on the students' wishes.<\/p>\n<p class=\"translation-block\">Our instructors know how to take all needs into account without losing sight of the learning objectives defined in the <a href=\"https:\/\/www.italienisch-werkstatt.de\/wp-content\/uploads\/2020\/11\/GER_Niveaus.pdf\" target=\"_blank\" rel=\"noopener noreferrer\">Common European Framework of Reference for Languages (GER)<\/a>.<\/p>\n<p class=\"translation-block\">If you would like to learn in an even more focussed way, we also offer you the opportunity to plan <a href=\"https:\/\/www.italienisch-werkstatt.de\/en\/einzelunterricht-italienisch\" target=\"_self\">private Italian lessons<\/a> with us.<\/p>\n<\/div><\/div><\/div><\/div><\/div><\/div><\/div><\/section>","protected":false},"excerpt":{"rendered":"Einfach Italienisch lernen &#8211; Zu unserer Methode Ist es einfach, Italienisch zu lernen? Dies ist eine h\u00e4ufig gestellte Frage, f\u00fcr die es keine einfache Antwort gibt. Wir sind davon \u00fcberzeugt, dass der Schl\u00fcssel in der Motivation der Sch\u00fcler liegt. Aber diese wiederum h\u00e4ngt mehr oder weniger von den Lehrern ab. Die Leiter unserer Italienisch-Kurse wissen,...","protected":false},"author":1,"featured_media":0,"parent":0,"menu_order":12,"comment_status":"closed","ping_status":"closed","template":"","meta":{"_acf_changed":false,"footnotes":""},"class_list":["post-378","page","type-page","status-publish","hentry"],"acf":[],"_links":{"self":[{"href":"https:\/\/www.italienisch-werkstatt.de\/en\/wp-json\/wp\/v2\/pages\/378","targetHints":{"allow":["GET"]}}],"collection":[{"href":"https:\/\/www.italienisch-werkstatt.de\/en\/wp-json\/wp\/v2\/pages"}],"about":[{"href":"https:\/\/www.italienisch-werkstatt.de\/en\/wp-json\/wp\/v2\/types\/page"}],"author":[{"embeddable":true,"href":"https:\/\/www.italienisch-werkstatt.de\/en\/wp-json\/wp\/v2\/users\/1"}],"replies":[{"embeddable":true,"href":"https:\/\/www.italienisch-werkstatt.de\/en\/wp-json\/wp\/v2\/comments?post=378"}],"version-history":[{"count":1,"href":"https:\/\/www.italienisch-werkstatt.de\/en\/wp-json\/wp\/v2\/pages\/378\/revisions"}],"predecessor-version":[{"id":6572,"href":"https:\/\/www.italienisch-werkstatt.de\/en\/wp-json\/wp\/v2\/pages\/378\/revisions\/6572"}],"wp:attachment":[{"href":"https:\/\/www.italienisch-werkstatt.de\/en\/wp-json\/wp\/v2\/media?parent=378"}],"curies":[{"name":"wp","href":"https:\/\/api.w.org\/{rel}","templated":true}]}}