{"id":351,"date":"2020-07-20T11:34:36","date_gmt":"2020-07-20T11:34:36","guid":{"rendered":"https:\/\/italienisch-werkstatt.de\/?page_id=351"},"modified":"2025-02-19T11:04:14","modified_gmt":"2025-02-19T10:04:14","slug":"italienisch-konversation-ueben-in-berlin","status":"publish","type":"page","link":"https:\/\/www.italienisch-werkstatt.de\/en\/italienisch-konversation-ueben-in-berlin","title":{"rendered":"Practise Italian conversation in Berlin"},"content":{"rendered":"<section class=\"l-section wpb_row height_small color_alternate\"><div class=\"l-section-h i-cf\"><div class=\"g-cols vc_row via_flex valign_top type_default stacking_default\"><div class=\"vc_col-sm-12 vc_col-lg-offset-2 vc_col-lg-8 vc_col-md-offset-2 vc_col-md-8 wpb_column vc_column_container\"><div class=\"vc_column-inner\"><div class=\"wpb_wrapper\"><div class=\"wpb_text_column\"><div class=\"wpb_wrapper\"><h1>Practise Italian conversation in Berlin<\/h1>\n<\/div><\/div><div class=\"wpb_text_column\"><div class=\"wpb_wrapper\"><p>Sie k\u00f6nnen schon etwas Italienisch, m\u00f6chten aber Ihren m\u00fcndlichen Ausdruck verbessern? Oder Sie m\u00f6chten Ihre Hemmungen beim Sprechen \u00fcberwinden? In diesen F\u00e4llen empfehlen wir unsere Konversationskurse.<\/p>\n<\/div><\/div><\/div><\/div><\/div><\/div><\/div><\/section><section class=\"l-section wpb_row height_auto color_alternate\"><div class=\"l-section-h i-cf\"><div class=\"g-cols vc_row via_flex valign_top type_default stacking_default\"><div class=\"vc_col-sm-12 vc_col-lg-offset-2 vc_col-lg-8 vc_col-md-offset-2 vc_col-md-8 wpb_column vc_column_container\"><div class=\"vc_column-inner\"><div class=\"wpb_wrapper\"><div class=\"w-image has_ratio align_center\"><div class=\"w-image-h\"><div style=\"padding-bottom:66.6667%\"><\/div><img decoding=\"async\" width=\"1024\" height=\"683\" src=\"https:\/\/www.italienisch-werkstatt.de\/wp-content\/uploads\/2020\/12\/Konverstaion-1024x683.jpg\" class=\"attachment-large size-large\" alt=\"Italienisch-Konversation in Berlin \u00fcben\" loading=\"lazy\" \/><\/div><\/div><\/div><\/div><\/div><\/div><\/div><\/section><section class=\"l-section wpb_row height_small color_alternate\"><div class=\"l-section-h i-cf\"><div class=\"g-cols vc_row via_flex valign_top type_default stacking_default\"><div class=\"vc_col-sm-12 vc_col-lg-offset-2 vc_col-lg-8 vc_col-md-offset-2 vc_col-md-8 wpb_column vc_column_container\"><div class=\"vc_column-inner\"><div class=\"wpb_wrapper\"><div class=\"wpb_text_column\"><div class=\"wpb_wrapper\"><h2>Italienisch-Konversation<\/h2>\n<\/div><\/div><div class=\"wpb_text_column\"><div class=\"wpb_wrapper\"><p>Dies sind unsere Konversationskurse:<\/p>\n<ul>\n<li>Sprachniveau Italienisch A2-B1: Dieser Kurs hilft dabei, Hemmungen abzubauen und Ihren Wortschatz situationsbezogen zu erweitern.<\/li>\n<li>Sprachniveau Italienisch B2-C1\/C2: Hier helfen wir Ihnen dabei, verhandlungssicher zu werden und Ihren Ausdruck differenzierter zu machen.<\/li>\n<\/ul>\n<p><strong>Die Preise und Termine f\u00fcr die Konversationskursen finden Sie <a href=\"https:\/\/www.italienisch-werkstatt.de\/en\/sprachkurse-italienisch\">hier.<\/a><\/strong><\/p>\n<\/div><\/div><\/div><\/div><\/div><\/div><\/div><\/section><section class=\"l-section wpb_row height_small color_alternate\"><div class=\"l-section-h i-cf\"><div class=\"g-cols vc_row via_flex valign_top type_default stacking_default\"><div class=\"vc_col-sm-12 vc_col-lg-offset-2 vc_col-lg-8 vc_col-md-offset-2 vc_col-md-8 wpb_column vc_column_container\"><div class=\"vc_column-inner\"><div class=\"wpb_wrapper\"><div class=\"wpb_text_column\"><div class=\"wpb_wrapper\"><h2>Warum ein Italienisch-Konversationskurs?<\/h2>\n<\/div><\/div><div class=\"wpb_text_column\"><div class=\"wpb_wrapper\"><ol>\n<li>Um den Lernprozess zu beschleunigen<\/li>\n<li>Um bereits vorhandene Kenntnisse aufzufrischen und Problembereiche zu erkennen<\/li>\n<li>Um Themen zu vertiefen und den Wortschatz zu vergr\u00f6\u00dfern<\/li>\n<li>Um sich durch die Simulation bestimmter Gespr\u00e4chssituationen auf einen Italienaufenthalt vorzubereiten<\/li>\n<\/ol>\n<p>Unsere Konversationskurse richten sich prim\u00e4r an fortgeschrittene Teilnehmer, die bereits seit l\u00e4ngerer Zeit Italienisch lernen und ihre kommunikativen F\u00e4higkeiten verbessern m\u00f6chten. Unsere Kurse empfehlen sich unter anderem in folgenden F\u00e4llen:<\/p>\n<ul>\n<li>Sie k\u00f6nnen zwar ganz gut sprechen und schwierige Texte lesen, f\u00fchlen sich aber noch nicht wirklich sicher<\/li>\n<li>Sie k\u00f6nnen schon flie\u00dfend sprechen, sehen aber noch L\u00fccken, was Ihren Wortschatz angeht, z.B. in den Bereichen Umgangssprache und Redewendungen<\/li>\n<li>Ihr Italienisch ist bereits sehr gut, aber Sie haben kaum Gelegenheit, es einzusetzen und m\u00f6chten nicht aus der \u00dcbung kommen<\/li>\n<\/ul>\n<p>Den Schwerpunkt im Konversationskurs bildet die aktive Teilnahme an Diskussionen, h\u00e4ufig zu Texten aus italienischen Zeitungen und Zeitschriften und aktuellen Themen aus allen Bereichen. Die Teilnehmer werden dazu angehalten auch selber Themen vorzuschlagen.<\/p>\n<\/div><\/div><\/div><\/div><\/div><\/div><\/div><\/section><section class=\"l-section wpb_row height_small\"><div class=\"l-section-h i-cf\"><div class=\"g-cols vc_row via_flex valign_top type_default stacking_default\"><div class=\"vc_col-sm-12 vc_col-lg-offset-2 vc_col-lg-8 vc_col-md-offset-2 vc_col-md-8 wpb_column vc_column_container\"><div class=\"vc_column-inner\"><div class=\"wpb_wrapper\"><div class=\"wpb_text_column\"><div class=\"wpb_wrapper\"><h2>Italienische Konversation \u00fcben: Wor\u00fcber reden wir?<\/h2>\n<\/div><\/div><div class=\"wpb_text_column\"><div class=\"wpb_wrapper\"><ul>\n<li>Alltagssituationen<\/li>\n<li>Tagesaktuelle Themen aus Italien und Deutschland<\/li>\n<li>Italienische Gesellschaft und Kultur<\/li>\n<li>Texte aus der italienischen Literatur<\/li>\n<\/ul>\n<p>Mehr Informationen zu den Texten der Konversationskurse finden Sie auf der Seite <a href=\"https:\/\/www.italienisch-werkstatt.de\/en\/italienisch-lernen-buch\" target=\"_blank\" rel=\"noopener noreferrer\">Teaching material<\/a>.<\/p>\n<p><a href=\"https:\/\/www.italienisch-werkstatt.de\/en\/italienisch-lernen-in-berlin-italienisch-werkstatt\">Kontaktieren Sie uns<\/a> einfach, wenn Sie mehr \u00fcber unsere italienischen Konversationskurse erfahren, oder sich anmelden m\u00f6chten.<\/p>\n<\/div><\/div><\/div><\/div><\/div><\/div><\/div><\/section>","protected":false},"excerpt":{"rendered":"Italienisch-Konversation in Berlin \u00fcben Sie k\u00f6nnen schon etwas Italienisch, m\u00f6chten aber Ihren m\u00fcndlichen Ausdruck verbessern? Oder Sie m\u00f6chten Ihre Hemmungen beim Sprechen \u00fcberwinden? In diesen F\u00e4llen empfehlen wir unsere Konversationskurse. Italienisch-Konversation Dies sind unsere Konversationskurse: Sprachniveau Italienisch A2-B1: Dieser Kurs hilft dabei, Hemmungen abzubauen und Ihren Wortschatz situationsbezogen zu erweitern. Sprachniveau Italienisch B2-C1\/C2: Hier helfen...","protected":false},"author":1,"featured_media":0,"parent":0,"menu_order":14,"comment_status":"closed","ping_status":"closed","template":"","meta":{"_acf_changed":false,"footnotes":""},"class_list":["post-351","page","type-page","status-publish","hentry"],"acf":[],"_links":{"self":[{"href":"https:\/\/www.italienisch-werkstatt.de\/en\/wp-json\/wp\/v2\/pages\/351","targetHints":{"allow":["GET"]}}],"collection":[{"href":"https:\/\/www.italienisch-werkstatt.de\/en\/wp-json\/wp\/v2\/pages"}],"about":[{"href":"https:\/\/www.italienisch-werkstatt.de\/en\/wp-json\/wp\/v2\/types\/page"}],"author":[{"embeddable":true,"href":"https:\/\/www.italienisch-werkstatt.de\/en\/wp-json\/wp\/v2\/users\/1"}],"replies":[{"embeddable":true,"href":"https:\/\/www.italienisch-werkstatt.de\/en\/wp-json\/wp\/v2\/comments?post=351"}],"version-history":[{"count":1,"href":"https:\/\/www.italienisch-werkstatt.de\/en\/wp-json\/wp\/v2\/pages\/351\/revisions"}],"predecessor-version":[{"id":6567,"href":"https:\/\/www.italienisch-werkstatt.de\/en\/wp-json\/wp\/v2\/pages\/351\/revisions\/6567"}],"wp:attachment":[{"href":"https:\/\/www.italienisch-werkstatt.de\/en\/wp-json\/wp\/v2\/media?parent=351"}],"curies":[{"name":"wp","href":"https:\/\/api.w.org\/{rel}","templated":true}]}}