{"id":327,"date":"2020-07-20T10:13:06","date_gmt":"2020-07-20T10:13:06","guid":{"rendered":"https:\/\/italienisch-werkstatt.de\/?page_id=327"},"modified":"2025-02-19T10:35:38","modified_gmt":"2025-02-19T09:35:38","slug":"einzelunterricht-italienisch","status":"publish","type":"page","link":"https:\/\/www.italienisch-werkstatt.de\/en\/einzelunterricht-italienisch","title":{"rendered":"Private lessons"},"content":{"rendered":"<section class=\"l-section wpb_row height_small color_alternate\"><div class=\"l-section-h i-cf\"><div class=\"g-cols vc_row via_flex valign_top type_default stacking_default\"><div class=\"vc_col-sm-12 vc_col-lg-offset-2 vc_col-lg-8 vc_col-md-offset-2 vc_col-md-8 wpb_column vc_column_container\"><div class=\"vc_column-inner\"><div class=\"wpb_wrapper\"><div class=\"wpb_text_column\"><div class=\"wpb_wrapper\"><h1>Private Italian lessons that fit your calendar<\/h1>\n<\/div><\/div><div class=\"wpb_text_column\"><div class=\"wpb_wrapper\"><p class=\"translation-block\">If you want to learn in a personalised and targeted way and your schedule is tight, <a href=\"https:\/\/www.italienisch-werkstatt.de\/en\/einzelunterricht-italienisch\/\" target=\"_self\"><strong>individual lessons<\/strong><\/a> or personalised language coaching may be the ideal solution for you. You can define your personal <strong>learning objectives and preferred rhythm<\/strong> and we'll accompany you on your step by step learning process.<\/p>\n<p>Individual coaching also offers you the opportunity to learn job-specific Italian, whether you are a chef, manager or opera singer.<\/p>\n<\/div><\/div><\/div><\/div><\/div><\/div><\/div><\/section><section class=\"l-section wpb_row height_auto color_alternate\"><div class=\"l-section-h i-cf\"><div class=\"g-cols vc_row via_flex valign_top type_default stacking_default\"><div class=\"vc_col-sm-12 vc_col-lg-offset-3 vc_col-lg-6 vc_col-md-offset-3 vc_col-md-6 wpb_column vc_column_container\"><div class=\"vc_column-inner\"><div class=\"wpb_wrapper\"><div class=\"w-image align_none\"><div class=\"w-image-h\"><img decoding=\"async\" width=\"1024\" height=\"683\" src=\"https:\/\/www.italienisch-werkstatt.de\/wp-content\/uploads\/2020\/12\/Einzelunterricht-1024x683.jpg\" class=\"attachment-large size-large\" alt=\"\" loading=\"lazy\" srcset=\"https:\/\/www.italienisch-werkstatt.de\/wp-content\/uploads\/2020\/12\/Einzelunterricht-1024x683.jpg 1024w, https:\/\/www.italienisch-werkstatt.de\/wp-content\/uploads\/2020\/12\/Einzelunterricht-300x200.jpg 300w, https:\/\/www.italienisch-werkstatt.de\/wp-content\/uploads\/2020\/12\/Einzelunterricht-600x400.jpg 600w, https:\/\/www.italienisch-werkstatt.de\/wp-content\/uploads\/2020\/12\/Einzelunterricht.jpg 1254w\" sizes=\"auto, (max-width: 1024px) 100vw, 1024px\" \/><\/div><\/div><\/div><\/div><\/div><\/div><\/div><\/section><section class=\"l-section wpb_row height_small\"><div class=\"l-section-h i-cf\"><div class=\"g-cols vc_row via_flex valign_top type_default stacking_default\"><div class=\"vc_col-sm-12 vc_col-lg-offset-2 vc_col-lg-8 vc_col-md-offset-2 vc_col-md-8 wpb_column vc_column_container\"><div class=\"vc_column-inner\"><div class=\"wpb_wrapper\"><div class=\"wpb_text_column\"><div class=\"wpb_wrapper\"><h2>Information about your private lessons<\/h2>\n<\/div><\/div><div class=\"g-cols wpb_row via_flex valign_top type_default stacking_default\"><div class=\"vc_col-sm-2 wpb_column vc_column_container\"><div class=\"vc_column-inner\"><div class=\"wpb_wrapper\"><div class=\"wpb_text_column us_custom_54097ede\"><div class=\"wpb_wrapper\"><p><strong>Where<\/strong><\/p>\n<\/div><\/div><\/div><\/div><\/div><div class=\"vc_col-sm-10 wpb_column vc_column_container\"><div class=\"vc_column-inner\"><div class=\"wpb_wrapper\"><div class=\"wpb_text_column\"><div class=\"wpb_wrapper\"><p class=\"translation-block\">At <strong>your workplace<\/strong> or <strong>your home<\/strong>, where we guarantee the utmost discretion and trust. Private lessons are also possible on <strong>our premises<\/strong> depending on room availability. If you're often travelling and have a lot of time on your hands, then one-to-one <strong>online<\/strong> lessons are the right solution for you. Our teachers have long been specialists in <strong>distance learning<\/strong>, so please contact us!<\/p>\n<\/div><\/div><\/div><\/div><\/div><\/div><div class=\"g-cols wpb_row us_custom_3188818e via_flex valign_top type_default stacking_default\"><div class=\"vc_col-sm-2 wpb_column vc_column_container\"><div class=\"vc_column-inner\"><div class=\"wpb_wrapper\"><div class=\"wpb_text_column us_custom_54097ede\"><div class=\"wpb_wrapper\"><p><strong>When<\/strong><\/p>\n<\/div><\/div><\/div><\/div><\/div><div class=\"vc_col-sm-10 wpb_column vc_column_container\"><div class=\"vc_column-inner\"><div class=\"wpb_wrapper\"><div class=\"wpb_text_column\"><div class=\"wpb_wrapper\"><p>Let us know your preferred dates and we'll find the right teacher for you as quickly as possible.<\/p>\n<\/div><\/div><\/div><\/div><\/div><\/div><div class=\"g-cols wpb_row us_custom_3188818e via_flex valign_top type_default stacking_default\"><div class=\"vc_col-sm-2 wpb_column vc_column_container\"><div class=\"vc_column-inner\"><div class=\"wpb_wrapper\"><div class=\"wpb_text_column us_custom_54097ede\"><div class=\"wpb_wrapper\"><p><strong>How<\/strong><\/p>\n<\/div><\/div><\/div><\/div><\/div><div class=\"vc_col-sm-10 wpb_column vc_column_container\"><div class=\"vc_column-inner\"><div class=\"wpb_wrapper\"><div class=\"wpb_text_column\"><div class=\"wpb_wrapper\"><p>We agree on a syllabus together based on any previous knowledge and to emphasise the skills that you wish to develop.<\/p>\n<\/div><\/div><\/div><\/div><\/div><\/div><div class=\"g-cols wpb_row us_custom_3188818e via_flex valign_top type_default stacking_default\"><div class=\"vc_col-sm-2 wpb_column vc_column_container\"><div class=\"vc_column-inner\"><div class=\"wpb_wrapper\"><div class=\"wpb_text_column us_custom_54097ede\"><div class=\"wpb_wrapper\"><p><strong>Prices<\/strong><\/p>\n<\/div><\/div><\/div><\/div><\/div><div class=\"vc_col-sm-10 wpb_column vc_column_container\"><div class=\"vc_column-inner\"><div class=\"wpb_wrapper\"><div class=\"wpb_text_column\"><div class=\"wpb_wrapper\"><p class=\"translation-block\">You can find these on the <a href=\"https:\/\/www.italienisch-werkstatt.de\/en\/preise-einzelunterricht-firmenunterrichten\/\" target=\"_blank\" rel=\"noopener\">individual and company lessons prices<\/a> page.<\/p>\n<\/div><\/div><\/div><\/div><\/div><\/div><\/div><\/div><\/div><\/div><\/div><\/section><section class=\"l-section wpb_row height_small color_alternate\"><div class=\"l-section-h i-cf\"><div class=\"g-cols vc_row via_flex valign_top type_default stacking_default\"><div class=\"vc_col-sm-12 vc_col-lg-offset-2 vc_col-lg-8 vc_col-md-offset-2 vc_col-md-8 wpb_column vc_column_container\"><div class=\"vc_column-inner\"><div class=\"wpb_wrapper\"><div class=\"wpb_text_column\"><div class=\"wpb_wrapper\"><h2>Private lessons - goals and methods<\/h2>\n<\/div><\/div><div class=\"wpb_text_column\"><div class=\"wpb_wrapper\"><p>We offer you the following options for private Italian lessons and language coaching:<\/p>\n<ul>\n<li>All language levels, A1 to C2<\/li>\n<li>Refresh your Italian grammar<\/li>\n<li>Simple to intensive Italian conversation<\/li>\n<li class=\"translation-block\">For special objectives: Working on <strong>situation-based vocabulary<\/strong><\/li>\n<li>For perfectionists: text analysis, annotated reading - literature, newspapers and much more, whatever you want!<\/li>\n<li class=\"translation-block\">Preparation for certificate exams (e.g. <strong>CILS <\/strong>and <strong>TELC<\/strong>)<\/li>\n<li>Help with speech difficulties and anxiety<\/li>\n<li class=\"translation-block\">Business coaching: customised courses for managers and preparation for <strong>business trips<\/strong><\/li>\n<\/ul>\n<p class=\"translation-block\"><strong>Method: <\/strong>Depending on the intensity of the programme and your previous knowledge, the course will either be communicative and practice-oriented or more systematic and theoretical. If you wish, we can discuss a teaching\/learning concept that suits your individual learning type and learning objective in an initial non-binding discussion.<\/p>\n<\/div><\/div><\/div><\/div><\/div><\/div><\/div><\/section><section class=\"l-section wpb_row height_auto color_alternate\"><div class=\"l-section-h i-cf\"><div class=\"g-cols vc_row via_flex valign_top type_default stacking_default\"><div class=\"vc_col-sm-4 vc_col-lg-offset-3 vc_col-lg-6 vc_col-md-offset-3 vc_col-md-6 wpb_column vc_column_container\"><div class=\"vc_column-inner\"><div class=\"wpb_wrapper\"><div class=\"w-image us_custom_f13720f2 align_center\"><div class=\"w-image-h\"><img decoding=\"async\" width=\"799\" height=\"577\" src=\"https:\/\/www.italienisch-werkstatt.de\/wp-content\/uploads\/2021\/03\/Italienisch-Einzelunterricht-in-Berlin.jpg\" class=\"attachment-full size-full\" alt=\"Italienisch Einzelunterricht in Berlin\" loading=\"lazy\" srcset=\"https:\/\/www.italienisch-werkstatt.de\/wp-content\/uploads\/2021\/03\/Italienisch-Einzelunterricht-in-Berlin.jpg 799w, https:\/\/www.italienisch-werkstatt.de\/wp-content\/uploads\/2021\/03\/Italienisch-Einzelunterricht-in-Berlin-300x217.jpg 300w, https:\/\/www.italienisch-werkstatt.de\/wp-content\/uploads\/2021\/03\/Italienisch-Einzelunterricht-in-Berlin-600x433.jpg 600w\" sizes=\"auto, (max-width: 799px) 100vw, 799px\" \/><\/div><\/div><\/div><\/div><\/div><\/div><\/div><\/section><section class=\"l-section wpb_row height_small\"><div class=\"l-section-h i-cf\"><div class=\"g-cols vc_row via_flex valign_top type_default stacking_default\"><div class=\"vc_col-sm-8 vc_col-lg-offset-2 vc_col-lg-8 vc_col-md-offset-2 vc_col-md-8 wpb_column vc_column_container\"><div class=\"vc_column-inner\"><div class=\"wpb_wrapper\"><div class=\"wpb_text_column\"><div class=\"wpb_wrapper\"><h2>The advantages of private Italian lessons<\/h2>\n<\/div><\/div><div class=\"wpb_text_column\"><div class=\"wpb_wrapper\"><p>There are various reasons to choose private lessons:<\/p>\n<ol>\n<li>You can choose the location for your lessons - for example at your home, at work, on holiday (distance learning) or, if necessary, at our Italian workshop. In all cases, we guarantee you the utmost discretion.<\/li>\n<li>You decide when you want to learn.<\/li>\n<li>The lessons are tailored to your needs.<\/li>\n<\/ol>\n<\/div><\/div><\/div><\/div><\/div><\/div><\/div><\/section><section class=\"l-section wpb_row height_small color_alternate\"><div class=\"l-section-h i-cf\"><div class=\"g-cols vc_row via_flex valign_top type_default stacking_default\"><div class=\"vc_col-sm-4 vc_col-lg-offset-2 vc_col-lg-4 vc_col-md-offset-2 vc_col-md-4 wpb_column vc_column_container\"><div class=\"vc_column-inner\"><div class=\"wpb_wrapper\"><div class=\"wpb_text_column\"><div class=\"wpb_wrapper\"><p class=\"translation-block\">If you would like to find out more, simply arrange a <strong>date<\/strong> with us.<\/p>\n<\/div><\/div><\/div><\/div><\/div><div class=\"vc_col-sm-4 vc_col-lg-4 vc_col-md-4 wpb_column vc_column_container\"><div class=\"vc_column-inner\"><div class=\"wpb_wrapper\"><section class=\"l-section wpb_row height_auto width_full\"><div class=\"l-section-h i-cf\"><div class=\"g-cols vc_row via_flex valign_top type_default stacking_default\"><div class=\"vc_col-sm-12 wpb_column vc_column_container\"><div class=\"vc_column-inner\"><div class=\"wpb_wrapper\"><div class=\"w-separator size_small with_line width_default thick_1 style_solid color_secondary align_left with_text with_content\"><div class=\"w-separator-h\"><p class=\"w-separator-text\"><i class=\"fal fa-pencil\"><\/i><span>Enquiry information<\/span><\/p><\/div><\/div><div class=\"wpb_text_column\"><div class=\"wpb_wrapper\">\n<div class=\"wpcf7 no-js\" id=\"wpcf7-f1422-o1\" lang=\"it-IT\" dir=\"ltr\" data-wpcf7-id=\"1422\">\n<div class=\"screen-reader-response\"><p role=\"status\" aria-live=\"polite\" aria-atomic=\"true\"><\/p> <ul><\/ul><\/div>\n<form action=\"\/en\/wp-json\/wp\/v2\/pages\/327#wpcf7-f1422-o1\" method=\"post\" class=\"wpcf7-form init\" aria-label=\"Modulo di contatto\" novalidate=\"novalidate\" data-status=\"init\" data-trp-original-action=\"\/en\/wp-json\/wp\/v2\/pages\/327#wpcf7-f1422-o1\">\n<fieldset class=\"hidden-fields-container\"><input type=\"hidden\" name=\"_wpcf7\" value=\"1422\" \/><input type=\"hidden\" name=\"_wpcf7_version\" value=\"6.1.5\" \/><input type=\"hidden\" name=\"_wpcf7_locale\" value=\"it_IT\" \/><input type=\"hidden\" name=\"_wpcf7_unit_tag\" value=\"wpcf7-f1422-o1\" \/><input type=\"hidden\" name=\"_wpcf7_container_post\" value=\"0\" \/><input type=\"hidden\" name=\"_wpcf7_posted_data_hash\" value=\"\" \/><input type=\"hidden\" name=\"_wpcf7dtx_version\" value=\"5.0.5\" \/>\n<\/fieldset>\n<p><label> Salutation<br \/>\n<span class=\"wpcf7-form-control-wrap\" data-name=\"Kontakt-Anrede\"><select class=\"wpcf7-form-control wpcf7-select wpcf7-validates-as-required\" aria-required=\"true\" aria-invalid=\"false\" name=\"Kontakt-Anrede\"><option value=\"\">&#8212;Seleziona un&#039;opzione&#8212;<\/option><option value=\"Frau\">Mrs<\/option><option value=\"Herr\">Mr<\/option><option value=\"Dr.\">Dr.<\/option><option value=\"Prof.\">Prof.<\/option><option value=\"Prof. Dr.\">Prof. Dr.<\/option><\/select><\/span> <\/label>\n<\/p>\n<p><label> First name*<br \/>\n<span class=\"wpcf7-form-control-wrap\" data-name=\"Kontakt-Vorname\"><input size=\"40\" maxlength=\"400\" class=\"wpcf7-form-control wpcf7-text wpcf7-validates-as-required\" aria-required=\"true\" aria-invalid=\"false\" value=\"\" type=\"text\" name=\"Kontakt-Vorname\" \/><\/span> <\/label>\n<\/p>\n<p><label> Surname*<br \/>\n<span class=\"wpcf7-form-control-wrap\" data-name=\"Kontakt-Nachname\"><input size=\"40\" maxlength=\"400\" class=\"wpcf7-form-control wpcf7-text wpcf7-validates-as-required\" aria-required=\"true\" aria-invalid=\"false\" value=\"\" type=\"text\" name=\"Kontakt-Nachname\" \/><\/span> <\/label>\n<\/p>\n<p><label> E-mail*<br \/>\n<span class=\"wpcf7-form-control-wrap\" data-name=\"Kontakt-email\"><input size=\"40\" maxlength=\"400\" class=\"wpcf7-form-control wpcf7-email wpcf7-validates-as-required wpcf7-text wpcf7-validates-as-email\" aria-required=\"true\" aria-invalid=\"false\" value=\"\" type=\"email\" name=\"Kontakt-email\" \/><\/span> <\/label>\n<\/p>\n<p><label> Telephone number<br \/>\n<span class=\"wpcf7-form-control-wrap\" data-name=\"Kontakt-Telefonnummer\"><input size=\"40\" maxlength=\"400\" class=\"wpcf7-form-control wpcf7-tel wpcf7-text wpcf7-validates-as-tel\" aria-invalid=\"false\" value=\"\" type=\"tel\" name=\"Kontakt-Telefonnummer\" \/><\/span> <\/label>\n<\/p>\n<p><label> Enquiry*<br \/>\n<span class=\"wpcf7-form-control-wrap\" data-name=\"Kontakt-Anfrage\"><textarea cols=\"40\" rows=\"10\" maxlength=\"2000\" class=\"wpcf7-form-control wpcf7-textarea wpcf7-validates-as-required\" aria-required=\"true\" aria-invalid=\"false\" name=\"Kontakt-Anfrage\"><\/textarea><\/span> <\/label>\n<\/p>\n<p><span id=\"wpcf7-69fed56e39bf0-wrapper\" class=\"wpcf7-form-control-wrap Accept-Conditions-wrap\" ><input type=\"hidden\" name=\"Accept-Conditions-time-start\" value=\"1778308462\"><input type=\"hidden\" name=\"Accept-Conditions-time-check\" value=\"4\"><label for=\"wpcf7-69fed56e39bf0-field\" class=\"hp-message\">Si prega di lasciare vuoto questo campo.<\/label><input id=\"wpcf7-69fed56e39bf0-field\"  class=\"wpcf7-form-control wpcf7-text\" type=\"text\" name=\"Accept-Conditions\" value=\"\" size=\"40\" tabindex=\"-1\" autocomplete=\"new-password\" \/><\/span>\n<\/p>\n<p><span class=\"wpcf7-form-control-wrap\" data-name=\"acceptance-941\"><span class=\"wpcf7-form-control wpcf7-acceptance\"><span class=\"wpcf7-list-item\"><label><input type=\"checkbox\" name=\"acceptance-941\" value=\"1\" aria-invalid=\"false\" \/><span class=\"wpcf7-list-item-label\">By completing this form, you declare that you have read our conditions for processing personal data.<\/span><\/label><\/span><\/span><\/span><br \/>\n<a href=\"https:\/\/www.italienisch-werkstatt.de\/en\/datenschutzerklaerung\" target=\"_blank\">Privacy policy *<\/a>\n<\/p>\n<p>I agree to be informed about future Italienisch-Werkstatt language courses *.<br \/>\n<span class=\"wpcf7-form-control-wrap\" data-name=\"Newsletter\"><span class=\"wpcf7-form-control wpcf7-radio\"><span class=\"wpcf7-list-item first\"><label><input type=\"radio\" name=\"Newsletter\" value=\"Ja\" \/><span class=\"wpcf7-list-item-label\">Yes<\/span><\/label><\/span><span class=\"wpcf7-list-item last\"><label><input type=\"radio\" name=\"Newsletter\" value=\"Nein\" \/><span class=\"wpcf7-list-item-label\">No<\/span><\/label><\/span><\/span><\/span>\n<\/p>\n<p><input class=\"wpcf7-form-control wpcf7-submit has-spinner\" type=\"submit\" value=\"Send\" \/>\n<\/p><p style=\"display: none !important;\" class=\"akismet-fields-container\" data-prefix=\"_wpcf7_ak_\"><label>&#916;<textarea name=\"_wpcf7_ak_hp_textarea\" cols=\"45\" rows=\"8\" maxlength=\"100\"><\/textarea><\/label><input type=\"hidden\" id=\"ak_js_1\" name=\"_wpcf7_ak_js\" value=\"205\"\/><script>\ndocument.getElementById( \"ak_js_1\" ).setAttribute( \"value\", ( new Date() ).getTime() );\n<\/script>\n<\/p><div class=\"wpcf7-response-output\" aria-hidden=\"true\"><\/div>\n<input type=\"hidden\" name=\"trp-form-language\" value=\"en\"\/><\/form>\n<\/div>\n\n<\/div><\/div><\/div><\/div><\/div><\/div><\/div><\/section>\n<\/div><\/div><\/div><\/div><\/div><\/section>","protected":false},"excerpt":{"rendered":"Der Einzelunterricht Italienisch, der in Ihren Kalender passt Wenn Sie am besten individuell und zielgerichtet lernen m\u00f6chten und Ihr Terminkalender nur \u00fcber enge Spielr\u00e4ume verf\u00fcgt, ist der Einzelunterricht bzw. ein pers\u00f6nliches Sprachcoaching m\u00f6glicherweise die ideale L\u00f6sung f\u00fcr Sie. Hier bestimmen Sie Ihre pers\u00f6nlichen Lernziele und den Lernrhythmus. Sie werden Schritt f\u00fcr Schritt beim Lernprozess begleitet...","protected":false},"author":1,"featured_media":0,"parent":0,"menu_order":16,"comment_status":"closed","ping_status":"closed","template":"","meta":{"_acf_changed":false,"footnotes":""},"class_list":["post-327","page","type-page","status-publish","hentry"],"acf":[],"_links":{"self":[{"href":"https:\/\/www.italienisch-werkstatt.de\/en\/wp-json\/wp\/v2\/pages\/327","targetHints":{"allow":["GET"]}}],"collection":[{"href":"https:\/\/www.italienisch-werkstatt.de\/en\/wp-json\/wp\/v2\/pages"}],"about":[{"href":"https:\/\/www.italienisch-werkstatt.de\/en\/wp-json\/wp\/v2\/types\/page"}],"author":[{"embeddable":true,"href":"https:\/\/www.italienisch-werkstatt.de\/en\/wp-json\/wp\/v2\/users\/1"}],"replies":[{"embeddable":true,"href":"https:\/\/www.italienisch-werkstatt.de\/en\/wp-json\/wp\/v2\/comments?post=327"}],"version-history":[{"count":6,"href":"https:\/\/www.italienisch-werkstatt.de\/en\/wp-json\/wp\/v2\/pages\/327\/revisions"}],"predecessor-version":[{"id":6554,"href":"https:\/\/www.italienisch-werkstatt.de\/en\/wp-json\/wp\/v2\/pages\/327\/revisions\/6554"}],"wp:attachment":[{"href":"https:\/\/www.italienisch-werkstatt.de\/en\/wp-json\/wp\/v2\/media?parent=327"}],"curies":[{"name":"wp","href":"https:\/\/api.w.org\/{rel}","templated":true}]}}