{"id":3185,"date":"2022-05-30T19:00:52","date_gmt":"2022-05-30T17:00:52","guid":{"rendered":"https:\/\/www.italienisch-werkstatt.de\/?page_id=3185"},"modified":"2025-02-19T10:42:58","modified_gmt":"2025-02-19T09:42:58","slug":"einzelstunde-reservierung","status":"publish","type":"page","link":"https:\/\/www.italienisch-werkstatt.de\/en\/einzelstunde-reservierung","title":{"rendered":"Einzelne Unterrichtsstunde"},"content":{"rendered":"<section class=\"l-section wpb_row us_custom_50bdabea height_small color_alternate\"><div class=\"l-section-h i-cf\"><div class=\"g-cols vc_row via_flex valign_top type_default stacking_default\"><div class=\"vc_col-sm-12 vc_col-lg-offset-2 vc_col-lg-8 vc_col-md-offset-2 vc_col-md-8 wpb_column vc_column_container\"><div class=\"vc_column-inner\"><div class=\"wpb_wrapper\"><div class=\"wpb_text_column us_custom_ef3015ad\"><div class=\"wpb_wrapper\"><h1>Singola lezione &#8211; Einzelne Unterrichtsstunde<\/h1>\n<\/div><\/div><div class=\"w-separator size_small with_line width_default thick_1 style_solid color_border align_center\"><div class=\"w-separator-h\"><\/div><\/div><div class=\"wpb_text_column us_custom_965cebb7\"><div class=\"wpb_wrapper\"><p>Die\u00a0flexible Unterrichtsstunde, die all Ihre Fragen zur italienischen Sprache kl\u00e4rt!<\/p>\n<\/div><\/div><\/div><\/div><\/div><\/div><\/div><\/section><section class=\"l-section wpb_row us_custom_011d8128 height_auto color_alternate\"><div class=\"l-section-h i-cf\"><div class=\"g-cols vc_row via_flex valign_top type_default stacking_default\"><div class=\"vc_col-sm-12 vc_col-lg-offset-2 vc_col-lg-8 vc_col-md-offset-2 vc_col-md-8 wpb_column vc_column_container\"><div class=\"vc_column-inner\"><div class=\"wpb_wrapper\"><div class=\"w-image us_custom_50764b5d align_left\"><div class=\"w-image-h\"><img decoding=\"async\" width=\"826\" height=\"551\" src=\"https:\/\/www.italienisch-werkstatt.de\/wp-content\/uploads\/2022\/06\/Michele-Small.jpg\" class=\"attachment-large size-large\" alt=\"Singola Lezione - Eine einzelne online Unterrichtsstunde\" loading=\"lazy\" srcset=\"https:\/\/www.italienisch-werkstatt.de\/wp-content\/uploads\/2022\/06\/Michele-Small.jpg 826w, https:\/\/www.italienisch-werkstatt.de\/wp-content\/uploads\/2022\/06\/Michele-Small-300x200.jpg 300w, https:\/\/www.italienisch-werkstatt.de\/wp-content\/uploads\/2022\/06\/Michele-Small-600x400.jpg 600w\" sizes=\"auto, (max-width: 826px) 100vw, 826px\" \/><\/div><\/div><\/div><\/div><\/div><\/div><\/div><\/section><section class=\"l-section wpb_row height_small color_alternate\"><div class=\"l-section-h i-cf\"><div class=\"g-cols vc_row via_flex valign_top type_default stacking_default\"><div class=\"vc_col-sm-12 vc_col-lg-offset-2 vc_col-lg-8 vc_col-md-offset-2 vc_col-md-8 wpb_column vc_column_container\"><div class=\"vc_column-inner\"><div class=\"wpb_wrapper\"><div class=\"wpb_text_column\"><div class=\"wpb_wrapper\"><h2>Was ist die Singola lezione der Italienisch-Werkstatt?<\/h2>\n<\/div><\/div><div class=\"wpb_text_column\"><div class=\"wpb_wrapper\"><p>Bei diesem Angebot k\u00f6nnen Sie <strong>Italienischstunden einzeln und flexibel buchen<\/strong>, sowohl online als auch in Pr\u00e4senz.<\/p>\n<\/div><\/div><\/div><\/div><\/div><\/div><\/div><\/section><section class=\"l-section wpb_row height_small color_alternate\"><div class=\"l-section-h i-cf\"><div class=\"g-cols vc_row via_flex valign_top type_default stacking_default\"><div class=\"vc_col-sm-12 vc_col-lg-offset-2 vc_col-lg-8 vc_col-md-offset-2 vc_col-md-8 wpb_column vc_column_container\"><div class=\"vc_column-inner\"><div class=\"wpb_wrapper\"><div class=\"wpb_text_column\"><div class=\"wpb_wrapper\"><h2>Wie hilft Ihnen eine Einzelstunde beim Italienischlernen?<\/h2>\n<\/div><\/div><div class=\"wpb_text_column\"><div class=\"wpb_wrapper\"><p>Bei einer Singola lezione sind Sie nat\u00fcrlich der einzige Teilnehmer\/die einzige Teilnehmerin. Der Unterricht wird genau <strong>auf Ihre Bed\u00fcrfnisse hin zugeschnitten<\/strong>. D.h., welche Themen Sie mit der Lehrerin behandeln, bestimmen Sie! Teilen Sie uns am besten schon bei der Terminbuchung grob mit, welche Frage bzw. Schw\u00e4che Sie kl\u00e4ren m\u00f6chten oder welches Thema Ihnen am Herzen liegt. Unsere qualifizierten, erfahrenen und muttersprachlichen <a href=\"https:\/\/www.italienisch-werkstatt.de\/en\/italienisch-lehrer-in-berlin\" target=\"_blank\" rel=\"noopener\">Lehrerinnen<\/a>\u00a0werden Ihnen mit Rat und Tat in folgenden F\u00e4llen helfen, u.a. hierbei:<\/p>\n<ul>\n<li>Nachholung von <strong>verpassten Unterrichtseinheiten<\/strong> in Ihrem Sprachkurs<\/li>\n<li><strong>Kl\u00e4rung von grammatikalischen Fragen<\/strong>, ggf. mithilfe geeigneter \u00dcbungen und Verfestigung von komplexen syntaktischen Strukturen<\/li>\n<li><strong>Konversations\u00fcbungen<\/strong> f\u00fcr Sch\u00fcler im Anf\u00e4ngerbereich (A1), in der Mittel- (A2) sowie Aufbaustufe (B1-B2)<\/li>\n<li><strong>Auffrischung<\/strong> der eigenen sprachlichen Kompetenzen vor einem Italien-Urlaub<\/li>\n<li><strong>Conversation<\/strong> und Vokabular zu spezifischen Themen (Beruf, Business, Wissenschaft, Literatur u.m.)<\/li>\n<li>Lektorat, <strong>Korrektur<\/strong> und Besprechung von stilistischen Fragen in Ihren Texten<\/li>\n<\/ul>\n<\/div><\/div><\/div><\/div><\/div><\/div><\/div><\/section><section class=\"l-section wpb_row height_small color_alternate\"><div class=\"l-section-h i-cf\"><div class=\"g-cols vc_row via_flex valign_top type_default stacking_default\"><div class=\"vc_col-sm-12 vc_col-lg-offset-2 vc_col-lg-8 vc_col-md-offset-2 vc_col-md-8 wpb_column vc_column_container\"><div class=\"vc_column-inner\"><div class=\"wpb_wrapper\"><div class=\"wpb_text_column\"><div class=\"wpb_wrapper\"><h2>F\u00fcr wen ist die Singola lezione gedacht?<\/h2>\n<\/div><\/div><div class=\"wpb_text_column\"><div class=\"wpb_wrapper\"><p><strong>F\u00fcr alle<\/strong>, die Italienisch schon lernen und sprechen bzw. lernen m\u00f6chten. Selbstverst\u00e4ndlich decken wir\u00a0<strong>alle Sprachniveaus<\/strong>\u00a0ab, von Anf\u00e4ngern ohne Vorkenntnisse bis C2.<\/p>\n<p>Mehrere Einzelstunden sind au\u00dferdem ideal f\u00fcr Italienischlernende, die nicht die M\u00f6glichkeit haben, unseren Standard-Block von 10 Unterrichtsstunden regelm\u00e4\u00dfig zu absolvieren. In diesem Fall kann der Sch\u00fcler\/die Sch\u00fclerin von Mal zu Mal seine\/ihre Stunde buchen und den passenden Termin jedes Mal absprechen.<\/p>\n<\/div><\/div><\/div><\/div><\/div><\/div><\/div><\/section><section class=\"l-section wpb_row height_small\"><div class=\"l-section-h i-cf\"><div class=\"g-cols vc_row via_flex valign_top type_default stacking_default\"><div class=\"vc_col-sm-6 vc_col-lg-offset-2 vc_col-lg-4 vc_col-md-offset-2 vc_col-md-4 wpb_column vc_column_container\"><div class=\"vc_column-inner\"><div class=\"wpb_wrapper\"><div class=\"wpb_text_column\"><div class=\"wpb_wrapper\"><p><span class=\"gmail_signature_prefix\"><span class=\"gmail_default\">Information on the <a href=\"https:\/\/www.italienisch-werkstatt.de\/en\/preise-einzelunterricht-firmenunterrichten\" target=\"_blank\" rel=\"noopener\">Preisen\u00a0der Singola Lezione<\/a>.<\/span><\/span><\/p>\n<div><span class=\"gmail_signature_prefix\"><span class=\"gmail_default\">Wenn Sie weitere\u00a0<b>Fragen\u00a0<\/b>zu diesem Angebot haben bzw. um einen passenden Termin f\u00fcr Ihre Singola Lezione zu buchen, klicken Sie bitte auf den folgenden Anfrage-Button oder rufen Sie uns einfach an.<\/span><\/span><\/div>\n<\/div><\/div><\/div><\/div><\/div><div class=\"vc_col-sm-6 vc_col-lg-4 vc_col-md-4 wpb_column vc_column_container\"><div class=\"vc_column-inner\"><div class=\"wpb_wrapper\"><div class=\"w-btn-wrapper align_center\"><a class=\"w-btn us-btn-style_6\" target=\"_blank\" rel=\"nofollow\" title=\"Request\" href=\"https:\/\/www.italienisch-werkstatt.de\/en\/italienisch-lernen-in-berlin-italienisch-werkstatt\"><span class=\"w-btn-label\">Request<\/span><\/a><\/div><\/div><\/div><\/div><\/div><\/div><\/section>","protected":false},"excerpt":{"rendered":"Singola lezione &#8211; Einzelne Unterrichtsstunde Die\u00a0flexible Unterrichtsstunde, die all Ihre Fragen zur italienischen Sprache kl\u00e4rt! Was ist die Singola lezione der Italienisch-Werkstatt? Bei diesem Angebot k\u00f6nnen Sie Italienischstunden einzeln und flexibel buchen, sowohl online als auch in Pr\u00e4senz. Wie hilft Ihnen eine Einzelstunde beim Italienischlernen? Bei einer Singola lezione sind Sie nat\u00fcrlich der einzige Teilnehmer\/die...","protected":false},"author":2,"featured_media":0,"parent":0,"menu_order":0,"comment_status":"closed","ping_status":"closed","template":"","meta":{"_acf_changed":false,"footnotes":""},"class_list":["post-3185","page","type-page","status-publish","hentry"],"acf":[],"_links":{"self":[{"href":"https:\/\/www.italienisch-werkstatt.de\/en\/wp-json\/wp\/v2\/pages\/3185","targetHints":{"allow":["GET"]}}],"collection":[{"href":"https:\/\/www.italienisch-werkstatt.de\/en\/wp-json\/wp\/v2\/pages"}],"about":[{"href":"https:\/\/www.italienisch-werkstatt.de\/en\/wp-json\/wp\/v2\/types\/page"}],"author":[{"embeddable":true,"href":"https:\/\/www.italienisch-werkstatt.de\/en\/wp-json\/wp\/v2\/users\/2"}],"replies":[{"embeddable":true,"href":"https:\/\/www.italienisch-werkstatt.de\/en\/wp-json\/wp\/v2\/comments?post=3185"}],"version-history":[{"count":50,"href":"https:\/\/www.italienisch-werkstatt.de\/en\/wp-json\/wp\/v2\/pages\/3185\/revisions"}],"predecessor-version":[{"id":6558,"href":"https:\/\/www.italienisch-werkstatt.de\/en\/wp-json\/wp\/v2\/pages\/3185\/revisions\/6558"}],"wp:attachment":[{"href":"https:\/\/www.italienisch-werkstatt.de\/en\/wp-json\/wp\/v2\/media?parent=3185"}],"curies":[{"name":"wp","href":"https:\/\/api.w.org\/{rel}","templated":true}]}}