{"id":300,"date":"2020-07-18T18:08:25","date_gmt":"2020-07-18T18:08:25","guid":{"rendered":"https:\/\/italienisch-werkstatt.de\/?page_id=300"},"modified":"2026-02-24T13:57:35","modified_gmt":"2026-02-24T12:57:35","slug":"italienisch-lernen-buch","status":"publish","type":"page","link":"https:\/\/www.italienisch-werkstatt.de\/en\/italienisch-lernen-buch","title":{"rendered":"Teaching material"},"content":{"rendered":"<section class=\"l-section wpb_row height_small color_alternate\"><div class=\"l-section-h i-cf\"><div class=\"g-cols vc_row via_flex valign_top type_default stacking_default\"><div class=\"vc_col-sm-8 vc_col-lg-offset-2 vc_col-lg-4 vc_col-md-offset-2 vc_col-md-4 wpb_column vc_column_container\"><div class=\"vc_column-inner\"><div class=\"wpb_wrapper\"><div class=\"wpb_text_column\"><div class=\"wpb_wrapper\"><h1>Learning Italian: Which books do we use?<\/h1>\n<\/div><\/div><div class=\"wpb_text_column\"><div class=\"wpb_wrapper\"><p>Thanks to its many years of experience, our team has selected the best Italian books for every level. Here is the list of Italian textbooks that we use in our lessons.<\/p>\n<\/div><\/div><\/div><\/div><\/div><div class=\"vc_col-sm-4 vc_col-lg-4 vc_col-md-4 wpb_column vc_column_container\"><div class=\"vc_column-inner\"><div class=\"wpb_wrapper\"><div class=\"w-image align_none\"><div class=\"w-image-h\"><img decoding=\"async\" width=\"1024\" height=\"681\" src=\"https:\/\/www.italienisch-werkstatt.de\/wp-content\/uploads\/2020\/12\/Unterrichtsmaterial-1024x681.jpg\" class=\"attachment-large size-large\" alt=\"Unterrichtsmaterial\" loading=\"lazy\" srcset=\"https:\/\/www.italienisch-werkstatt.de\/wp-content\/uploads\/2020\/12\/Unterrichtsmaterial-1024x681.jpg 1024w, https:\/\/www.italienisch-werkstatt.de\/wp-content\/uploads\/2020\/12\/Unterrichtsmaterial-300x199.jpg 300w, https:\/\/www.italienisch-werkstatt.de\/wp-content\/uploads\/2020\/12\/Unterrichtsmaterial-600x399.jpg 600w, https:\/\/www.italienisch-werkstatt.de\/wp-content\/uploads\/2020\/12\/Unterrichtsmaterial.jpg 1256w\" sizes=\"auto, (max-width: 1024px) 100vw, 1024px\" \/><\/div><\/div><\/div><\/div><\/div><\/div><\/div><\/section><section class=\"l-section wpb_row height_small\"><div class=\"l-section-h i-cf\"><div class=\"g-cols vc_row via_flex valign_top type_default stacking_default\"><div class=\"vc_col-sm-6 vc_col-lg-offset-2 vc_col-lg-6 vc_col-md-offset-2 vc_col-md-6 wpb_column vc_column_container\"><div class=\"vc_column-inner\"><div class=\"wpb_wrapper\"><div class=\"wpb_text_column\"><div class=\"wpb_wrapper\"><ul>\n<li>Nuovo Espresso 1, textbook and workbook with audio CD (Hueber)<\/li>\n<li>Allegro A1 nuovo, textbook and workbook with audio CD (Klett Verlag)<\/li>\n<\/ul>\n<\/div><\/div><\/div><\/div><\/div><div class=\"vc_col-sm-6 vc_col-lg-2 vc_col-md-2 wpb_column vc_column_container\"><div class=\"vc_column-inner\"><div class=\"wpb_wrapper\"><div class=\"wpb_text_column\"><div class=\"wpb_wrapper\"><p>Leads to level A1 of the <a href=\"https:\/\/italienisch-werkstatt.de\/wp-content\/uploads\/2020\/11\/GER_Niveaus.pdf\" target=\"_blank\" rel=\"noopener noreferrer\">European Reference Framework<\/a><\/p>\n<\/div><\/div><\/div><\/div><\/div><\/div><\/div><\/section><section class=\"l-section wpb_row height_small color_alternate\"><div class=\"l-section-h i-cf\"><div class=\"g-cols vc_row via_flex valign_top type_default stacking_default\"><div class=\"vc_col-sm-6 vc_col-lg-offset-2 vc_col-lg-6 vc_col-md-offset-2 vc_col-md-6 wpb_column vc_column_container\"><div class=\"vc_column-inner\"><div class=\"wpb_wrapper\"><div class=\"wpb_text_column\"><div class=\"wpb_wrapper\"><ul>\n<li>Nuovo Espresso 2, textbook and workbook with audio CD (Hueber)<\/li>\n<\/ul>\n<\/div><\/div><\/div><\/div><\/div><div class=\"vc_col-sm-6 vc_col-lg-2 vc_col-md-2 wpb_column vc_column_container\"><div class=\"vc_column-inner\"><div class=\"wpb_wrapper\"><div class=\"wpb_text_column\"><div class=\"wpb_wrapper\"><p>Leads to level A2<\/p>\n<\/div><\/div><\/div><\/div><\/div><\/div><\/div><\/section><section class=\"l-section wpb_row height_small\"><div class=\"l-section-h i-cf\"><div class=\"g-cols vc_row via_flex valign_top type_default stacking_default\"><div class=\"vc_col-sm-6 vc_col-lg-offset-2 vc_col-lg-6 vc_col-md-offset-2 vc_col-md-6 wpb_column vc_column_container\"><div class=\"vc_column-inner\"><div class=\"wpb_wrapper\"><div class=\"wpb_text_column\"><div class=\"wpb_wrapper\"><ul>\n<li>Nuovo Espresso 3, textbook and workbook with audio CD (Hueber)<\/li>\n<\/ul>\n<\/div><\/div><\/div><\/div><\/div><div class=\"vc_col-sm-6 vc_col-lg-2 vc_col-md-2 wpb_column vc_column_container\"><div class=\"vc_column-inner\"><div class=\"wpb_wrapper\"><div class=\"wpb_text_column\"><div class=\"wpb_wrapper\"><p>Leads to level B1<\/p>\n<\/div><\/div><\/div><\/div><\/div><\/div><\/div><\/section><section class=\"l-section wpb_row height_small color_alternate\"><div class=\"l-section-h i-cf\"><div class=\"g-cols vc_row via_flex valign_top type_default stacking_default\"><div class=\"vc_col-sm-6 vc_col-lg-offset-2 vc_col-lg-6 vc_col-md-offset-2 vc_col-md-6 wpb_column vc_column_container\"><div class=\"vc_column-inner\"><div class=\"wpb_wrapper\"><div class=\"wpb_text_column\"><div class=\"wpb_wrapper\"><ul>\n<li>Nuovo Espresso 4, textbook and workbook with audio CD (Hueber)<\/li>\n<li>Nuovo Magari B2.<br \/>\nCorso di lingua e cultura italiana di livello intermedio e avanzato (Alma)<\/li>\n<li>Qua e l\u00e0 per l'Italia.<br \/>\nViaggio attraverso le regioni italiane (Alma)<\/li>\n<\/ul>\n<\/div><\/div><\/div><\/div><\/div><div class=\"vc_col-sm-6 vc_col-lg-2 vc_col-md-2 wpb_column vc_column_container\"><div class=\"vc_column-inner\"><div class=\"wpb_wrapper\"><div class=\"wpb_text_column\"><div class=\"wpb_wrapper\"><p>Leads to level B2<\/p>\n<\/div><\/div><\/div><\/div><\/div><\/div><\/div><\/section><section class=\"l-section wpb_row height_small\"><div class=\"l-section-h i-cf\"><div class=\"g-cols vc_row via_flex valign_top type_default stacking_default\"><div class=\"vc_col-sm-6 vc_col-lg-offset-2 vc_col-lg-6 vc_col-md-offset-2 vc_col-md-6 wpb_column vc_column_container\"><div class=\"vc_column-inner\"><div class=\"wpb_wrapper\"><div class=\"wpb_text_column\"><div class=\"wpb_wrapper\"><ul>\n<li>Nuovo Espresso 5, textbook and workbook with audio CD (Alma)<\/li>\n<li>Nuovo Espresso 6, textbook and workbook with audio CD (Alma)<\/li>\n<li>Nuovo MAGARI C1-C2.<br \/>\nCorso di lingua e cultura italiana di livello intermedio e avanzato (Alma)<\/li>\n<li>Mosaico Italia.<br \/>\nPercorsi nella cultura e nella civilt\u00e0 italiana (Edilingua)<\/li>\n<\/ul>\n<\/div><\/div><\/div><\/div><\/div><div class=\"vc_col-sm-6 vc_col-lg-2 vc_col-md-2 wpb_column vc_column_container\"><div class=\"vc_column-inner\"><div class=\"wpb_wrapper\"><div class=\"wpb_text_column\"><div class=\"wpb_wrapper\"><p>C1-C2<\/p>\n<\/div><\/div><\/div><\/div><\/div><\/div><\/div><\/section><section class=\"l-section wpb_row height_small color_alternate\"><div class=\"l-section-h i-cf\"><div class=\"g-cols vc_row via_flex valign_top type_default stacking_default\"><div class=\"vc_col-sm-12 vc_col-lg-offset-2 vc_col-lg-8 vc_col-md-offset-2 vc_col-md-8 wpb_column vc_column_container\"><div class=\"vc_column-inner\"><div class=\"wpb_wrapper\"><div class=\"wpb_text_column\"><div class=\"wpb_wrapper\"><h2>Learning Italian: not just with a textbook<\/h2>\n<\/div><\/div><div class=\"wpb_text_column\"><div class=\"wpb_wrapper\"><p>Of course, this list is not exhaustive. <a href=\"https:\/\/www.italienisch-werkstatt.de\/en\/italienisch-lehrer-in-berlin\" target=\"_blank\" rel=\"noopener noreferrer\">Our lecturers<\/a> also use material from other sources and\u00a0<strong>music, audio tracks and films<\/strong> are also used. Students at elementary level (A1) and intermediate level (A2) are recommended to study Italian on their own, e.g. with the help of easy reading, such as the \"Easy Reader\" series, the Italian crime novels from Klett and Hueber and the monthly magazine\u00a0<em>Adesso<\/em>\u00a0from the Spotlight publishing house.<\/p>\n<\/div><\/div><\/div><\/div><\/div><\/div><\/div><\/section><section class=\"l-section wpb_row height_auto color_alternate\"><div class=\"l-section-h i-cf\"><div class=\"g-cols vc_row via_flex valign_top type_default stacking_default\"><div class=\"vc_col-sm-12 vc_col-lg-offset-2 vc_col-lg-8 vc_col-md-offset-2 vc_col-md-8 wpb_column vc_column_container\"><div class=\"vc_column-inner\"><div class=\"wpb_wrapper\"><div class=\"w-image us_custom_8d5aa4e2 align_center\"><div class=\"w-image-h\"><img decoding=\"async\" width=\"300\" height=\"225\" src=\"https:\/\/www.italienisch-werkstatt.de\/wp-content\/uploads\/2020\/11\/Italienisch-lernen-in-Berlin-Lehrbuecher-300x225.jpg\" class=\"attachment-medium size-medium\" alt=\"Italienisch lernen in Berlin - Lehrbuecher\" loading=\"lazy\" srcset=\"https:\/\/www.italienisch-werkstatt.de\/wp-content\/uploads\/2020\/11\/Italienisch-lernen-in-Berlin-Lehrbuecher-300x225.jpg 300w, https:\/\/www.italienisch-werkstatt.de\/wp-content\/uploads\/2020\/11\/Italienisch-lernen-in-Berlin-Lehrbuecher-600x450.jpg 600w, https:\/\/www.italienisch-werkstatt.de\/wp-content\/uploads\/2020\/11\/Italienisch-lernen-in-Berlin-Lehrbuecher.jpg 807w\" sizes=\"auto, (max-width: 300px) 100vw, 300px\" \/><\/div><\/div><\/div><\/div><\/div><\/div><\/div><\/section><section class=\"l-section wpb_row height_small\"><div class=\"l-section-h i-cf\"><div class=\"g-cols vc_row via_flex valign_top type_default stacking_default\"><div class=\"vc_col-sm-12 vc_col-lg-offset-2 vc_col-lg-8 vc_col-md-offset-2 vc_col-md-8 wpb_column vc_column_container\"><div class=\"vc_column-inner\"><div class=\"wpb_wrapper\"><div class=\"wpb_text_column\"><div class=\"wpb_wrapper\"><h2>Books to learn and speak Italian<\/h2>\n<\/div><\/div><div class=\"wpb_text_column\"><div class=\"wpb_wrapper\"><p>Italian courses from level B2 and the conversation course include discussions on texts from newspapers and online magazines and - if requested by students - from Italian literature, history and art books. Learning Italian with the right book is important, but having the right teacher is even more important. Our experienced, <a href=\"https:\/\/www.italienisch-werkstatt.de\/en\/italienisch-lehrer-in-berlin\" target=\"_blank\" rel=\"noopener noreferrer\">native-speaking lecturers<\/a> take you by the hand and professionally guide you step by step through the learning process.<\/p>\n<p class=\"translation-block\">Visit the <a href=\"https:\/\/www.italienisch-werkstatt.de\/en\/italienisch-schule-in-berlin\" target=\"_blank\" rel=\"noopener noreferrer\">Italienisch-Werkstatt<\/a> to get to know our lecturers, for example through a <a href=\"https:\/\/www.italienisch-werkstatt.de\/en\/einstufungstest-italienisch\" target=\"_self\">trial lesson<\/a>.<\/p>\n<\/div><\/div><\/div><\/div><\/div><\/div><\/div><\/section>","protected":false},"excerpt":{"rendered":"Italienisch lernen: Welche B\u00fccher benutzen wir? Dank seiner langj\u00e4hrigen Erfahrung hat unser Team die besten Italienisch-B\u00fccher f\u00fcr jedes Niveau ausgew\u00e4hlt. Hier ist die Liste der Italienisch-Lehrb\u00fccher, die wir im Unterricht verwenden. Nuovo Espresso 1, Lehr- und Arbeitsbuch mit Audio-CD (Hueber) Allegro A1 nuovo, Lehr- und Arbeitsbuch mit Audio-CD (Klett\u00a0Verlag) F\u00fchrt zum Niveau A1 des Europ\u00e4ischen...","protected":false},"author":1,"featured_media":0,"parent":0,"menu_order":20,"comment_status":"closed","ping_status":"closed","template":"","meta":{"_acf_changed":false,"footnotes":""},"class_list":["post-300","page","type-page","status-publish","hentry"],"acf":[],"_links":{"self":[{"href":"https:\/\/www.italienisch-werkstatt.de\/en\/wp-json\/wp\/v2\/pages\/300","targetHints":{"allow":["GET"]}}],"collection":[{"href":"https:\/\/www.italienisch-werkstatt.de\/en\/wp-json\/wp\/v2\/pages"}],"about":[{"href":"https:\/\/www.italienisch-werkstatt.de\/en\/wp-json\/wp\/v2\/types\/page"}],"author":[{"embeddable":true,"href":"https:\/\/www.italienisch-werkstatt.de\/en\/wp-json\/wp\/v2\/users\/1"}],"replies":[{"embeddable":true,"href":"https:\/\/www.italienisch-werkstatt.de\/en\/wp-json\/wp\/v2\/comments?post=300"}],"version-history":[{"count":4,"href":"https:\/\/www.italienisch-werkstatt.de\/en\/wp-json\/wp\/v2\/pages\/300\/revisions"}],"predecessor-version":[{"id":8528,"href":"https:\/\/www.italienisch-werkstatt.de\/en\/wp-json\/wp\/v2\/pages\/300\/revisions\/8528"}],"wp:attachment":[{"href":"https:\/\/www.italienisch-werkstatt.de\/en\/wp-json\/wp\/v2\/media?parent=300"}],"curies":[{"name":"wp","href":"https:\/\/api.w.org\/{rel}","templated":true}]}}