{"id":295,"date":"2020-07-18T17:49:58","date_gmt":"2020-07-18T17:49:58","guid":{"rendered":"https:\/\/italienisch-werkstatt.de\/?page_id=295"},"modified":"2026-04-19T10:31:19","modified_gmt":"2026-04-19T08:31:19","slug":"impressum","status":"publish","type":"page","link":"https:\/\/www.italienisch-werkstatt.de\/en\/impressum","title":{"rendered":"Impressum"},"content":{"rendered":"<section class=\"l-section wpb_row height_small color_alternate\"><div class=\"l-section-h i-cf\"><div class=\"g-cols vc_row via_flex valign_top type_default stacking_default\"><div class=\"vc_col-sm-6 vc_col-lg-offset-2 vc_col-lg-8 vc_col-md-offset-2 vc_col-md-8 wpb_column vc_column_container\"><div class=\"vc_column-inner\"><div class=\"wpb_wrapper\"><div class=\"wpb_text_column\"><div class=\"wpb_wrapper\"><h1>Impressum<\/h1>\n<p><strong>Italienisch-Werkstatt<br \/>\n<\/strong>Dr Stefania Galassi<br \/>\nHelmstedter Str. 7<br \/>\n10717 Berlin<br \/>\n<strong>Mobile:<\/strong> +49 (0)176 480 28332<br \/>\n<strong>e-mail:<\/strong> Galassi@italienisch-werkstatt.de<br \/>\n<a href=\"https:\/\/www.italienisch-werkstatt.de\/en\">www.Italienisch-Werkstatt.de<\/a><br \/>\n<strong>Sales tax identification number:<\/strong> DE 24\/271\/61491<br \/>\nCharlottenburg\/Wilmersdorf tax office<\/p>\n<\/div><\/div><\/div><\/div><\/div><\/div><\/div><\/section><section class=\"l-section wpb_row height_small\"><div class=\"l-section-h i-cf\"><div class=\"g-cols vc_row via_flex valign_top type_default stacking_default\"><div class=\"vc_col-sm-12 vc_col-lg-offset-2 vc_col-lg-8 vc_col-md-offset-2 vc_col-md-8 wpb_column vc_column_container\"><div class=\"vc_column-inner\"><div class=\"wpb_wrapper\"><div class=\"wpb_text_column\"><div class=\"wpb_wrapper\"><p><strong>Information according to \u00a75 TMG:<\/strong><\/p>\n<p>Dr Stefania Galassi Address see above.<\/p>\n<p><strong>Liability for content:<\/strong><\/p>\n<p>The contents of my pages were created with the greatest care. However, I cannot assume any liability for the correctness, completeness and topicality of the contents. As a service provider, I am responsible for my own content on these pages in accordance with \u00a7 6 Para.1 MDStV and \u00a7 8 Para.1 TDG. However, service providers are not obliged to monitor the third-party information they transmit or store or to investigate circumstances that indicate illegal activity. Obligations to remove or block the use of information in accordance with general legislation remain unaffected by this. However, liability in this respect is only possible from the time of knowledge of a specific infringement. As soon as I become aware of such infringements, I will remove this content immediately.<\/p>\n<p><strong>Liability for links:<\/strong><\/p>\n<p>My website contains links to external websites of third parties over whose content I have no influence. Therefore, I cannot accept any liability for this third-party content. The respective provider or operator of the pages is always responsible for the content of the linked pages. The linked pages were checked for possible legal violations at the time of linking. Illegal contents were not recognisable at the time of linking. However, permanent monitoring of the content of the linked pages is not reasonable without concrete evidence of an infringement. If I become aware of any legal infringements, I will remove such links immediately.<\/p>\n<p><strong>Copyright:<\/strong><\/p>\n<p>The operator of this website endeavours to respect the copyrights of others at all times or to use self-created or licence-free works. The content and works created by the site operator on these pages are subject to German copyright law. Third-party contributions are labelled as such. Reproduction, editing, distribution and any kind of utilisation outside the limits of copyright law require the written consent of the respective author or creator. Downloads and copies of this site are only permitted for private, non-commercial use.<\/p>\n<p>Source: Disclaimer by lawyer S\u00f6ren Siebert<\/p>\n<p>This website uses Google Analytics, a web analytics service provided by Google Inc (\"Google\"). Google Analytics uses \"cookies\", which are text files placed on your computer, to help the website analyse how users use the site. The information generated by the cookie about your use of the website (including your IP address) will be transmitted to and stored by Google on servers in the United States. Google will use this information for the purpose of analysing your use of the website, compiling reports on website activity for website operators and providing other services relating to website activity and internet usage. Google may also transfer this information to third parties where required to do so by law, or where such third parties process the information on Google's behalf. Google will not associate your IP address with any other data held by Google. You may refuse the use of cookies by selecting the appropriate settings on your browser, however please note that if you do this you may not be able to use the full functionality of this website. By using this website, you consent to the processing of data about you by Google in the manner and for the purposes set out above.<\/p>\n<\/div><\/div><\/div><\/div><\/div><\/div><\/div><\/section>","protected":false},"excerpt":{"rendered":"Impressum Italienisch-Werkstatt Dr. Stefania Galassi Helmstedter Str. 7 10717 Berlin Mobil: +49 (0)176 480 28332 E-Mail: Galassi@italienisch-werkstatt.de www.Italienisch-Werkstatt.de Umsatzsteuer-Identifikationsnummer: DE 24\/271\/61491 Finanzamt Charlottenburg\/Wilmersdorf Angaben gem\u00e4\u00df \u00a75 TMG: Dr. Stefania Galassi Anschrift s.o. Haftung f\u00fcr Inhalte: Die Inhalte meiner Seiten wurden mit gr\u00f6\u00dfter Sorgfalt erstellt. F\u00fcr die Richtigkeit, Vollst\u00e4ndigkeit und Aktualit\u00e4t der Inhalte kann ich jedoch...","protected":false},"author":1,"featured_media":0,"parent":0,"menu_order":21,"comment_status":"closed","ping_status":"closed","template":"","meta":{"_acf_changed":false,"footnotes":""},"class_list":["post-295","page","type-page","status-publish","hentry"],"acf":[],"_links":{"self":[{"href":"https:\/\/www.italienisch-werkstatt.de\/en\/wp-json\/wp\/v2\/pages\/295","targetHints":{"allow":["GET"]}}],"collection":[{"href":"https:\/\/www.italienisch-werkstatt.de\/en\/wp-json\/wp\/v2\/pages"}],"about":[{"href":"https:\/\/www.italienisch-werkstatt.de\/en\/wp-json\/wp\/v2\/types\/page"}],"author":[{"embeddable":true,"href":"https:\/\/www.italienisch-werkstatt.de\/en\/wp-json\/wp\/v2\/users\/1"}],"replies":[{"embeddable":true,"href":"https:\/\/www.italienisch-werkstatt.de\/en\/wp-json\/wp\/v2\/comments?post=295"}],"version-history":[{"count":2,"href":"https:\/\/www.italienisch-werkstatt.de\/en\/wp-json\/wp\/v2\/pages\/295\/revisions"}],"predecessor-version":[{"id":8861,"href":"https:\/\/www.italienisch-werkstatt.de\/en\/wp-json\/wp\/v2\/pages\/295\/revisions\/8861"}],"wp:attachment":[{"href":"https:\/\/www.italienisch-werkstatt.de\/en\/wp-json\/wp\/v2\/media?parent=295"}],"curies":[{"name":"wp","href":"https:\/\/api.w.org\/{rel}","templated":true}]}}