{"id":288,"date":"2020-07-18T16:58:01","date_gmt":"2020-07-18T16:58:01","guid":{"rendered":"https:\/\/italienisch-werkstatt.de\/?page_id=288"},"modified":"2020-12-01T13:06:50","modified_gmt":"2020-12-01T13:06:50","slug":"warum-italienisch","status":"publish","type":"page","link":"https:\/\/www.italienisch-werkstatt.de\/en\/warum-italienisch","title":{"rendered":"Warum italienisch?"},"content":{"rendered":"<section class=\"l-section wpb_row height_small\"><div class=\"l-section-h i-cf\"><div class=\"g-cols vc_row via_flex valign_top type_default stacking_default\"><div class=\"vc_col-sm-12 wpb_column vc_column_container\"><div class=\"vc_column-inner\"><div class=\"wpb_wrapper\"><div class=\"wpb_text_column\"><div class=\"wpb_wrapper\"><h1>Warum sollte man Italienisch lernen?<\/h1>\n<p>4 Gr\u00fcnde, warum man Italienisch lernen sollte:<\/p>\n<h2>Warum sollte man die italienische Kultur kennenlernen?<\/h2>\n<p>Warum sagen die Italiener \u201eMamma mia!\u201c? Und wie trinken sie ihren Kaffee? Wohnen italienische M\u00e4nner wirklich l\u00e4nger bei Ihrer Mutter als andere M\u00e4nner? Und was bedeuten genaue Handbewegungen, die die Unterhaltung von Italienern harmonisch begleiten? Diese und andere Fragen werden in unserem Unterricht beantwortet. Und dadurch erschlie\u00dfen sich unseren Teilnehmern wichtige Aspekte der italienischen Kultur. Aber warum soll man ausgerechnet Italienisch lernen, fassen wir kurz f\u00fcr Sie in vier unbestreitbaren Gr\u00fcnden zusammen:<\/p>\n<\/div><\/div><\/div><\/div><\/div><\/div><\/div><\/section><section class=\"l-section wpb_row height_small color_alternate\"><div class=\"l-section-h i-cf\"><div class=\"g-cols vc_row via_flex valign_top type_default stacking_default\"><div class=\"vc_col-sm-12 wpb_column vc_column_container\"><div class=\"vc_column-inner\"><div class=\"wpb_wrapper\"><div class=\"wpb_text_column\"><div class=\"wpb_wrapper\"><h2>1. Die Kunst: 24 italienische St\u00e4dte mit mehr als 30 Sehensw\u00fcrdigkeiten<\/h2>\n<\/div><\/div><div class=\"wpb_text_column\"><div class=\"wpb_wrapper\"><p><em>\u201eMan mag so alt, so gelehrt, so weise und geschmackvoll sein, als man will &#8211; eine Reise nach Italien gibt immer noch dem Geist ein neues Gepr\u00e4ge.\u201c<\/em> (Georg Christoph Lichtenberg)<\/p>\n<p>Die Kunst spielt eine wichtige Rolle in der italienischen Geschichte und Kultur. Italienisch lernen bedeutet auch, mehr \u00fcber italienische<strong> Kunstgeschichte und Kultur zu erfahren<\/strong>. Dies passiert fast von allein, denn k\u00fcnstlerische Leistungen sind fest mit der Geschichte des Landes verwoben. Jede italienische Stadt besitzt bedeutende Kunstwerke und Architektur. Einige dieser kulturellen Errungenschaften lernen unsere Sch\u00fcler im Unterricht kennen, so beispielsweise die Terme di Caracalla, die futuristischen Geb\u00e4ude Mailands und die \u00fcber 3000 Jahre-alte Nuraghi Sardiniens. Dazu die Skulpturen des Canova und die provokativen Installationen von Maurizio Cattelan.<\/p>\n<\/div><\/div><\/div><\/div><\/div><\/div><\/div><\/section><section class=\"l-section wpb_row height_small\"><div class=\"l-section-h i-cf\"><div class=\"g-cols vc_row via_flex valign_top type_default stacking_default\"><div class=\"vc_col-sm-12 wpb_column vc_column_container\"><div class=\"vc_column-inner\"><div class=\"wpb_wrapper\"><div class=\"wpb_text_column\"><div class=\"wpb_wrapper\"><h2>2. Italienisches Essen: Omas offenbaren ihre Geheimnisse<\/h2>\n<\/div><\/div><div class=\"wpb_text_column\"><div class=\"wpb_wrapper\"><p>Wenn Sie denken, dass Sie sich gut in der italienischen K\u00fcche auskennen, k\u00f6nnten Sie m\u00f6glicherweise falsch liegen. Sie wissen zum Beispiel mit Sicherheit, dass Lasagne ein typisches italienisches Gericht ist. Was Sie vermutlich aber nicht wissen ist, dass die meisten italienischen Restaurant keine Lasagne servieren. Sie wird normalerweise nur zu Hause zubereitet, von Mamas und Omas, die nach uralten Familienrezepten kochen. Auch dass ein Cappuccino nach dem Essen verp\u00f6nt ist, k\u00f6nnte Ihnen neu sein. Und dass Italiener viele Pizzen Ihres Lieblingsrestaurants wahrscheinlich nicht anr\u00fchren w\u00fcrden, wissen Sie vielleicht auch nicht. All diese Dinge werden jedoch auch in unseren Italienisch-Sprachkursen behandelt.<\/p>\n<\/div><\/div><\/div><\/div><\/div><\/div><\/div><\/section><section class=\"l-section wpb_row height_small color_alternate\"><div class=\"l-section-h i-cf\"><div class=\"g-cols vc_row via_flex valign_top type_default stacking_default\"><div class=\"vc_col-sm-12 wpb_column vc_column_container\"><div class=\"vc_column-inner\"><div class=\"wpb_wrapper\"><div class=\"wpb_text_column\"><div class=\"wpb_wrapper\"><h2>3. Die Gesch\u00e4ftswelt: verhandeln wie ein Italiener<\/h2>\n<\/div><\/div><div class=\"wpb_text_column\"><div class=\"wpb_wrapper\"><p>Italienisch zu sprechen hilft nicht nur bei der Jobsuche oder beim Networking. Italienische Sprachkenntnisse erlauben Ihnen, Gesch\u00e4ftspartnern n\u00e4herzukommen und einen wichtigen europ\u00e4ischen Markt zu erschlie\u00dfen.<\/p>\n<p>Unser Italienisch-Firmenunterricht ist auf die Bed\u00fcrfnisse Ihrer Firma zurechtgeschnitten und erlaubt Ihnen, engere Kontakte zu kn\u00fcpfen. Dadurch k\u00f6nnen Sie Ihren Mitarbeitern einen neuen direkteren Zugang in den italienischen Markt anbieten.<\/p>\n<\/div><\/div><\/div><\/div><\/div><\/div><\/div><\/section><section class=\"l-section wpb_row height_small\"><div class=\"l-section-h i-cf\"><div class=\"g-cols vc_row via_flex valign_top type_default stacking_default\"><div class=\"vc_col-sm-12 wpb_column vc_column_container\"><div class=\"vc_column-inner\"><div class=\"wpb_wrapper\"><div class=\"wpb_text_column\"><div class=\"wpb_wrapper\"><h2>4. Deutsch lernen: oder wie man mehr \u00fcber seine eigene Sprache lernen kann<\/h2>\n<\/div><\/div><div class=\"wpb_text_column\"><div class=\"wpb_wrapper\"><p><em>\u201cBelladonna ist im Italienischen eine sch\u00f6ne Frau, in unserer Sprache ein t\u00f6dliches Gift. Ein schlagendes Beispiel daf\u00fcr, da\u00df die beiden Sprachen im Wesentlichen \u00fcbereinstimmen.\u201d<\/em> (Ambrose Gwinett Bierce)<\/p>\n<p>Dieses lustige Zitat von Bierce bezieht sich auf einen gro\u00dfen Vorteil des Erlernen einer Fremdsprache:<strong> Wir lernen immer etwas Neues \u00fcber unsere eigene Sprache<\/strong>.<\/p>\n<p>Viele Italienische und Deutsche W\u00f6rter stammen aus dem Lateinischen (und damit irgendwie auch aus dem Italienischen). Aber sie haben neue und unerwartete Bedeutungen dazugewonnen. So zum Beispiel das Wort \u201c<strong>Kaution<\/strong>\u201d. Es kommt vom lateinischen Wort <em>cautus<\/em>, was soviel wie \u201evorsichtig\u201c. Die W\u00f6rter<strong> Kapital<\/strong> and <strong>Kapuze<\/strong> stammen vom lateinischen Wort <em>caput<\/em> ab, was sowohl \u201cKopf\u201d, als auch \u201cChef\u201d bedeutet.<\/p>\n<\/div><\/div><\/div><\/div><\/div><\/div><\/div><\/section>","protected":false},"excerpt":{"rendered":"Warum sollte man Italienisch lernen? 4 Gr\u00fcnde, warum man Italienisch lernen sollte: Warum sollte man die italienische Kultur kennenlernen? Warum sagen die Italiener \u201eMamma mia!\u201c? Und wie trinken sie ihren Kaffee? Wohnen italienische M\u00e4nner wirklich l\u00e4nger bei Ihrer Mutter als andere M\u00e4nner? Und was bedeuten genaue Handbewegungen, die die Unterhaltung von Italienern harmonisch begleiten? Diese...","protected":false},"author":1,"featured_media":0,"parent":0,"menu_order":22,"comment_status":"closed","ping_status":"closed","template":"","meta":{"_acf_changed":false,"footnotes":""},"class_list":["post-288","page","type-page","status-publish","hentry"],"acf":[],"_links":{"self":[{"href":"https:\/\/www.italienisch-werkstatt.de\/en\/wp-json\/wp\/v2\/pages\/288","targetHints":{"allow":["GET"]}}],"collection":[{"href":"https:\/\/www.italienisch-werkstatt.de\/en\/wp-json\/wp\/v2\/pages"}],"about":[{"href":"https:\/\/www.italienisch-werkstatt.de\/en\/wp-json\/wp\/v2\/types\/page"}],"author":[{"embeddable":true,"href":"https:\/\/www.italienisch-werkstatt.de\/en\/wp-json\/wp\/v2\/users\/1"}],"replies":[{"embeddable":true,"href":"https:\/\/www.italienisch-werkstatt.de\/en\/wp-json\/wp\/v2\/comments?post=288"}],"version-history":[{"count":0,"href":"https:\/\/www.italienisch-werkstatt.de\/en\/wp-json\/wp\/v2\/pages\/288\/revisions"}],"wp:attachment":[{"href":"https:\/\/www.italienisch-werkstatt.de\/en\/wp-json\/wp\/v2\/media?parent=288"}],"curies":[{"name":"wp","href":"https:\/\/api.w.org\/{rel}","templated":true}]}}