{"id":261,"date":"2020-07-18T15:37:59","date_gmt":"2020-07-18T15:37:59","guid":{"rendered":"https:\/\/italienisch-werkstatt.de\/?page_id=261"},"modified":"2025-02-19T10:41:02","modified_gmt":"2025-02-19T09:41:02","slug":"preise-einzelunterricht-firmenunterrichten","status":"publish","type":"page","link":"https:\/\/www.italienisch-werkstatt.de\/en\/preise-einzelunterricht-firmenunterrichten","title":{"rendered":"Prices"},"content":{"rendered":"<section class=\"l-section wpb_row height_small color_alternate\"><div class=\"l-section-h i-cf\"><div class=\"g-cols vc_row via_flex valign_top type_default stacking_default\"><div class=\"vc_col-sm-12 vc_col-lg-offset-2 vc_col-lg-8 vc_col-md-offset-2 vc_col-md-8 wpb_column vc_column_container\"><div class=\"vc_column-inner\"><div class=\"wpb_wrapper\"><div class=\"wpb_text_column\"><div class=\"wpb_wrapper\"><h1>Prices for individual and company lessons<\/h1>\n<\/div><\/div><div class=\"wpb_text_column\"><div class=\"wpb_wrapper\"><h2>Prices for private lessons<\/h2>\n<\/div><\/div><div class=\"wpb_text_column\"><div class=\"wpb_wrapper\"><p><strong>Individual lessons and private groups - 10 appointments of 90 minutes each (20 lessons of 45 minutes each):<\/strong><\/p>\n<\/div><\/div><div class=\"wpb_text_column\"><div class=\"wpb_wrapper\"><table style=\"border-collapse: collapse; width: 97.0175%;\">\n<tbody>\n<tr>\n<td style=\"width: 50%;\">Individual lessons:<\/td>\n<td style=\"width: 50%;\"><strong>\u20ac 600<\/strong><\/td>\n<\/tr>\n<tr>\n<td style=\"width: 50%;\">2 persons:<\/td>\n<td style=\"width: 50%;\"><strong>\u20ac 360 p.p.<\/strong><\/td>\n<\/tr>\n<tr>\n<td style=\"width: 50%;\">3 persons:<\/td>\n<td style=\"width: 50%;\"><strong>\u20ac 260 p.p.<\/strong><\/td>\n<\/tr>\n<tr>\n<td style=\"width: 50%;\">4 persons:<\/td>\n<td style=\"width: 50%;\"><strong>\u20ac 205 p.p.<\/strong><\/td>\n<\/tr>\n<tr>\n<td style=\"width: 50%;\">Surcharge for home visits<\/td>\n<td style=\"width: 50%;\"><strong>(by arrangement)<\/strong><\/td>\n<\/tr>\n<\/tbody>\n<\/table>\n<\/div><\/div><\/div><\/div><\/div><\/div><\/div><\/section><section class=\"l-section wpb_row height_small\"><div class=\"l-section-h i-cf\"><div class=\"g-cols vc_row via_flex valign_top type_default stacking_default\"><div class=\"vc_col-sm-12 vc_col-lg-offset-2 vc_col-lg-8 vc_col-md-offset-2 vc_col-md-8 wpb_column vc_column_container\"><div class=\"vc_column-inner\"><div class=\"wpb_wrapper\"><div class=\"wpb_text_column\"><div class=\"wpb_wrapper\"><p><strong>Individual lessons in online mode i<\/strong><strong>st<\/strong><strong> also possible with 10 appointments of 60 minutes each:<\/strong><\/p>\n<\/div><\/div><div class=\"wpb_text_column\"><div class=\"wpb_wrapper\"><table style=\"border-collapse: collapse; width: 100%;\">\n<tbody>\n<tr>\n<td style=\"width: 50%;\">Individual lessons:<\/td>\n<td style=\"width: 50%;\"><strong>\u20ac 450<\/strong><\/td>\n<\/tr>\n<tr>\n<td style=\"width: 50%;\">2 persons:<\/td>\n<td style=\"width: 50%;\"><strong>\u20ac 270 p.p.<\/strong><\/td>\n<\/tr>\n<\/tbody>\n<\/table>\n<\/div><\/div><\/div><\/div><\/div><\/div><\/div><\/section><section class=\"l-section wpb_row height_small color_alternate\"><div class=\"l-section-h i-cf\"><div class=\"g-cols vc_row via_flex valign_top type_default stacking_default\"><div class=\"vc_col-sm-12 vc_col-lg-offset-2 vc_col-lg-8 vc_col-md-offset-2 vc_col-md-8 wpb_column vc_column_container\"><div class=\"vc_column-inner\"><div class=\"wpb_wrapper\"><div class=\"wpb_text_column\"><div class=\"wpb_wrapper\"><p><strong>Prices for individual hours (<a href=\"https:\/\/www.italienisch-werkstatt.de\/en\/einzelstunde-reservierung\">Singola lezione<\/a>):<\/strong><\/p>\n<\/div><\/div><div class=\"wpb_text_column\"><div class=\"wpb_wrapper\"><table style=\"width: 71.2451%; border-collapse: collapse; height: 72px;\">\n<tbody>\n<tr style=\"height: 24px;\">\n<td style=\"width: 41.432%; height: 24px;\"><\/td>\n<td style=\"width: 28.9011%; height: 24px;\"><strong>online<\/strong><\/td>\n<td style=\"width: 233.764%; height: 24px;\"><strong>in presence<\/strong><\/td>\n<\/tr>\n<tr style=\"height: 24px;\">\n<td style=\"width: 41.432%; height: 24px;\">Duration:<\/td>\n<td style=\"width: 28.9011%; height: 24px;\"><strong>60 min.<\/strong><\/td>\n<td style=\"width: 233.764%; height: 24px;\"><strong>90 min.<\/strong><\/td>\n<\/tr>\n<tr style=\"height: 24px;\">\n<td style=\"width: 41.432%; height: 24px;\">Fee:<\/td>\n<td style=\"width: 28.9011%; height: 24px;\"><strong>50,00 \u20ac<\/strong><\/td>\n<td style=\"width: 233.764%; height: 24px;\"><strong>65,00 \u20ac<\/strong><\/td>\n<\/tr>\n<\/tbody>\n<\/table>\n<p>Students who are currently attending courses at the Italian workshop receive a discount of \u20ac5.00 per lesson.<\/p>\n<\/div><\/div><\/div><\/div><\/div><\/div><\/div><\/section><section class=\"l-section wpb_row height_small\"><div class=\"l-section-h i-cf\"><div class=\"g-cols vc_row via_flex valign_top type_default stacking_default\"><div class=\"vc_col-sm-12 vc_col-lg-offset-2 vc_col-lg-8 vc_col-md-offset-2 vc_col-md-8 wpb_column vc_column_container\"><div class=\"vc_column-inner\"><div class=\"wpb_wrapper\"><div class=\"wpb_text_column\"><div class=\"wpb_wrapper\"><p>The first date of the course counts as a paid trial lesson. For all subsequent dates, there may be a right of cancellation in accordance with the GTC (<a href=\"https:\/\/www.italienisch-werkstatt.de\/en\/agb\" target=\"_blank\" rel=\"noopener noreferrer\">Terms and Conditions<\/a>)<\/p>\n<\/div><\/div><div class=\"wpb_text_column\"><div class=\"wpb_wrapper\"><p>A short personal language consultation: approx. 15 minutes is free of charge.<\/p>\n<p><strong>Careful language counselling<\/strong> with written <strong>assessment test<\/strong> and discussion of your language level (60-75 min.) costs 25 euros. In the event of a binding enrolment for a course, this fee will be credited to you and deducted from the course price.<\/p>\n<p>Value added tax is not applicable due to \u00a74 No.21 a) bb) UStG.<\/p>\n<\/div><\/div><\/div><\/div><\/div><\/div><\/div><\/section><section class=\"l-section wpb_row height_small color_alternate\"><div class=\"l-section-h i-cf\"><div class=\"g-cols vc_row via_flex valign_top type_default stacking_default\"><div class=\"vc_col-sm-6 vc_col-lg-offset-2 vc_col-lg-4 vc_col-md-offset-2 vc_col-md-4 wpb_column vc_column_container\"><div class=\"vc_column-inner\"><div class=\"wpb_wrapper\"><div class=\"wpb_text_column\"><div class=\"wpb_wrapper\"><h2>Prices for company lessons<\/h2>\n<\/div><\/div><div class=\"wpb_text_column\"><div class=\"wpb_wrapper\"><p>We create customised offers for Italian courses for companies. These are based on the number of participants and the intensity and duration of the course.<\/p>\n<p>Contact us to receive a cost proposal.<\/p>\n<\/div><\/div><\/div><\/div><\/div><div class=\"vc_col-sm-6 vc_col-lg-4 vc_col-md-4 wpb_column vc_column_container\"><div class=\"vc_column-inner\"><div class=\"wpb_wrapper\"><section class=\"l-section wpb_row height_auto width_full\"><div class=\"l-section-h i-cf\"><div class=\"g-cols vc_row via_flex valign_top type_default stacking_default\"><div class=\"vc_col-sm-12 wpb_column vc_column_container\"><div class=\"vc_column-inner\"><div class=\"wpb_wrapper\"><div class=\"w-separator size_small with_line width_default thick_1 style_solid color_secondary align_left with_text with_content\"><div class=\"w-separator-h\"><p class=\"w-separator-text\"><i class=\"fal fa-pencil\"><\/i><span>Enquiry information<\/span><\/p><\/div><\/div><div class=\"wpb_text_column\"><div class=\"wpb_wrapper\">\n<div class=\"wpcf7 no-js\" id=\"wpcf7-f1422-o1\" lang=\"it-IT\" dir=\"ltr\" data-wpcf7-id=\"1422\">\n<div class=\"screen-reader-response\"><p role=\"status\" aria-live=\"polite\" aria-atomic=\"true\"><\/p> <ul><\/ul><\/div>\n<form action=\"\/en\/wp-json\/wp\/v2\/pages\/261#wpcf7-f1422-o1\" method=\"post\" class=\"wpcf7-form init\" aria-label=\"Modulo di contatto\" novalidate=\"novalidate\" data-status=\"init\" data-trp-original-action=\"\/en\/wp-json\/wp\/v2\/pages\/261#wpcf7-f1422-o1\">\n<fieldset class=\"hidden-fields-container\"><input type=\"hidden\" name=\"_wpcf7\" value=\"1422\" \/><input type=\"hidden\" name=\"_wpcf7_version\" value=\"6.1.5\" \/><input type=\"hidden\" name=\"_wpcf7_locale\" value=\"it_IT\" \/><input type=\"hidden\" name=\"_wpcf7_unit_tag\" value=\"wpcf7-f1422-o1\" \/><input type=\"hidden\" name=\"_wpcf7_container_post\" value=\"0\" \/><input type=\"hidden\" name=\"_wpcf7_posted_data_hash\" value=\"\" \/><input type=\"hidden\" name=\"_wpcf7dtx_version\" value=\"5.0.5\" \/>\n<\/fieldset>\n<p><label> Salutation<br \/>\n<span class=\"wpcf7-form-control-wrap\" data-name=\"Kontakt-Anrede\"><select class=\"wpcf7-form-control wpcf7-select wpcf7-validates-as-required\" aria-required=\"true\" aria-invalid=\"false\" name=\"Kontakt-Anrede\"><option value=\"\">&#8212;Seleziona un&#039;opzione&#8212;<\/option><option value=\"Frau\">Mrs<\/option><option value=\"Herr\">Mr<\/option><option value=\"Dr.\">Dr.<\/option><option value=\"Prof.\">Prof.<\/option><option value=\"Prof. Dr.\">Prof. Dr.<\/option><\/select><\/span> <\/label>\n<\/p>\n<p><label> First name*<br \/>\n<span class=\"wpcf7-form-control-wrap\" data-name=\"Kontakt-Vorname\"><input size=\"40\" maxlength=\"400\" class=\"wpcf7-form-control wpcf7-text wpcf7-validates-as-required\" aria-required=\"true\" aria-invalid=\"false\" value=\"\" type=\"text\" name=\"Kontakt-Vorname\" \/><\/span> <\/label>\n<\/p>\n<p><label> Surname*<br \/>\n<span class=\"wpcf7-form-control-wrap\" data-name=\"Kontakt-Nachname\"><input size=\"40\" maxlength=\"400\" class=\"wpcf7-form-control wpcf7-text wpcf7-validates-as-required\" aria-required=\"true\" aria-invalid=\"false\" value=\"\" type=\"text\" name=\"Kontakt-Nachname\" \/><\/span> <\/label>\n<\/p>\n<p><label> E-mail*<br \/>\n<span class=\"wpcf7-form-control-wrap\" data-name=\"Kontakt-email\"><input size=\"40\" maxlength=\"400\" class=\"wpcf7-form-control wpcf7-email wpcf7-validates-as-required wpcf7-text wpcf7-validates-as-email\" aria-required=\"true\" aria-invalid=\"false\" value=\"\" type=\"email\" name=\"Kontakt-email\" \/><\/span> <\/label>\n<\/p>\n<p><label> Telephone number<br \/>\n<span class=\"wpcf7-form-control-wrap\" data-name=\"Kontakt-Telefonnummer\"><input size=\"40\" maxlength=\"400\" class=\"wpcf7-form-control wpcf7-tel wpcf7-text wpcf7-validates-as-tel\" aria-invalid=\"false\" value=\"\" type=\"tel\" name=\"Kontakt-Telefonnummer\" \/><\/span> <\/label>\n<\/p>\n<p><label> Enquiry*<br \/>\n<span class=\"wpcf7-form-control-wrap\" data-name=\"Kontakt-Anfrage\"><textarea cols=\"40\" rows=\"10\" maxlength=\"2000\" class=\"wpcf7-form-control wpcf7-textarea wpcf7-validates-as-required\" aria-required=\"true\" aria-invalid=\"false\" name=\"Kontakt-Anfrage\"><\/textarea><\/span> <\/label>\n<\/p>\n<p><span id=\"wpcf7-69f6b9e996272-wrapper\" class=\"wpcf7-form-control-wrap Accept-Conditions-wrap\" ><input type=\"hidden\" name=\"Accept-Conditions-time-start\" value=\"1777777129\"><input type=\"hidden\" name=\"Accept-Conditions-time-check\" value=\"4\"><label for=\"wpcf7-69f6b9e996272-field\" class=\"hp-message\">Si prega di lasciare vuoto questo campo.<\/label><input id=\"wpcf7-69f6b9e996272-field\"  class=\"wpcf7-form-control wpcf7-text\" type=\"text\" name=\"Accept-Conditions\" value=\"\" size=\"40\" tabindex=\"-1\" autocomplete=\"new-password\" \/><\/span>\n<\/p>\n<p><span class=\"wpcf7-form-control-wrap\" data-name=\"acceptance-941\"><span class=\"wpcf7-form-control wpcf7-acceptance\"><span class=\"wpcf7-list-item\"><label><input type=\"checkbox\" name=\"acceptance-941\" value=\"1\" aria-invalid=\"false\" \/><span class=\"wpcf7-list-item-label\">By completing this form, you declare that you have read our conditions for processing personal data.<\/span><\/label><\/span><\/span><\/span><br \/>\n<a href=\"https:\/\/www.italienisch-werkstatt.de\/en\/datenschutzerklaerung\" target=\"_blank\">Privacy policy *<\/a>\n<\/p>\n<p>I agree to be informed about future Italienisch-Werkstatt language courses *.<br \/>\n<span class=\"wpcf7-form-control-wrap\" data-name=\"Newsletter\"><span class=\"wpcf7-form-control wpcf7-radio\"><span class=\"wpcf7-list-item first\"><label><input type=\"radio\" name=\"Newsletter\" value=\"Ja\" \/><span class=\"wpcf7-list-item-label\">Yes<\/span><\/label><\/span><span class=\"wpcf7-list-item last\"><label><input type=\"radio\" name=\"Newsletter\" value=\"Nein\" \/><span class=\"wpcf7-list-item-label\">No<\/span><\/label><\/span><\/span><\/span>\n<\/p>\n<p><input class=\"wpcf7-form-control wpcf7-submit has-spinner\" type=\"submit\" value=\"Send\" \/>\n<\/p><p style=\"display: none !important;\" class=\"akismet-fields-container\" data-prefix=\"_wpcf7_ak_\"><label>&#916;<textarea name=\"_wpcf7_ak_hp_textarea\" cols=\"45\" rows=\"8\" maxlength=\"100\"><\/textarea><\/label><input type=\"hidden\" id=\"ak_js_1\" name=\"_wpcf7_ak_js\" value=\"189\"\/><script>\ndocument.getElementById( \"ak_js_1\" ).setAttribute( \"value\", ( new Date() ).getTime() );\n<\/script>\n<\/p><div class=\"wpcf7-response-output\" aria-hidden=\"true\"><\/div>\n<input type=\"hidden\" name=\"trp-form-language\" value=\"en\"\/><\/form>\n<\/div>\n\n<\/div><\/div><\/div><\/div><\/div><\/div><\/div><\/section>\n<\/div><\/div><\/div><\/div><\/div><\/section>","protected":false},"excerpt":{"rendered":"Preise f\u00fcr Einzel- und Firmenunterricht Die Preise f\u00fcr Einzelunterricht Einzelunterricht und private Gruppen &#8211; 10 Termine \u00e0 90 Minuten (20 Unterrichtseinheiten \u00e0 45 Minuten): Einzelunterricht: \u20ac 600 2 Personen: \u20ac 360 p.P. 3 Personen: \u20ac 260 p.P. 4 Personen: \u20ac 205 p.P. Aufschlag f\u00fcr Hausbesuche (nach Absprache) Einzelunterricht im Online-Modus ist auch mit 10 Terminen...","protected":false},"author":1,"featured_media":0,"parent":0,"menu_order":25,"comment_status":"closed","ping_status":"closed","template":"","meta":{"_acf_changed":false,"footnotes":""},"class_list":["post-261","page","type-page","status-publish","hentry"],"acf":[],"_links":{"self":[{"href":"https:\/\/www.italienisch-werkstatt.de\/en\/wp-json\/wp\/v2\/pages\/261","targetHints":{"allow":["GET"]}}],"collection":[{"href":"https:\/\/www.italienisch-werkstatt.de\/en\/wp-json\/wp\/v2\/pages"}],"about":[{"href":"https:\/\/www.italienisch-werkstatt.de\/en\/wp-json\/wp\/v2\/types\/page"}],"author":[{"embeddable":true,"href":"https:\/\/www.italienisch-werkstatt.de\/en\/wp-json\/wp\/v2\/users\/1"}],"replies":[{"embeddable":true,"href":"https:\/\/www.italienisch-werkstatt.de\/en\/wp-json\/wp\/v2\/comments?post=261"}],"version-history":[{"count":10,"href":"https:\/\/www.italienisch-werkstatt.de\/en\/wp-json\/wp\/v2\/pages\/261\/revisions"}],"predecessor-version":[{"id":6557,"href":"https:\/\/www.italienisch-werkstatt.de\/en\/wp-json\/wp\/v2\/pages\/261\/revisions\/6557"}],"wp:attachment":[{"href":"https:\/\/www.italienisch-werkstatt.de\/en\/wp-json\/wp\/v2\/media?parent=261"}],"curies":[{"name":"wp","href":"https:\/\/api.w.org\/{rel}","templated":true}]}}