{"id":2282,"date":"2021-09-08T10:33:41","date_gmt":"2021-09-08T08:33:41","guid":{"rendered":"https:\/\/www.italienisch-werkstatt.de\/?page_id=2282"},"modified":"2026-01-22T13:01:47","modified_gmt":"2026-01-22T12:01:47","slug":"bildungsurlaub-mit-italienisch-werkstatt","status":"publish","type":"page","link":"https:\/\/www.italienisch-werkstatt.de\/en\/bildungsurlaub-mit-italienisch-werkstatt","title":{"rendered":"Educational holiday with the Italian workshop"},"content":{"rendered":"<section class=\"l-section wpb_row us_custom_a40275d7 height_small color_alternate\"><div class=\"l-section-h i-cf\"><div class=\"g-cols vc_row via_flex valign_top type_default stacking_default\"><div class=\"vc_col-sm-6 vc_col-lg-offset-2 vc_col-lg-5 vc_col-md-offset-2 vc_col-md-5 wpb_column vc_column_container\"><div class=\"vc_column-inner\"><div class=\"wpb_wrapper\"><div class=\"wpb_text_column\"><div class=\"wpb_wrapper\"><h1 class=\"translation-block\">Educational holiday with the<br>\r\nItalian workshop<\/h1>\n<\/div><\/div><\/div><\/div><\/div><div class=\"vc_col-sm-6 vc_col-lg-3 vc_col-md-3 wpb_column vc_column_container\"><div class=\"vc_column-inner\"><div class=\"wpb_wrapper\"><div class=\"w-image align_center\"><div class=\"w-image-h\"><img decoding=\"async\" width=\"581\" height=\"211\" src=\"https:\/\/www.italienisch-werkstatt.de\/wp-content\/uploads\/2021\/06\/Bildungsurlaub-Berlin.png\" class=\"attachment-full size-full\" alt=\"Bildungsurlaub\" loading=\"lazy\" srcset=\"https:\/\/www.italienisch-werkstatt.de\/wp-content\/uploads\/2021\/06\/Bildungsurlaub-Berlin.png 581w, https:\/\/www.italienisch-werkstatt.de\/wp-content\/uploads\/2021\/06\/Bildungsurlaub-Berlin-300x109.png 300w\" sizes=\"auto, (max-width: 581px) 100vw, 581px\" \/><\/div><\/div><\/div><\/div><\/div><\/div><\/div><\/section><section class=\"l-section wpb_row us_custom_7db81c57 height_small color_alternate\"><div class=\"l-section-h i-cf\"><div class=\"g-cols vc_row via_flex valign_top type_default stacking_default\"><div class=\"vc_col-sm-12 vc_col-lg-offset-2 vc_col-lg-8 vc_col-md-offset-2 vc_col-md-8 wpb_column vc_column_container\"><div class=\"vc_column-inner\"><div class=\"wpb_wrapper\"><div class=\"wpb_text_column\"><div class=\"wpb_wrapper\"><h2>Anerkannte Veranstalter von Bildungsurlaub in Berlin, Brandenburg, Rheinland-Pfalz, Th\u00fcringen und Saarland.<\/h2>\n<\/div><\/div><div class=\"w-btn-wrapper align_center\"><a class=\"w-btn us-btn-style_6\" target=\"_blank\" title=\"Educational holiday courses\" href=\"https:\/\/www.italienisch-werkstatt.de\/en\/bildungsurlaub-und-intensiv-termine\"><span class=\"w-btn-label\">To our educational leave courses<\/span><\/a><\/div><\/div><\/div><\/div><\/div><\/div><\/section><section class=\"l-section wpb_row us_custom_6217dcc9 height_small color_alternate\"><div class=\"l-section-h i-cf\"><div class=\"g-cols vc_row via_flex valign_top type_default stacking_default\"><div class=\"vc_col-sm-12 vc_col-lg-offset-2 vc_col-lg-8 vc_col-md-offset-2 vc_col-md-8 wpb_column vc_column_container\"><div class=\"vc_column-inner\"><div class=\"wpb_wrapper\"><div class=\"wpb_text_column\"><div class=\"wpb_wrapper\"><h2>Educational leave in Berlin<\/h2>\n<p>Every two years, employees in Berlin are entitled to two weeks of paid educational leave. Employees under 25 are even entitled to two weeks of paid educational leave per calendar year. The entitlement to educational leave is compensated by taking part in recognised training during a period requested by the employer. The content of this training does not have to be directly related to work.<\/p>\n<p>More information on the topic <strong>Educational leave<\/strong> can be found on the website of the <a href=\"https:\/\/www.berlin.de\/sen\/arbeit\/weiterbildung\/bildungszeit\/\" target=\"_blank\" rel=\"noopener\"><span class=\"institution\">Senate Department for <\/span><span class=\"title\">Integration, labour and social affairs<\/span><\/a><\/p>\n<\/div><\/div><\/div><\/div><\/div><\/div><\/div><\/section><section class=\"l-section wpb_row height_small\"><div class=\"l-section-h i-cf\"><div class=\"g-cols vc_row via_flex valign_top type_default stacking_default\"><div class=\"vc_col-sm-12 vc_col-lg-offset-2 vc_col-lg-8 vc_col-md-offset-2 vc_col-md-8 wpb_column vc_column_container\"><div class=\"vc_column-inner\"><div class=\"wpb_wrapper\"><div class=\"wpb_text_column\"><div class=\"wpb_wrapper\"><h2>Educational leave courses in a group<\/h2>\n<p class=\"translation-block\">As foreign language skills often bring not only personal but also professional benefits, educational holidays at language schools have become increasingly popular in recent years. The Italienisch-Werkstatt offers <strong>courses recognised as further training by the state of Berlin<\/strong> and that fulfil all the conditions for educational leave.<\/p>\n<p>All our educational leave language courses comprise 30 teaching units of 45 minutes each per week (6 teaching units of 45 minutes each per day). You learn daily between 9.30 and 12.45 (with a 15-minute break) and from 13:30 to 15:00.<\/p>\n<p class=\"translation-block\">The courses all take place as face-to-face lessons at our premises in <strong>Go\u00dflerstr. 10 in 12161 Berlin-Friedenau<\/strong>.<\/p>\n<p class=\"translation-block\">We recommend <strong>course registration<strong> at least six weeks before the start of the course. As a rule, you must apply to your employer for educational leave six weeks before the start of the course. We recommend that you discuss this in detail with your employer.<\/p>\n<p>The <strong>Course contents<\/strong> are identical to those of our standard courses, the language level categorisation corresponds to the\u00a0<a href=\"https:\/\/italienisch-werkstatt.de\/wp-content\/uploads\/2020\/11\/GER_Niveaus.pdf\">European Framework of Reference for Languages<\/a>.<\/p>\n<\/div><\/div><\/div><\/div><\/div><\/div><\/div><\/section><section class=\"l-section wpb_row us_custom_a40275d7 height_small\"><div class=\"l-section-h i-cf\"><div class=\"g-cols vc_row via_flex valign_top type_default stacking_default\"><div class=\"vc_col-sm-6 vc_col-lg-offset-2 vc_col-lg-8 vc_col-md-offset-2 vc_col-md-8 wpb_column vc_column_container\"><div class=\"vc_column-inner\"><div class=\"wpb_wrapper\"><div class=\"w-btn-wrapper align_center\"><a class=\"w-btn us-btn-style_6\" target=\"_blank\" title=\"Educational holiday courses\" href=\"https:\/\/www.italienisch-werkstatt.de\/en\/bildungsurlaub-und-intensiv-termine\"><span class=\"w-btn-label\">To our educational leave courses<\/span><\/a><\/div><div class=\"w-separator size_small\"><\/div><\/div><\/div><\/div><\/div><\/div><\/section><section class=\"l-section wpb_row height_small color_alternate\"><div class=\"l-section-h i-cf\"><div class=\"g-cols vc_row via_flex valign_top type_default stacking_default\"><div class=\"vc_col-sm-12 vc_col-lg-offset-2 vc_col-lg-8 vc_col-md-offset-2 vc_col-md-8 wpb_column vc_column_container\"><div class=\"vc_column-inner\"><div class=\"wpb_wrapper\"><div class=\"wpb_text_column\"><div class=\"wpb_wrapper\"><h2>Educational leave courses as individual lessons<\/h2>\n<p class=\"translation-block\">The Italienisch-Werkstatt is also recognised  by the state of Berlin for educational leave as <strong>courses for individual students<\/strong>. Each course takes place as a one-to-one lesson and you can choose between <strong>Online and face-to-face teaching<\/strong>.<\/p>\n<p>A variant with <strong>two participants<\/strong> is also possible. Please get in touch with us to receive a quote for this.<\/p>\n<\/div><\/div><\/div><\/div><\/div><\/div><\/div><\/section><section class=\"l-section wpb_row height_small\"><div class=\"l-section-h i-cf\"><div class=\"g-cols vc_row via_flex valign_top type_default stacking_default\"><div class=\"vc_col-sm-12 vc_col-lg-offset-2 vc_col-lg-8 vc_col-md-offset-2 vc_col-md-8 wpb_column vc_column_container\"><div class=\"vc_column-inner\"><div class=\"wpb_wrapper\"><div class=\"wpb_text_column\"><div class=\"wpb_wrapper\"><h2>Prices<\/h2>\n<p>Prices for our educational leave courses:<\/p>\n<table style=\"width: 60%; border-collapse: collapse; height: 27px;\">\n<tbody>\n<tr>\n<td style=\"width: 100%; border-style: solid; border-color: #00470f; background-color: #f6f6f6;\"><strong>Group Courses<\/strong><\/td>\n<\/tr>\n<\/tbody>\n<\/table>\n<table style=\"border-collapse: collapse; width: 60%;\">\n<tbody>\n<tr>\n<td style=\"width: 41%;\">1 week (30 units) <span>\u00e0 45 min.<\/span>)<\/td>\n<td style=\"width: 19%; text-align: right;\">290,00 \u20ac<\/td>\n<\/tr>\n<\/tbody>\n<\/table>\n<table style=\"width: 60%; border-collapse: collapse; height: 27px;\">\n<tbody>\n<tr>\n<td style=\"width: 100%; border-style: solid; border-color: #00470f; background-color: #f6f6f6;\"><strong>One-to-one tuition - online or in person<\/strong><\/td>\n<\/tr>\n<\/tbody>\n<\/table>\n<table style=\"border-collapse: collapse; width: 60%;\">\n<tbody>\n<tr>\n<td style=\"width: 41%;\">1 week (30 units) <span>\u00e0 45 min.<\/span>)<\/td>\n<td style=\"width: 19%; text-align: right;\">870,00 \u20ac<\/td>\n<\/tr>\n<\/tbody>\n<\/table>\n<\/div><\/div><\/div><\/div><\/div><\/div><\/div><\/section><section class=\"l-section wpb_row height_small color_alternate\"><div class=\"l-section-h i-cf\"><div class=\"g-cols vc_row via_flex valign_top type_default stacking_default\"><div class=\"vc_col-sm-12 vc_col-lg-offset-2 vc_col-lg-8 vc_col-md-offset-2 vc_col-md-8 wpb_column vc_column_container\"><div class=\"vc_column-inner\"><div class=\"wpb_wrapper\"><div class=\"wpb_text_column\"><div class=\"wpb_wrapper\"><p class=\"translation-block\"><span style=\"color: #ff0000\"><strong>Wichtig:<\/strong><\/span> <em>Please note the following when applying for educational leave: The price for the educational leave is only payable after confirmation by the employer! You do not have to pay at this stage. Book your educational leave now and receive directly an application for submission with your employer. We need this letter signed and returned by the start of your educational leave. If your employer does not allow you to take educational leave, you can cancel your registration free of charge up to 14 days before the start of the course. If we do not receive this cancellation in time, we will charge a cancellation fee of 20%.<\/em>.<\/p>\n<\/div><\/div><\/div><\/div><\/div><\/div><\/div><\/section>","protected":false},"excerpt":{"rendered":"Bildungsurlaub mit der Italienisch-Werkstatt Anerkannte Veranstalter von Bildungsurlaub in Berlin, Brandenburg, Rheinland-Pfalz, Th\u00fcringen und Saarland. zu unseren BildungsurlaubskursenBildungsurlaub in Berlin Alle zwei Jahre haben Berliner Berufst\u00e4tige, die in einem Angestelltenverh\u00e4ltnis stehen, Anspruch auf zwei Wochen bezahlten Bildungsurlaub. Angestellte unter 25 haben sogar Anspruch auf zwei Wochen bezahlten Bildungsurlaub pro Kalenderjahr. Der Anspruch auf Bildungsurlaub wird...","protected":false},"author":2,"featured_media":0,"parent":0,"menu_order":7,"comment_status":"closed","ping_status":"closed","template":"","meta":{"_acf_changed":false,"footnotes":""},"class_list":["post-2282","page","type-page","status-publish","hentry"],"acf":[],"_links":{"self":[{"href":"https:\/\/www.italienisch-werkstatt.de\/en\/wp-json\/wp\/v2\/pages\/2282","targetHints":{"allow":["GET"]}}],"collection":[{"href":"https:\/\/www.italienisch-werkstatt.de\/en\/wp-json\/wp\/v2\/pages"}],"about":[{"href":"https:\/\/www.italienisch-werkstatt.de\/en\/wp-json\/wp\/v2\/types\/page"}],"author":[{"embeddable":true,"href":"https:\/\/www.italienisch-werkstatt.de\/en\/wp-json\/wp\/v2\/users\/2"}],"replies":[{"embeddable":true,"href":"https:\/\/www.italienisch-werkstatt.de\/en\/wp-json\/wp\/v2\/comments?post=2282"}],"version-history":[{"count":27,"href":"https:\/\/www.italienisch-werkstatt.de\/en\/wp-json\/wp\/v2\/pages\/2282\/revisions"}],"predecessor-version":[{"id":8309,"href":"https:\/\/www.italienisch-werkstatt.de\/en\/wp-json\/wp\/v2\/pages\/2282\/revisions\/8309"}],"wp:attachment":[{"href":"https:\/\/www.italienisch-werkstatt.de\/en\/wp-json\/wp\/v2\/media?parent=2282"}],"curies":[{"name":"wp","href":"https:\/\/api.w.org\/{rel}","templated":true}]}}