{"id":1359,"date":"2020-12-28T18:19:03","date_gmt":"2020-12-28T18:19:03","guid":{"rendered":"https:\/\/italienisch-werkstatt.de\/?page_id=1359"},"modified":"2026-03-12T11:04:47","modified_gmt":"2026-03-12T10:04:47","slug":"hinweise-zum-online-lernen","status":"publish","type":"page","link":"https:\/\/www.italienisch-werkstatt.de\/en\/hinweise-zum-online-lernen","title":{"rendered":"Hinweise zum Online-Lernen"},"content":{"rendered":"<section class=\"l-section wpb_row height_small color_alternate\"><div class=\"l-section-h i-cf\"><div class=\"g-cols vc_row via_flex valign_top type_default stacking_default\"><div class=\"vc_col-sm-6 wpb_column vc_column_container\"><div class=\"vc_column-inner\"><div class=\"wpb_wrapper\"><div class=\"wpb_text_column\"><div class=\"wpb_wrapper\"><h1>Hinweise zum Online-Lernen<\/h1>\n<\/div><\/div><div class=\"wpb_text_column\"><div class=\"wpb_wrapper\"><p style=\"text-align: justify;\">Die technischen &#8222;H\u00fcrden&#8220; f\u00fcr die Teilnahme an einem Online-Kurs sind minimal. Wir sind bereit, Ihnen pers\u00f6nlich bei der \u00dcberwindung zu helfen.<\/p>\n<p style=\"text-align: justify;\">Auch diejenigen unter Ihnen, die keine Technikbegeisterten sind, k\u00f6nnen in wenigen Schritten in den virtuellen Klassenraum eintreten. Sie werden schnell feststellen: An einem Online-Kurs teilzunehmen ist sehr einfach und macht Spa\u00df.<\/p>\n<\/div><\/div><\/div><\/div><\/div><div class=\"vc_col-sm-6 wpb_column vc_column_container\"><div class=\"vc_column-inner\"><div class=\"wpb_wrapper\"><div class=\"w-image align_none\"><div class=\"w-image-h\"><img decoding=\"async\" width=\"1024\" height=\"682\" src=\"https:\/\/www.italienisch-werkstatt.de\/wp-content\/uploads\/2020\/12\/Laptop-1024x682.jpg\" class=\"attachment-large size-large\" alt=\"\" loading=\"lazy\" srcset=\"https:\/\/www.italienisch-werkstatt.de\/wp-content\/uploads\/2020\/12\/Laptop-1024x682.jpg 1024w, https:\/\/www.italienisch-werkstatt.de\/wp-content\/uploads\/2020\/12\/Laptop-300x200.jpg 300w, https:\/\/www.italienisch-werkstatt.de\/wp-content\/uploads\/2020\/12\/Laptop-600x400.jpg 600w, https:\/\/www.italienisch-werkstatt.de\/wp-content\/uploads\/2020\/12\/Laptop.jpg 1280w\" sizes=\"auto, (max-width: 1024px) 100vw, 1024px\" \/><\/div><\/div><\/div><\/div><\/div><\/div><\/div><\/section><section class=\"l-section wpb_row height_small\"><div class=\"l-section-h i-cf\"><div class=\"g-cols vc_row via_flex valign_top type_default stacking_default\"><div class=\"vc_col-sm-12 wpb_column vc_column_container\"><div class=\"vc_column-inner\"><div class=\"wpb_wrapper\"><div class=\"wpb_text_column\"><div class=\"wpb_wrapper\"><h2 style=\"text-align: justify;\">Technische Hinweise zum Online-Unterricht mit Zoom<\/h2>\n<p style=\"text-align: justify;\">Fu\u0308r unseren Video-Unterricht verwenden wir die Zoom-Plattform. Das Programm k\u00f6nnen Sie kostenfrei aus dem Internet herunterladen, oder der Webbrowser-Client wird automatisch heruntergeladen, wenn Sie Ihr erstes Zoom-Meeting-Einladungslink er\u00f6ffnen. Gerne schicken wir Ihnen eine Schritt-fu\u0308r-Schritt Anleitung, falls Sie eine brauchen. Vor jedem Unterrichtstermin erhalten Sie vom Kursleiter per E-Mail eine Einladung mit einem Link, der Ihnen mit einem einfachen Klick den Zugang zum virtuellen \u201eUnterrichtsraum\u201c erm\u00f6glicht. Sie ben\u00f6tigen nur folgende technische Voraussetzungen:<\/p>\n<ul style=\"text-align: justify;\">\n<li>Laptop, Computer (mit einem Tablet ist m\u00f6glich aber nicht ganz ideal)<\/li>\n<li>Internetzugang<\/li>\n<li>Mikrofon und Kamera, aber die meisten modernen Ger\u00e4te verfu\u0308gen in der Regel schon u\u0308ber ein eingebautes Mikrofon und eine integrierte Kamera.<\/li>\n<\/ul>\n<p style=\"text-align: justify;\">Wenn Sie sich noch unsicher fu\u0308hlen und Unterstu\u0308tzung ben\u00f6tigen, rufen Sie uns bitte an. Mit uns auf Ihrer Seite wird es im Nu klappen!<\/p>\n<p style=\"text-align: justify;\">Rufen Sie uns an, um mehr u\u0308ber unsere <a href=\"https:\/\/www.italienisch-werkstatt.de\/en\/sprachkurse-online\" target=\"_blank\" rel=\"noopener\">Italienisch-Online-Kurse<\/a> zu erfahren:<br \/>\nTel: 0176 480 28332<br \/>\nOder fu\u0308llen Sie unser unverbindliches <a href=\"https:\/\/www.italienisch-werkstatt.de\/en\/italienisch-werkstatt-kontakt\" target=\"_blank\" rel=\"noopener\">Contact form<\/a> aus<\/p>\n<\/div><\/div><\/div><\/div><\/div><\/div><\/div><\/section>","protected":false},"excerpt":{"rendered":"Hinweise zum Online-Lernen Die technischen &#8222;H\u00fcrden&#8220; f\u00fcr die Teilnahme an einem Online-Kurs sind minimal. Wir sind bereit, Ihnen pers\u00f6nlich bei der \u00dcberwindung zu helfen. Auch diejenigen unter Ihnen, die keine Technikbegeisterten sind, k\u00f6nnen in wenigen Schritten in den virtuellen Klassenraum eintreten. Sie werden schnell feststellen: An einem Online-Kurs teilzunehmen ist sehr einfach und macht Spa\u00df....","protected":false},"author":2,"featured_media":0,"parent":0,"menu_order":38,"comment_status":"closed","ping_status":"closed","template":"","meta":{"_acf_changed":false,"footnotes":""},"class_list":["post-1359","page","type-page","status-publish","hentry"],"acf":[],"_links":{"self":[{"href":"https:\/\/www.italienisch-werkstatt.de\/en\/wp-json\/wp\/v2\/pages\/1359","targetHints":{"allow":["GET"]}}],"collection":[{"href":"https:\/\/www.italienisch-werkstatt.de\/en\/wp-json\/wp\/v2\/pages"}],"about":[{"href":"https:\/\/www.italienisch-werkstatt.de\/en\/wp-json\/wp\/v2\/types\/page"}],"author":[{"embeddable":true,"href":"https:\/\/www.italienisch-werkstatt.de\/en\/wp-json\/wp\/v2\/users\/2"}],"replies":[{"embeddable":true,"href":"https:\/\/www.italienisch-werkstatt.de\/en\/wp-json\/wp\/v2\/comments?post=1359"}],"version-history":[{"count":2,"href":"https:\/\/www.italienisch-werkstatt.de\/en\/wp-json\/wp\/v2\/pages\/1359\/revisions"}],"predecessor-version":[{"id":8683,"href":"https:\/\/www.italienisch-werkstatt.de\/en\/wp-json\/wp\/v2\/pages\/1359\/revisions\/8683"}],"wp:attachment":[{"href":"https:\/\/www.italienisch-werkstatt.de\/en\/wp-json\/wp\/v2\/media?parent=1359"}],"curies":[{"name":"wp","href":"https:\/\/api.w.org\/{rel}","templated":true}]}}