{"id":133,"date":"2020-05-23T16:34:44","date_gmt":"2020-05-23T16:34:44","guid":{"rendered":"https:\/\/italienisch-werkstatt.de\/?page_id=133"},"modified":"2026-02-13T14:59:50","modified_gmt":"2026-02-13T13:59:50","slug":"italienisch-sprachkurse","status":"publish","type":"page","link":"https:\/\/www.italienisch-werkstatt.de\/en\/italienisch-sprachkurse","title":{"rendered":"Classroom Courses"},"content":{"rendered":"<section class=\"l-section wpb_row height_auto color_alternate\"><div class=\"l-section-h i-cf\"><div class=\"g-cols vc_row via_flex valign_top type_default stacking_default\"><div class=\"vc_col-sm-12 vc_col-lg-offset-2 vc_col-lg-8 vc_col-md-offset-2 vc_col-md-8 wpb_column vc_column_container\"><div class=\"vc_column-inner\"><div class=\"wpb_wrapper\"><div class=\"w-separator size_small\"><\/div><div class=\"wpb_text_column\"><div class=\"wpb_wrapper\"><h1>Your Italian language course<\/h1>\n<\/div><\/div><\/div><\/div><\/div><\/div><\/div><\/section><section class=\"l-section wpb_row height_small color_alternate\"><div class=\"l-section-h i-cf\"><div class=\"g-cols vc_row via_flex valign_top type_default stacking_default\"><div class=\"vc_col-sm-6 vc_col-lg-offset-2 vc_col-lg-4 vc_col-md-offset-2 vc_col-md-4 wpb_column vc_column_container\"><div class=\"vc_column-inner\"><div class=\"wpb_wrapper\"><div class=\"wpb_text_column\"><div class=\"wpb_wrapper\"><h2>Our Italian courses: learning in an ideal environment<\/h2>\n<\/div><\/div><div class=\"w-image align_none\"><div class=\"w-image-h\"><img decoding=\"async\" width=\"1024\" height=\"683\" src=\"https:\/\/www.italienisch-werkstatt.de\/wp-content\/uploads\/2020\/12\/Konverstaion-1024x683.jpg\" class=\"attachment-large size-large\" alt=\"Italienisch-Konversation in Berlin \u00fcben\" loading=\"lazy\" srcset=\"https:\/\/www.italienisch-werkstatt.de\/wp-content\/uploads\/2020\/12\/Konverstaion-1024x683.jpg 1024w, https:\/\/www.italienisch-werkstatt.de\/wp-content\/uploads\/2020\/12\/Konverstaion-300x200.jpg 300w, https:\/\/www.italienisch-werkstatt.de\/wp-content\/uploads\/2020\/12\/Konverstaion-600x400.jpg 600w, https:\/\/www.italienisch-werkstatt.de\/wp-content\/uploads\/2020\/12\/Konverstaion-e1724932019148.jpg 840w\" sizes=\"auto, (max-width: 1024px) 100vw, 1024px\" \/><\/div><\/div><\/div><\/div><\/div><div class=\"vc_col-sm-6 vc_col-lg-4 vc_col-md-4 wpb_column vc_column_container\"><div class=\"vc_column-inner\"><div class=\"wpb_wrapper\"><div class=\"w-btn-wrapper align_right\"><a class=\"w-btn us-btn-style_3\" title=\"Language courses\" href=\"https:\/\/www.italienisch-werkstatt.de\/en\/sprachkurse\"><span class=\"w-btn-label\">to our classroom course programme<\/span><\/a><\/div><div class=\"w-separator size_small\"><\/div><div class=\"wpb_text_column\"><div class=\"wpb_wrapper\"><p>Our Italian language courses take place in a friendly atmosphere. Small groups and experienced teachers from Italy guarantee optimal learning conditions.<\/p>\n<p>The <strong>Prices <\/strong>of our Italian courses in Berlin vary. You can find details in our <a href=\"https:\/\/www.italienisch-werkstatt.de\/en\/preise-italienisch-sprachkurs\" target=\"_blank\" rel=\"noopener\">price list<\/a> and under the info button of each course.<\/p>\n<p class=\"translation-block\"><strong>Course start<\/strong>: There are new courses on a regular basis. You can find out when these start and end in our <a href=\"https:\/\/www.italienisch-werkstatt.de\/en\/sprachkurse-italienisch\" target=\"_blank\" rel=\"noopener noreferrer\"> course programme<\/a>. It is also possible to join an ongoing course, depending on the availability of places. If there is interest and a sufficient number of participants, we are also happy to start a new Italian course just for you, for example for companies, clubs, a group of friends, etc.<\/p>\n<p><strong>No. of participants<\/strong>: min. 4 \u2013 max. 7.<\/p>\n<\/div><\/div><\/div><\/div><\/div><\/div><\/div><\/section><section class=\"l-section wpb_row height_small\"><div class=\"l-section-h i-cf\"><div class=\"g-cols vc_row via_flex valign_top type_default stacking_default\"><div class=\"vc_col-sm-12 vc_col-lg-offset-2 vc_col-lg-8 vc_col-md-offset-2 vc_col-md-8 wpb_column vc_column_container\"><div class=\"vc_column-inner\"><div class=\"wpb_wrapper\"><div class=\"wpb_text_column\"><div class=\"wpb_wrapper\"><h2>Registration and entry<\/h2>\n<\/div><\/div><div class=\"wpb_text_column\"><div class=\"wpb_wrapper\"><p>The <strong>entry into courses already in progress<\/strong> is possible at any time if places are still available.<\/p>\n<p>Even if you join a course that is already running, you will book at least 10 lessons, starting with your first course attendance.<\/p>\n<p>Simply give us a call or contact us using the \u201cRequest\u201d button to the right of the desired course to enquire about the possibility of joining.<\/p>\n<\/div><\/div><\/div><\/div><\/div><\/div><\/div><\/section><section class=\"l-section wpb_row height_small color_alternate\"><div class=\"l-section-h i-cf\"><div class=\"g-cols vc_row via_flex valign_top type_default stacking_default\"><div class=\"vc_col-sm-12 vc_col-lg-offset-2 vc_col-lg-8 vc_col-md-offset-2 vc_col-md-8 wpb_column vc_column_container\"><div class=\"vc_column-inner\"><div class=\"wpb_wrapper\"><div class=\"wpb_text_column\"><div class=\"wpb_wrapper\"><h2>Trial lesson at the Italian workshop<\/h2>\n<\/div><\/div><div class=\"wpb_text_column\"><div class=\"wpb_wrapper\"><p>If you're not quite sure about your level, we offer you the opportunity to take an <a href=\"https:\/\/www.italienisch-werkstatt.de\/en\/einstufungstest-italienisch\" target=\"_blank\" rel=\"noopener\">assessment test<\/a> or a trial lesson in one of our courses.<\/p>\n<p>A unique <strong>trial lesson<\/strong> in an already running course costs <strong>10,- Euro<\/strong>. In the event of a binding registration for a course, this contribution will be <strong>credited<\/strong> to the course price.<\/p>\n<p>To register, please add the note \u201ctrial lesson\u201d when filling out the registration form.<\/p>\n<p class=\"translation-block\">Trial lessons are available for new beginner courses on <strong>the first day of class<\/strong> and are only possible if there are still places available.<\/p>\n<\/div><\/div><\/div><\/div><\/div><\/div><\/div><\/section><section class=\"l-section wpb_row height_small\"><div class=\"l-section-h i-cf\"><div class=\"g-cols vc_row via_flex valign_top type_default stacking_default\"><div class=\"vc_col-sm-12 vc_col-lg-offset-2 vc_col-lg-8 vc_col-md-offset-2 vc_col-md-8 wpb_column vc_column_container\"><div class=\"vc_column-inner\"><div class=\"wpb_wrapper\"><div class=\"wpb_text_column\"><div class=\"wpb_wrapper\"><h2>Your Italian language course: Course content<\/h2>\n<\/div><\/div><div class=\"wpb_text_column\"><div class=\"wpb_wrapper\"><p>You're probably wondering what exactly you learn with us, aren't you? We cover all levels and areas of knowledge.<\/p>\n<ul>\n<li>Our courses are based on the <a href=\"https:\/\/italienisch-werkstatt.de\/wp-content\/uploads\/2020\/11\/GER_Niveaus.pdf\" target=\"_blank\" rel=\"noopener noreferrer\">Common European Framework of Reference for Languages (CEFR)<\/a>, both in the language levels (A1 to C2) and in the course content and learning objectives.<\/li>\n<li>If you already have some knowledge of the Italian language but are not sure about your level, we would be happy to organise a <a href=\"https:\/\/www.italienisch-werkstatt.de\/en\/einstufungstest-italienisch\" target=\"_blank\" rel=\"noopener noreferrer\">Italian assessment test<\/a> with you. Just get in touch with us.<\/li>\n<li class=\"translation-block\"><a href=\"https:\/\/www.italienisch-werkstatt.de\/en\/italienisch-lernen-buch\" target=\"_blank\" rel=\"noopener noreferrer\">Teaching materials<\/a>: Our Italian language courses are based on specific textbooks. However, our teachers also use their own teaching material and exercises from other sources.<\/li>\n<\/ul>\n<\/div><\/div><\/div><\/div><\/div><\/div><\/div><\/section><section class=\"l-section wpb_row height_small color_alternate\"><div class=\"l-section-h i-cf\"><div class=\"g-cols vc_row via_flex valign_top type_default stacking_default\"><div class=\"vc_col-sm-12 vc_col-lg-offset-2 vc_col-lg-8 vc_col-md-offset-2 vc_col-md-8 wpb_column vc_column_container\"><div class=\"vc_column-inner\"><div class=\"wpb_wrapper\"><div class=\"wpb_text_column\"><div class=\"wpb_wrapper\"><h2>Our language courses: Learn Italian in Berlin<\/h2>\n<\/div><\/div><div class=\"wpb_text_column\"><div class=\"wpb_wrapper\"><p><a href=\"https:\/\/www.italienisch-werkstatt.de\/en\/italienisch-lehrer-in-berlin\">Our native speaking lecturers<\/a> teach you Italian step by step. But that's not all. As you learn the language, you will also learn more about the country and its people. Our aim is to bring you closer to Italy in every respect. We have been doing this with great success since our foundation in 2009. And if you're interested in our lessons but are unable to attend our group courses, there is the option of <a href=\"https:\/\/www.italienisch-werkstatt.de\/en\/einzelunterricht-italienisch\">Italian private lessons<\/a>. Here the lecturer either comes to your home, your workplace or teaches you remotely via the Internet.<\/p>\n<\/div><\/div><\/div><\/div><\/div><\/div><\/div><\/section>","protected":false},"excerpt":{"rendered":"Ihr Sprachkurs f\u00fcr Italienisch Unsere Italienischkurse: lernen in einem idealen Umfeld zu unserem Pr\u00e4senzkurse-ProgrammUnsere Sprachkurse f\u00fcr Italienisch finden in freundlicher Atmosph\u00e4re statt. Kleine Gruppen und erfahrene Dozenten aus Italien garantieren optimale Lernbedingungen. Die Preise unserer Italienisch-Kurse in Berlin variieren. Details finden Sie in unserer Preisliste sowie unter der Info-Taste jedes Kurses. Kursbeginn: Es gibt regelm\u00e4\u00dfig...","protected":false},"author":1,"featured_media":6632,"parent":0,"menu_order":35,"comment_status":"closed","ping_status":"closed","template":"","meta":{"_acf_changed":false,"footnotes":""},"class_list":["post-133","page","type-page","status-publish","has-post-thumbnail","hentry"],"acf":[],"_links":{"self":[{"href":"https:\/\/www.italienisch-werkstatt.de\/en\/wp-json\/wp\/v2\/pages\/133","targetHints":{"allow":["GET"]}}],"collection":[{"href":"https:\/\/www.italienisch-werkstatt.de\/en\/wp-json\/wp\/v2\/pages"}],"about":[{"href":"https:\/\/www.italienisch-werkstatt.de\/en\/wp-json\/wp\/v2\/types\/page"}],"author":[{"embeddable":true,"href":"https:\/\/www.italienisch-werkstatt.de\/en\/wp-json\/wp\/v2\/users\/1"}],"replies":[{"embeddable":true,"href":"https:\/\/www.italienisch-werkstatt.de\/en\/wp-json\/wp\/v2\/comments?post=133"}],"version-history":[{"count":13,"href":"https:\/\/www.italienisch-werkstatt.de\/en\/wp-json\/wp\/v2\/pages\/133\/revisions"}],"predecessor-version":[{"id":8409,"href":"https:\/\/www.italienisch-werkstatt.de\/en\/wp-json\/wp\/v2\/pages\/133\/revisions\/8409"}],"wp:featuredmedia":[{"embeddable":true,"href":"https:\/\/www.italienisch-werkstatt.de\/en\/wp-json\/wp\/v2\/media\/6632"}],"wp:attachment":[{"href":"https:\/\/www.italienisch-werkstatt.de\/en\/wp-json\/wp\/v2\/media?parent=133"}],"curies":[{"name":"wp","href":"https:\/\/api.w.org\/{rel}","templated":true}]}}