{"id":1248,"date":"2020-12-21T09:30:32","date_gmt":"2020-12-21T09:30:32","guid":{"rendered":"https:\/\/italienisch-werkstatt.de\/?page_id=1248"},"modified":"2026-03-12T11:16:54","modified_gmt":"2026-03-12T10:16:54","slug":"kursinhalte-ziele-mittelstufe-iv","status":"publish","type":"page","link":"https:\/\/www.italienisch-werkstatt.de\/en\/kursinhalte-ziele-mittelstufe-iv","title":{"rendered":"Kursinhalte und Lernziele &#8211; Mittelstufe IV"},"content":{"rendered":"<section class=\"l-section wpb_row height_small color_alternate\"><div class=\"l-section-h i-cf\"><div class=\"g-cols vc_row via_flex valign_top type_default stacking_default\"><div class=\"vc_col-sm-12 wpb_column vc_column_container\"><div class=\"vc_column-inner\"><div class=\"wpb_wrapper\"><div class=\"wpb_text_column\"><div class=\"wpb_wrapper\"><h1><a name=\"_Toc59359670\"><\/a>Course content and learning objectives: Elementary IV - A2.4<\/h1>\n<\/div><\/div><div class=\"wpb_text_column\"><div class=\"wpb_wrapper\"><p>Note: The thematic content and grammar of course levels A2.1 to A2.4 correspond to the content of the textbook <em>Nuovo Espresso 2<\/em> from Hueber.<\/p>\n<\/div><\/div><\/div><\/div><\/div><\/div><\/div><\/section><section class=\"l-section wpb_row height_small\"><div class=\"l-section-h i-cf\"><div class=\"g-cols vc_row via_flex valign_top type_default stacking_default\"><div class=\"vc_col-sm-12 wpb_column vc_column_container\"><div class=\"vc_column-inner\"><div class=\"wpb_wrapper\"><div class=\"wpb_text_column\"><div class=\"wpb_wrapper\"><h2>Thematische Kursinhalte \/ Lernziel:<\/h2>\n<p>Talk about the future. Expressing wishes and intentions. Writing an application. Expressing assumptions. Expressing conditions. Talking about work and working conditions. \/\/ Ask to be excused. Starting a story. To ask someone to tell something. Tell what has just happened. Express interest. To stimulate the conversation. Express disappointment. \/\/ Describe a flat. Expressing a need or desire. Arguing for and against something. Compare.<\/p>\n<\/div><\/div><\/div><\/div><\/div><\/div><\/div><\/section><section class=\"l-section wpb_row height_small color_alternate\"><div class=\"l-section-h i-cf\"><div class=\"g-cols vc_row via_flex valign_top type_default stacking_default\"><div class=\"vc_col-sm-12 wpb_column vc_column_container\"><div class=\"vc_column-inner\"><div class=\"wpb_wrapper\"><div class=\"wpb_text_column\"><div class=\"wpb_wrapper\"><h2>Grammar:<\/h2>\n<p>The future tense I. <em>Bisogna<\/em> + verb. The verb <em>metterci<\/em> in the meaning of <em>avere bisogno di tempo<\/em>. The real conditional theorem (<em>se<\/em> + present or future tense). The pronouns <em>la<\/em> and <em>le<\/em>. \/\/ <em>Mentre<\/em> and <em>durante<\/em>. <em>Stare per<\/em> + Infinititv. The <em>passato prossimo<\/em> of the modal verbs. The conjunctions <em>per\u00f2<\/em>, <em>quindi<\/em>, <em>perch\u00e9<\/em>, <em>mentre<\/em>, <em>quando<\/em>. \/\/ The adjective <em>bello<\/em>. The <em>congiuntivo presente <\/em>of the verbs on -<em>are<\/em>, &#8211;<em>ere<\/em> and -<em>ire<\/em> and some irregular verbs. The use of the <em>congiuntivo<\/em> for expressions of necessity, for verbs of personal opinion and hope. The comparative <em>pi\u00f9 ...di<\/em>\/ <em>pi\u00f9... che<\/em>. The adverb <em>magari<\/em>.<\/p>\n<\/div><\/div><\/div><\/div><\/div><\/div><\/div><\/section><section class=\"l-section wpb_row height_small\"><div class=\"l-section-h i-cf\"><div class=\"g-cols vc_row via_flex valign_top type_default stacking_default\"><div class=\"vc_col-sm-12 wpb_column vc_column_container\"><div class=\"vc_column-inner\"><div class=\"wpb_wrapper\"><section class=\"l-section wpb_row height_auto width_full\"><div class=\"l-section-h i-cf\"><div class=\"g-cols vc_row via_flex valign_top type_default stacking_default\"><div class=\"vc_col-sm-12 wpb_column vc_column_container\"><div class=\"vc_column-inner\"><div class=\"wpb_wrapper\"><div class=\"wpb_text_column\"><div class=\"wpb_wrapper\"><h2>Course content and learning objectives for all levels<\/h2>\n<p class=\"translation-block\">The learning objectives and grammar content listed are for guidance only. They represent an average programme that can be handled within a <strong>course of 20 units of 45 minutes each<\/strong>. The lecturer will decide how far the programme can be extended or deepened based on the level and other characteristics of their class and their personal teaching style. The intensity of the grammatical exercises as well as the speaking exercises using role play and listening exercises based on dialogues on CDs and videos can vary from group to group.<\/p>\n<\/div><\/div><\/div><\/div><\/div><\/div><\/div><\/section><section class=\"l-section wpb_row height_small width_full\"><div class=\"l-section-h i-cf\"><div class=\"g-cols vc_row via_flex valign_top type_default stacking_default\"><div class=\"vc_col-sm-12 wpb_column vc_column_container\"><div class=\"vc_column-inner\"><div class=\"wpb_wrapper\"><div class=\"wpb_text_column\"><div class=\"wpb_wrapper\"><table style=\"height: 336px; width: 100%; border-collapse: collapse; border-style: solid;\">\n<tbody>\n<tr style=\"height: 28px; background-color: #00470f;\">\n<td style=\"width: 45.7576%; height: 28px;\"><span style=\"color: #ffffff;\">Course level<\/span><\/td>\n<td style=\"width: 54.2424%; height: 28px;\"><span style=\"color: #ffffff;\">Course content and learning objectives<\/span><\/td>\n<\/tr>\n<tr style=\"height: 28px;\">\n<td style=\"width: 45.7576%; height: 28px;\">Beginner I - A1.1<\/td>\n<td style=\"width: 54.2424%; height: 28px;\"><a href=\"https:\/\/www.italienisch-werkstatt.de\/en\/kursinhalte-und-lernziele-anfaenger\" target=\"_blank\" rel=\"noopener noreferrer\">Course content and learning objectives - Beginners<\/a><\/td>\n<\/tr>\n<tr style=\"height: 28px;\">\n<td style=\"width: 45.7576%; height: 28px;\">Beginner II - A1.2 (with previous knowledge)<\/td>\n<td style=\"width: 54.2424%; height: 28px;\"><a href=\"https:\/\/www.italienisch-werkstatt.de\/en\/kursinhalte-und-lernziele-anfaenger-ii\" target=\"_blank\" rel=\"noopener noreferrer\">Course content and learning objectives - Beginners II<\/a><\/td>\n<\/tr>\n<tr style=\"height: 28px;\">\n<td style=\"width: 45.7576%; height: 28px;\">Beginner III - A1.3<\/td>\n<td style=\"width: 54.2424%; height: 28px;\"><a href=\"https:\/\/www.italienisch-werkstatt.de\/en\/kursinhalte-und-lernziele-anfaenger-iii\" target=\"_blank\" rel=\"noopener noreferrer\">Course content and learning objectives - Beginners III<\/a><\/td>\n<\/tr>\n<tr style=\"height: 28px;\">\n<td style=\"width: 45.7576%; height: 28px;\">Elementary I - A2.1<\/td>\n<td style=\"width: 54.2424%; height: 28px;\"><a href=\"https:\/\/www.italienisch-werkstatt.de\/en\/kursinhalte-und-lernziele-mittelstufe-i\" target=\"_blank\" rel=\"noopener noreferrer\">Course content and learning objectives - Elementary I<\/a><\/td>\n<\/tr>\n<tr style=\"height: 28px;\">\n<td style=\"width: 45.7576%; height: 28px;\">Elementary II - A2.2<\/td>\n<td style=\"width: 54.2424%; height: 28px;\"><a href=\"https:\/\/www.italienisch-werkstatt.de\/en\/kursinhalte-und-lernziele-mittelstufe-ii\" target=\"_blank\" rel=\"noopener noreferrer\">Course content and learning objectives - Elementary II<\/a><\/td>\n<\/tr>\n<tr style=\"height: 28px;\">\n<td style=\"width: 45.7576%; height: 28px;\">Elementary III - A2.3<\/td>\n<td style=\"width: 54.2424%; height: 28px;\"><a href=\"https:\/\/www.italienisch-werkstatt.de\/en\/kursinhalte-und-lernziele-mittelstufe-iii\" target=\"_blank\" rel=\"noopener noreferrer\">Course content and learning objectives - Elementary III<\/a><\/td>\n<\/tr>\n<tr style=\"height: 28px;\">\n<td style=\"width: 45.7576%; height: 28px;\">Elementary IV - A2.4<\/td>\n<td style=\"width: 54.2424%; height: 28px;\"><a href=\"https:\/\/www.italienisch-werkstatt.de\/en\/kursinhalte-ziele-mittelstufe-iv\" target=\"_blank\" rel=\"noopener\">Course content and learning objectives - Elementary IV<\/a><\/td>\n<\/tr>\n<tr style=\"height: 28px;\">\n<td style=\"width: 45.7576%; height: 28px;\">Intermediate I - B1.1<\/td>\n<td style=\"width: 54.2424%; height: 28px;\"><a href=\"https:\/\/www.italienisch-werkstatt.de\/en\/kursinhalte-und-lernziele-fortgeschritten-i\" target=\"_blank\" rel=\"noopener noreferrer\">Course content and learning objectives - Intermediate I<\/a><\/td>\n<\/tr>\n<tr style=\"height: 28px;\">\n<td style=\"width: 45.7576%; height: 28px;\">Intermediate II - B1.2<\/td>\n<td style=\"width: 54.2424%; height: 28px;\"><a href=\"https:\/\/www.italienisch-werkstatt.de\/en\/kursinhalte-und-lernziele-fortgeschritten-ii\" target=\"_blank\" rel=\"noopener noreferrer\">Course content and learning objectives - Intermediate II<\/a><\/td>\n<\/tr>\n<tr style=\"height: 28px;\">\n<td style=\"width: 45.7576%; height: 28px;\">Intermediate III - B1.3<\/td>\n<td style=\"width: 54.2424%; height: 28px;\"><a href=\"https:\/\/www.italienisch-werkstatt.de\/en\/kursinhalte-und-lernziele-fortgeschritten-iii\" target=\"_blank\" rel=\"noopener noreferrer\">Course content and learning objectives - Intermediate III<\/a><\/td>\n<\/tr>\n<tr style=\"height: 28px;\">\n<td style=\"width: 45.7576%; height: 28px;\">Intermediate IV - B1.4<\/td>\n<td style=\"width: 54.2424%; height: 28px;\"><a href=\"https:\/\/www.italienisch-werkstatt.de\/en\/kursinhalte-ziele-fortgeschritten-iv\" target=\"_blank\" rel=\"noopener\">Course content and learning objectives - Intermediate IV<\/a><\/td>\n<\/tr>\n<\/tbody>\n<\/table>\n<\/div><\/div><\/div><\/div><\/div><\/div><\/div><\/section>\n<\/div><\/div><\/div><\/div><\/div><\/section><section class=\"l-section wpb_row height_small color_alternate\"><div class=\"l-section-h i-cf\"><div class=\"g-cols vc_row via_flex valign_top type_default stacking_default\"><div class=\"vc_col-sm-3 wpb_column vc_column_container\"><div class=\"vc_column-inner\"><div class=\"wpb_wrapper\"><div class=\"wpb_text_column\"><div class=\"wpb_wrapper\"><p><img loading=\"lazy\" decoding=\"async\" class=\"alignnone wp-image-1120 size-full\" src=\"https:\/\/www.italienisch-werkstatt.de\/wp-content\/uploads\/2020\/11\/Italienisch-Sprachdienstleistungen-in-Berlin-1.jpg\" alt=\"Interessante Kursinhalte und Lernziele f\u00fcr Italienisch A2.4\" width=\"734\" height=\"539\" \/><\/p>\n<\/div><\/div><\/div><\/div><\/div><div class=\"vc_col-sm-9 wpb_column vc_column_container\"><div class=\"vc_column-inner\"><div class=\"wpb_wrapper\"><div class=\"wpb_text_column\"><div class=\"wpb_wrapper\"><p>Sie wissen nicht welches Niveau Sie haben? Informieren Sie sich jetzt \u00fcber <a href=\"https:\/\/www.italienisch-werkstatt.de\/en\/einstufungstest-italienisch\" target=\"_blank\" rel=\"noopener\">unseren Italienisch-Einstufungstest<\/a> und testen Sie kostenlos Ihre Sprachkenntnisse<\/p>\n<p><em>Unsere Sprachniveaus sind nach den Kriterien des <a href=\"https:\/\/www.europaeischer-referenzrahmen.de\/sprachniveau.php\" target=\"_blank\" rel=\"noopener\">Common European Framework of Reference for Languages (CEFR)<\/a> definiert. Dieses System teilt Ihre Italienischkenntnisse in vier Fertigkeiten ein: schriftliches und m\u00fcndliches Verst\u00e4ndnis sowie schriftlicher und m\u00fcndlicher Ausdruck.<\/em><\/p>\n<\/div><\/div><\/div><\/div><\/div><\/div><\/div><\/section>","protected":false},"excerpt":{"rendered":"Kursinhalte und Lernziele: Mittelstufe IV \u2013 A2.4 Hinweis: Thematische Inhalte und Grammatik der Kursniveaus A2.1 bis A2.4 entsprechen den Inhalten des Lehrbuches Nuovo Espresso 2 von Hueber. Thematische Kursinhalte \/ Lernziel: \u00dcber die Zukunft sprechen. W\u00fcnsche und Absichten ausdr\u00fccken. Eine Bewerbung schreiben. Vermutungen \u00e4u\u00dfern. Bedingungen ausdr\u00fccken. \u00dcber Arbeit und Arbeitsbedingungen sprechen. \/\/ Um Entschuldigung bitten....","protected":false},"author":2,"featured_media":0,"parent":0,"menu_order":9,"comment_status":"closed","ping_status":"closed","template":"","meta":{"_acf_changed":false,"footnotes":""},"class_list":["post-1248","page","type-page","status-publish","hentry"],"acf":[],"_links":{"self":[{"href":"https:\/\/www.italienisch-werkstatt.de\/en\/wp-json\/wp\/v2\/pages\/1248","targetHints":{"allow":["GET"]}}],"collection":[{"href":"https:\/\/www.italienisch-werkstatt.de\/en\/wp-json\/wp\/v2\/pages"}],"about":[{"href":"https:\/\/www.italienisch-werkstatt.de\/en\/wp-json\/wp\/v2\/types\/page"}],"author":[{"embeddable":true,"href":"https:\/\/www.italienisch-werkstatt.de\/en\/wp-json\/wp\/v2\/users\/2"}],"replies":[{"embeddable":true,"href":"https:\/\/www.italienisch-werkstatt.de\/en\/wp-json\/wp\/v2\/comments?post=1248"}],"version-history":[{"count":5,"href":"https:\/\/www.italienisch-werkstatt.de\/en\/wp-json\/wp\/v2\/pages\/1248\/revisions"}],"predecessor-version":[{"id":8696,"href":"https:\/\/www.italienisch-werkstatt.de\/en\/wp-json\/wp\/v2\/pages\/1248\/revisions\/8696"}],"wp:attachment":[{"href":"https:\/\/www.italienisch-werkstatt.de\/en\/wp-json\/wp\/v2\/media?parent=1248"}],"curies":[{"name":"wp","href":"https:\/\/api.w.org\/{rel}","templated":true}]}}