{"id":1220,"date":"2020-12-20T17:02:39","date_gmt":"2020-12-20T17:02:39","guid":{"rendered":"https:\/\/italienisch-werkstatt.de\/?page_id=1220"},"modified":"2026-03-12T11:13:35","modified_gmt":"2026-03-12T10:13:35","slug":"kursinhalte-und-lernziele-anfaenger","status":"publish","type":"page","link":"https:\/\/www.italienisch-werkstatt.de\/en\/kursinhalte-und-lernziele-anfaenger","title":{"rendered":"Kursinhalte und Lernziele &#8211; Anf\u00e4nger"},"content":{"rendered":"<section class=\"l-section wpb_row height_small color_alternate\"><div class=\"l-section-h i-cf\"><div class=\"g-cols vc_row via_flex valign_top type_default stacking_default\"><div class=\"vc_col-sm-12 wpb_column vc_column_container\"><div class=\"vc_column-inner\"><div class=\"wpb_wrapper\"><div class=\"wpb_text_column\"><div class=\"wpb_wrapper\"><h1><a name=\"_Toc59359670\"><\/a>Course content and learning objectives: Beginner I - A1.1<\/h1>\n<\/div><\/div><\/div><\/div><\/div><\/div><\/div><\/section><section class=\"l-section wpb_row height_small\"><div class=\"l-section-h i-cf\"><div class=\"g-cols vc_row via_flex valign_top type_default stacking_default\"><div class=\"vc_col-sm-12 wpb_column vc_column_container\"><div class=\"vc_column-inner\"><div class=\"wpb_wrapper\"><div class=\"wpb_text_column\"><div class=\"wpb_wrapper\"><h2>Thematische Kursinhalte \/ Lernziel:<\/h2>\n<p>Greeting, introducing yourself and other people, asking or giving information about names and place of residence, stating and asking about nationality and origin. Basics of Italian regional studies. Stating the destination and reason for travelling and asking about it. Say who you are travelling with and by what means of transport. Find information about a holiday destination in a brochure, reserve a room in a hotel and ask what exactly is available in the hotel. Tell reception if something is missing or not working in the room. In the bar: ordering and paying, inviting friends, recognising typical bar products and expressing your own preferences. Getting to grips with a menu in a restaurant and communicating with the waiter. Ask for a recommendation and complain.<\/p>\n<\/div><\/div><\/div><\/div><\/div><\/div><\/div><\/section><section class=\"l-section wpb_row height_small color_alternate\"><div class=\"l-section-h i-cf\"><div class=\"g-cols vc_row via_flex valign_top type_default stacking_default\"><div class=\"vc_col-sm-12 wpb_column vc_column_container\"><div class=\"vc_column-inner\"><div class=\"wpb_wrapper\"><div class=\"wpb_text_column\"><div class=\"wpb_wrapper\"><h2>Grammar:<\/h2>\n<p>The subject pronouns, regular verbs of the <em>-ARE<\/em> and <em>-ERE<\/em> conjugations, several irregular verbs (<em>essere<\/em>,<em> stare<\/em>, <em>avere<\/em>, <em>andare<\/em>,<em> venire<\/em>,<em> bere<\/em> etc.), the negation, <em>c'\u00e8<\/em>, the definite and the indefinite article, numbers, the pluralisation of nouns, interrogatives: <em>che cosa<\/em>, <em>come<\/em>, <em>dove<\/em>, <em>da dove<\/em>, <em>di dove<\/em>, <em>chi<\/em>, the agreement of adjective and reference word in the singular, the verbs <em>piacere<\/em> and <em>mancare<\/em>, the alphabet. Phonetics: <em>c<\/em> and <em>g<\/em>, <em>sc<\/em> and <em>sh<\/em>, <em>s<\/em>, <em>sp<\/em>, <em>st<\/em>, <em>gn <\/em>and <em>gl<\/em>.<\/p>\n<\/div><\/div><\/div><\/div><\/div><\/div><\/div><\/section><section class=\"l-section wpb_row height_small\"><div class=\"l-section-h i-cf\"><div class=\"g-cols vc_row via_flex valign_top type_default stacking_default\"><div class=\"vc_col-sm-12 wpb_column vc_column_container\"><div class=\"vc_column-inner\"><div class=\"wpb_wrapper\"><section class=\"l-section wpb_row height_auto width_full\"><div class=\"l-section-h i-cf\"><div class=\"g-cols vc_row via_flex valign_top type_default stacking_default\"><div class=\"vc_col-sm-12 wpb_column vc_column_container\"><div class=\"vc_column-inner\"><div class=\"wpb_wrapper\"><div class=\"wpb_text_column\"><div class=\"wpb_wrapper\"><h2>Course content and learning objectives for all levels<\/h2>\n<p class=\"translation-block\">The learning objectives and grammar content listed are for guidance only. They represent an average programme that can be handled within a <strong>course of 20 units of 45 minutes each<\/strong>. The lecturer will decide how far the programme can be extended or deepened based on the level and other characteristics of their class and their personal teaching style. The intensity of the grammatical exercises as well as the speaking exercises using role play and listening exercises based on dialogues on CDs and videos can vary from group to group.<\/p>\n<\/div><\/div><\/div><\/div><\/div><\/div><\/div><\/section><section class=\"l-section wpb_row height_small width_full\"><div class=\"l-section-h i-cf\"><div class=\"g-cols vc_row via_flex valign_top type_default stacking_default\"><div class=\"vc_col-sm-12 wpb_column vc_column_container\"><div class=\"vc_column-inner\"><div class=\"wpb_wrapper\"><div class=\"wpb_text_column\"><div class=\"wpb_wrapper\"><table style=\"height: 336px; width: 100%; border-collapse: collapse; border-style: solid;\">\n<tbody>\n<tr style=\"height: 28px; background-color: #00470f;\">\n<td style=\"width: 45.7576%; height: 28px;\"><span style=\"color: #ffffff;\">Course level<\/span><\/td>\n<td style=\"width: 54.2424%; height: 28px;\"><span style=\"color: #ffffff;\">Course content and learning objectives<\/span><\/td>\n<\/tr>\n<tr style=\"height: 28px;\">\n<td style=\"width: 45.7576%; height: 28px;\">Beginner I - A1.1<\/td>\n<td style=\"width: 54.2424%; height: 28px;\"><a href=\"https:\/\/www.italienisch-werkstatt.de\/en\/kursinhalte-und-lernziele-anfaenger\" target=\"_blank\" rel=\"noopener noreferrer\">Course content and learning objectives - Beginners<\/a><\/td>\n<\/tr>\n<tr style=\"height: 28px;\">\n<td style=\"width: 45.7576%; height: 28px;\">Beginner II - A1.2 (with previous knowledge)<\/td>\n<td style=\"width: 54.2424%; height: 28px;\"><a href=\"https:\/\/www.italienisch-werkstatt.de\/en\/kursinhalte-und-lernziele-anfaenger-ii\" target=\"_blank\" rel=\"noopener noreferrer\">Course content and learning objectives - Beginners II<\/a><\/td>\n<\/tr>\n<tr style=\"height: 28px;\">\n<td style=\"width: 45.7576%; height: 28px;\">Beginner III - A1.3<\/td>\n<td style=\"width: 54.2424%; height: 28px;\"><a href=\"https:\/\/www.italienisch-werkstatt.de\/en\/kursinhalte-und-lernziele-anfaenger-iii\" target=\"_blank\" rel=\"noopener noreferrer\">Course content and learning objectives - Beginners III<\/a><\/td>\n<\/tr>\n<tr style=\"height: 28px;\">\n<td style=\"width: 45.7576%; height: 28px;\">Elementary I - A2.1<\/td>\n<td style=\"width: 54.2424%; height: 28px;\"><a href=\"https:\/\/www.italienisch-werkstatt.de\/en\/kursinhalte-und-lernziele-mittelstufe-i\" target=\"_blank\" rel=\"noopener noreferrer\">Course content and learning objectives - Elementary I<\/a><\/td>\n<\/tr>\n<tr style=\"height: 28px;\">\n<td style=\"width: 45.7576%; height: 28px;\">Elementary II - A2.2<\/td>\n<td style=\"width: 54.2424%; height: 28px;\"><a href=\"https:\/\/www.italienisch-werkstatt.de\/en\/kursinhalte-und-lernziele-mittelstufe-ii\" target=\"_blank\" rel=\"noopener noreferrer\">Course content and learning objectives - Elementary II<\/a><\/td>\n<\/tr>\n<tr style=\"height: 28px;\">\n<td style=\"width: 45.7576%; height: 28px;\">Elementary III - A2.3<\/td>\n<td style=\"width: 54.2424%; height: 28px;\"><a href=\"https:\/\/www.italienisch-werkstatt.de\/en\/kursinhalte-und-lernziele-mittelstufe-iii\" target=\"_blank\" rel=\"noopener noreferrer\">Course content and learning objectives - Elementary III<\/a><\/td>\n<\/tr>\n<tr style=\"height: 28px;\">\n<td style=\"width: 45.7576%; height: 28px;\">Elementary IV - A2.4<\/td>\n<td style=\"width: 54.2424%; height: 28px;\"><a href=\"https:\/\/www.italienisch-werkstatt.de\/en\/kursinhalte-ziele-mittelstufe-iv\" target=\"_blank\" rel=\"noopener\">Course content and learning objectives - Elementary IV<\/a><\/td>\n<\/tr>\n<tr style=\"height: 28px;\">\n<td style=\"width: 45.7576%; height: 28px;\">Intermediate I - B1.1<\/td>\n<td style=\"width: 54.2424%; height: 28px;\"><a href=\"https:\/\/www.italienisch-werkstatt.de\/en\/kursinhalte-und-lernziele-fortgeschritten-i\" target=\"_blank\" rel=\"noopener noreferrer\">Course content and learning objectives - Intermediate I<\/a><\/td>\n<\/tr>\n<tr style=\"height: 28px;\">\n<td style=\"width: 45.7576%; height: 28px;\">Intermediate II - B1.2<\/td>\n<td style=\"width: 54.2424%; height: 28px;\"><a href=\"https:\/\/www.italienisch-werkstatt.de\/en\/kursinhalte-und-lernziele-fortgeschritten-ii\" target=\"_blank\" rel=\"noopener noreferrer\">Course content and learning objectives - Intermediate II<\/a><\/td>\n<\/tr>\n<tr style=\"height: 28px;\">\n<td style=\"width: 45.7576%; height: 28px;\">Intermediate III - B1.3<\/td>\n<td style=\"width: 54.2424%; height: 28px;\"><a href=\"https:\/\/www.italienisch-werkstatt.de\/en\/kursinhalte-und-lernziele-fortgeschritten-iii\" target=\"_blank\" rel=\"noopener noreferrer\">Course content and learning objectives - Intermediate III<\/a><\/td>\n<\/tr>\n<tr style=\"height: 28px;\">\n<td style=\"width: 45.7576%; height: 28px;\">Intermediate IV - B1.4<\/td>\n<td style=\"width: 54.2424%; height: 28px;\"><a href=\"https:\/\/www.italienisch-werkstatt.de\/en\/kursinhalte-ziele-fortgeschritten-iv\" target=\"_blank\" rel=\"noopener\">Course content and learning objectives - Intermediate IV<\/a><\/td>\n<\/tr>\n<\/tbody>\n<\/table>\n<\/div><\/div><\/div><\/div><\/div><\/div><\/div><\/section>\n<\/div><\/div><\/div><\/div><\/div><\/section><section class=\"l-section wpb_row height_small color_alternate\"><div class=\"l-section-h i-cf\"><div class=\"g-cols vc_row via_flex valign_top type_default stacking_default\"><div class=\"vc_col-sm-3 wpb_column vc_column_container\"><div class=\"vc_column-inner\"><div class=\"wpb_wrapper\"><div class=\"wpb_text_column\"><div class=\"wpb_wrapper\"><p><img loading=\"lazy\" decoding=\"async\" class=\"alignnone wp-image-1120 size-full\" src=\"https:\/\/www.italienisch-werkstatt.de\/wp-content\/uploads\/2020\/11\/Italienisch-Sprachdienstleistungen-in-Berlin-1.jpg\" alt=\"Interessante Kursinhalte und Lernziele f\u00fcr Italienisch A1.1\" width=\"734\" height=\"539\" \/><\/p>\n<\/div><\/div><\/div><\/div><\/div><div class=\"vc_col-sm-9 wpb_column vc_column_container\"><div class=\"vc_column-inner\"><div class=\"wpb_wrapper\"><div class=\"wpb_text_column\"><div class=\"wpb_wrapper\"><p>Sie wissen nicht welches Niveau Sie haben? Informieren Sie sich jetzt \u00fcber <a href=\"https:\/\/www.italienisch-werkstatt.de\/en\/einstufungstest-italienisch\" target=\"_blank\" rel=\"noopener\">unseren Italienisch-Einstufungstest<\/a> und testen Sie kostenlos Ihre Sprachkenntnisse<\/p>\n<p><em>Unsere Sprachniveaus sind nach den Kriterien des <a href=\"https:\/\/www.europaeischer-referenzrahmen.de\/sprachniveau.php\" target=\"_blank\" rel=\"noopener\">Common European Framework of Reference for Languages (CEFR)<\/a> definiert. Dieses System teilt Ihre Italienischkenntnisse in vier Fertigkeiten ein: schriftliches und m\u00fcndliches Verst\u00e4ndnis sowie schriftlicher und m\u00fcndlicher Ausdruck.<\/em><\/p>\n<\/div><\/div><\/div><\/div><\/div><\/div><\/div><\/section>","protected":false},"excerpt":{"rendered":"Kursinhalte und Lernziele: Anf\u00e4nger I \u2013 A1.1 Thematische Kursinhalte \/ Lernziel: Begr\u00fc\u00dfen, sich und andere Personen vorstellen, nach Namen und Wohnort Fragen bzw. dar\u00fcber Auskunft geben, Nationalit\u00e4t und Herkunft angeben und danach fragen. Basics der italienischen Landeskunde. Ziel und Grund einer Reise angeben und danach fragen. Sagen mit wem und welchem Verkehrsmittel man verreist. Einem...","protected":false},"author":2,"featured_media":0,"parent":0,"menu_order":9,"comment_status":"closed","ping_status":"closed","template":"","meta":{"_acf_changed":false,"footnotes":""},"class_list":["post-1220","page","type-page","status-publish","hentry"],"acf":[],"_links":{"self":[{"href":"https:\/\/www.italienisch-werkstatt.de\/en\/wp-json\/wp\/v2\/pages\/1220","targetHints":{"allow":["GET"]}}],"collection":[{"href":"https:\/\/www.italienisch-werkstatt.de\/en\/wp-json\/wp\/v2\/pages"}],"about":[{"href":"https:\/\/www.italienisch-werkstatt.de\/en\/wp-json\/wp\/v2\/types\/page"}],"author":[{"embeddable":true,"href":"https:\/\/www.italienisch-werkstatt.de\/en\/wp-json\/wp\/v2\/users\/2"}],"replies":[{"embeddable":true,"href":"https:\/\/www.italienisch-werkstatt.de\/en\/wp-json\/wp\/v2\/comments?post=1220"}],"version-history":[{"count":10,"href":"https:\/\/www.italienisch-werkstatt.de\/en\/wp-json\/wp\/v2\/pages\/1220\/revisions"}],"predecessor-version":[{"id":8686,"href":"https:\/\/www.italienisch-werkstatt.de\/en\/wp-json\/wp\/v2\/pages\/1220\/revisions\/8686"}],"wp:attachment":[{"href":"https:\/\/www.italienisch-werkstatt.de\/en\/wp-json\/wp\/v2\/media?parent=1220"}],"curies":[{"name":"wp","href":"https:\/\/api.w.org\/{rel}","templated":true}]}}