{"id":1049,"date":"2020-11-30T09:27:25","date_gmt":"2020-11-30T09:27:25","guid":{"rendered":"https:\/\/italienisch-werkstatt.de\/?page_id=1049"},"modified":"2025-04-09T15:50:29","modified_gmt":"2025-04-09T13:50:29","slug":"privatunterricht","status":"publish","type":"page","link":"https:\/\/www.italienisch-werkstatt.de\/en\/privatunterricht","title":{"rendered":"Private lessons"},"content":{"rendered":"<section class=\"l-section wpb_row height_small\"><div class=\"l-section-h i-cf\"><div class=\"g-cols vc_row via_flex valign_top type_default stacking_default\"><div class=\"vc_col-sm-12 vc_col-lg-offset-2 vc_col-lg-8 vc_col-md-offset-2 vc_col-md-8 wpb_column vc_column_container\"><div class=\"vc_column-inner\"><div class=\"wpb_wrapper\"><div class=\"wpb_text_column\"><div class=\"wpb_wrapper\"><h1>The <a href=\"https:\/\/www.italienisch-werkstatt.de\/en\/einzelunterricht-italienisch\">private Italian lessons<\/a>&nbsp;that fit your calendar<\/h1>\n<\/div><\/div><div class=\"wpb_text_column\"><div class=\"wpb_wrapper\"><p class=\"translation-block\">If you want to learn in a personalised and targeted way and your schedule is tight, <a href=\"https:\/\/www.italienisch-werkstatt.de\/en\/einzelunterricht-italienisch\/\" target=\"_self\"><strong>individual lessons<\/strong><\/a> or personalised language coaching may be the ideal solution for you. You can define your personal <strong>learning objectives and preferred rhythm<\/strong> and we'll accompany you on your step by step learning process.<\/p>\n<p>Individual coaching also offers you the opportunity to learn job-specific Italian, whether you are a chef, a manager or an opera singer.<\/p>\n<\/div><\/div><\/div><\/div><\/div><\/div><\/div><\/section><section class=\"l-section wpb_row height_auto\"><div class=\"l-section-h i-cf\"><div class=\"g-cols vc_row via_flex valign_top type_default stacking_default\"><div class=\"vc_col-sm-12 vc_col-lg-offset-3 vc_col-lg-6 vc_col-md-offset-3 vc_col-md-6 wpb_column vc_column_container\"><div class=\"vc_column-inner\"><div class=\"wpb_wrapper\"><div class=\"w-image us_custom_f13720f2 align_center\"><div class=\"w-image-h\"><img decoding=\"async\" width=\"1254\" height=\"837\" src=\"https:\/\/www.italienisch-werkstatt.de\/wp-content\/uploads\/2020\/12\/Einzelunterricht.jpg\" class=\"attachment-full size-full\" alt=\"\" loading=\"lazy\" srcset=\"https:\/\/www.italienisch-werkstatt.de\/wp-content\/uploads\/2020\/12\/Einzelunterricht.jpg 1254w, https:\/\/www.italienisch-werkstatt.de\/wp-content\/uploads\/2020\/12\/Einzelunterricht-300x200.jpg 300w, https:\/\/www.italienisch-werkstatt.de\/wp-content\/uploads\/2020\/12\/Einzelunterricht-1024x683.jpg 1024w, https:\/\/www.italienisch-werkstatt.de\/wp-content\/uploads\/2020\/12\/Einzelunterricht-600x400.jpg 600w\" sizes=\"auto, (max-width: 1254px) 100vw, 1254px\" \/><\/div><\/div><\/div><\/div><\/div><\/div><\/div><\/section><section class=\"l-section wpb_row height_small color_alternate\"><div class=\"l-section-h i-cf\"><div class=\"g-cols vc_row via_flex valign_top type_default stacking_default\"><div class=\"vc_col-sm-12 vc_col-lg-offset-2 vc_col-lg-8 vc_col-md-offset-2 vc_col-md-8 wpb_column vc_column_container\"><div class=\"vc_column-inner\"><div class=\"wpb_wrapper\"><div class=\"wpb_text_column\"><div class=\"wpb_wrapper\"><h2><a href=\"https:\/\/www.italienisch-werkstatt.de\/en\/italienisch-privatunterricht-berlin\">Italian private lessons for companies<\/a> in Berlin<\/h2>\n<\/div><\/div><div class=\"wpb_text_column\"><div class=\"wpb_wrapper\"><p class=\"translation-block\">Has your company been working with Italian partners for years and you'd finally like to speak to them in Italian? Have you signed a new cooperation agreement with an Italian company? Would you like to enter the Italian market?<\/p>\n<p class=\"translation-block\">In these cases our <a href=\"https:\/\/www.italienisch-werkstatt.de\/en\/italienisch-privatunterricht-berlin\/\" target=\"_self\"><strong>private lessons for companies<\/strong><\/a> are just the right thing for you.<\/p>\n<\/div><\/div><\/div><\/div><\/div><\/div><\/div><\/section><section class=\"l-section wpb_row height_auto color_alternate\"><div class=\"l-section-h i-cf\"><div class=\"g-cols vc_row via_flex valign_top type_default stacking_default\"><div class=\"vc_col-sm-6 vc_col-lg-offset-3 vc_col-lg-6 vc_col-md-offset-3 vc_col-md-6 wpb_column vc_column_container\"><div class=\"vc_column-inner\"><div class=\"wpb_wrapper\"><div class=\"w-image align_none\"><div class=\"w-image-h\"><img decoding=\"async\" width=\"1024\" height=\"681\" src=\"https:\/\/www.italienisch-werkstatt.de\/wp-content\/uploads\/2020\/12\/Firmenunterricht-1-1024x681.jpg\" class=\"attachment-large size-large\" alt=\"Firmenunterricht 1\" loading=\"lazy\" srcset=\"https:\/\/www.italienisch-werkstatt.de\/wp-content\/uploads\/2020\/12\/Firmenunterricht-1-1024x681.jpg 1024w, https:\/\/www.italienisch-werkstatt.de\/wp-content\/uploads\/2020\/12\/Firmenunterricht-1-300x200.jpg 300w, https:\/\/www.italienisch-werkstatt.de\/wp-content\/uploads\/2020\/12\/Firmenunterricht-1-600x399.jpg 600w, https:\/\/www.italienisch-werkstatt.de\/wp-content\/uploads\/2020\/12\/Firmenunterricht-1-e1724931342835.jpg 840w\" sizes=\"auto, (max-width: 1024px) 100vw, 1024px\" \/><\/div><\/div><\/div><\/div><\/div><\/div><\/div><\/section><section class=\"l-section wpb_row height_small\"><div class=\"l-section-h i-cf\"><div class=\"g-cols vc_row via_flex valign_top type_default stacking_default\"><div class=\"vc_col-sm-6 vc_col-lg-offset-2 vc_col-lg-4 vc_col-md-offset-2 vc_col-md-4 wpb_column vc_column_container\"><div class=\"vc_column-inner\"><div class=\"wpb_wrapper\"><div class=\"wpb_text_column\"><div class=\"wpb_wrapper\"><p class=\"translation-block\">If you would like to find out more, simply arrange an <strong>appointment<\/strong> with us or contact us to arrange a <strong>cost estimate<\/strong> for your company training.<\/p>\n<\/div><\/div><\/div><\/div><\/div><div class=\"vc_col-sm-6 vc_col-lg-4 vc_col-md-4 wpb_column vc_column_container\"><div class=\"vc_column-inner\"><div class=\"wpb_wrapper\"><section class=\"l-section wpb_row height_auto width_full\"><div class=\"l-section-h i-cf\"><div class=\"g-cols vc_row via_flex valign_top type_default stacking_default\"><div class=\"vc_col-sm-12 wpb_column vc_column_container\"><div class=\"vc_column-inner\"><div class=\"wpb_wrapper\"><div class=\"w-separator size_small with_line width_default thick_1 style_solid color_secondary align_left with_text with_content\"><div class=\"w-separator-h\"><p class=\"w-separator-text\"><i class=\"fal fa-pencil\"><\/i><span>Enquiry information<\/span><\/p><\/div><\/div><div class=\"wpb_text_column\"><div class=\"wpb_wrapper\">\n<div class=\"wpcf7 no-js\" id=\"wpcf7-f1422-o1\" lang=\"it-IT\" dir=\"ltr\" data-wpcf7-id=\"1422\">\n<div class=\"screen-reader-response\"><p role=\"status\" aria-live=\"polite\" aria-atomic=\"true\"><\/p> <ul><\/ul><\/div>\n<form action=\"\/en\/wp-json\/wp\/v2\/pages\/1049#wpcf7-f1422-o1\" method=\"post\" class=\"wpcf7-form init\" aria-label=\"Modulo di contatto\" novalidate=\"novalidate\" data-status=\"init\" data-trp-original-action=\"\/en\/wp-json\/wp\/v2\/pages\/1049#wpcf7-f1422-o1\">\n<fieldset class=\"hidden-fields-container\"><input type=\"hidden\" name=\"_wpcf7\" value=\"1422\" \/><input type=\"hidden\" name=\"_wpcf7_version\" value=\"6.1.5\" \/><input type=\"hidden\" name=\"_wpcf7_locale\" value=\"it_IT\" \/><input type=\"hidden\" name=\"_wpcf7_unit_tag\" value=\"wpcf7-f1422-o1\" \/><input type=\"hidden\" name=\"_wpcf7_container_post\" value=\"0\" \/><input type=\"hidden\" name=\"_wpcf7_posted_data_hash\" value=\"\" \/><input type=\"hidden\" name=\"_wpcf7dtx_version\" value=\"5.0.5\" \/>\n<\/fieldset>\n<p><label> Salutation<br \/>\n<span class=\"wpcf7-form-control-wrap\" data-name=\"Kontakt-Anrede\"><select class=\"wpcf7-form-control wpcf7-select wpcf7-validates-as-required\" aria-required=\"true\" aria-invalid=\"false\" name=\"Kontakt-Anrede\"><option value=\"\">&#8212;Seleziona un&#039;opzione&#8212;<\/option><option value=\"Frau\">Mrs<\/option><option value=\"Herr\">Mr<\/option><option value=\"Dr.\">Dr.<\/option><option value=\"Prof.\">Prof.<\/option><option value=\"Prof. Dr.\">Prof. Dr.<\/option><\/select><\/span> <\/label>\n<\/p>\n<p><label> First name*<br \/>\n<span class=\"wpcf7-form-control-wrap\" data-name=\"Kontakt-Vorname\"><input size=\"40\" maxlength=\"400\" class=\"wpcf7-form-control wpcf7-text wpcf7-validates-as-required\" aria-required=\"true\" aria-invalid=\"false\" value=\"\" type=\"text\" name=\"Kontakt-Vorname\" \/><\/span> <\/label>\n<\/p>\n<p><label> Surname*<br \/>\n<span class=\"wpcf7-form-control-wrap\" data-name=\"Kontakt-Nachname\"><input size=\"40\" maxlength=\"400\" class=\"wpcf7-form-control wpcf7-text wpcf7-validates-as-required\" aria-required=\"true\" aria-invalid=\"false\" value=\"\" type=\"text\" name=\"Kontakt-Nachname\" \/><\/span> <\/label>\n<\/p>\n<p><label> E-mail*<br \/>\n<span class=\"wpcf7-form-control-wrap\" data-name=\"Kontakt-email\"><input size=\"40\" maxlength=\"400\" class=\"wpcf7-form-control wpcf7-email wpcf7-validates-as-required wpcf7-text wpcf7-validates-as-email\" aria-required=\"true\" aria-invalid=\"false\" value=\"\" type=\"email\" name=\"Kontakt-email\" \/><\/span> <\/label>\n<\/p>\n<p><label> Telephone number<br \/>\n<span class=\"wpcf7-form-control-wrap\" data-name=\"Kontakt-Telefonnummer\"><input size=\"40\" maxlength=\"400\" class=\"wpcf7-form-control wpcf7-tel wpcf7-text wpcf7-validates-as-tel\" aria-invalid=\"false\" value=\"\" type=\"tel\" name=\"Kontakt-Telefonnummer\" \/><\/span> <\/label>\n<\/p>\n<p><label> Enquiry*<br \/>\n<span class=\"wpcf7-form-control-wrap\" data-name=\"Kontakt-Anfrage\"><textarea cols=\"40\" rows=\"10\" maxlength=\"2000\" class=\"wpcf7-form-control wpcf7-textarea wpcf7-validates-as-required\" aria-required=\"true\" aria-invalid=\"false\" name=\"Kontakt-Anfrage\"><\/textarea><\/span> <\/label>\n<\/p>\n<p><span id=\"wpcf7-69f98557afe7a-wrapper\" class=\"wpcf7-form-control-wrap Accept-Conditions-wrap\" ><input type=\"hidden\" name=\"Accept-Conditions-time-start\" value=\"1777960279\"><input type=\"hidden\" name=\"Accept-Conditions-time-check\" value=\"4\"><label for=\"wpcf7-69f98557afe7a-field\" class=\"hp-message\">Si prega di lasciare vuoto questo campo.<\/label><input id=\"wpcf7-69f98557afe7a-field\"  class=\"wpcf7-form-control wpcf7-text\" type=\"text\" name=\"Accept-Conditions\" value=\"\" size=\"40\" tabindex=\"-1\" autocomplete=\"new-password\" \/><\/span>\n<\/p>\n<p><span class=\"wpcf7-form-control-wrap\" data-name=\"acceptance-941\"><span class=\"wpcf7-form-control wpcf7-acceptance\"><span class=\"wpcf7-list-item\"><label><input type=\"checkbox\" name=\"acceptance-941\" value=\"1\" aria-invalid=\"false\" \/><span class=\"wpcf7-list-item-label\">By completing this form, you declare that you have read our conditions for processing personal data.<\/span><\/label><\/span><\/span><\/span><br \/>\n<a href=\"https:\/\/www.italienisch-werkstatt.de\/en\/datenschutzerklaerung\" target=\"_blank\">Privacy policy *<\/a>\n<\/p>\n<p>I agree to be informed about future Italienisch-Werkstatt language courses *.<br \/>\n<span class=\"wpcf7-form-control-wrap\" data-name=\"Newsletter\"><span class=\"wpcf7-form-control wpcf7-radio\"><span class=\"wpcf7-list-item first\"><label><input type=\"radio\" name=\"Newsletter\" value=\"Ja\" \/><span class=\"wpcf7-list-item-label\">Yes<\/span><\/label><\/span><span class=\"wpcf7-list-item last\"><label><input type=\"radio\" name=\"Newsletter\" value=\"Nein\" \/><span class=\"wpcf7-list-item-label\">No<\/span><\/label><\/span><\/span><\/span>\n<\/p>\n<p><input class=\"wpcf7-form-control wpcf7-submit has-spinner\" type=\"submit\" value=\"Send\" \/>\n<\/p><p style=\"display: none !important;\" class=\"akismet-fields-container\" data-prefix=\"_wpcf7_ak_\"><label>&#916;<textarea name=\"_wpcf7_ak_hp_textarea\" cols=\"45\" rows=\"8\" maxlength=\"100\"><\/textarea><\/label><input type=\"hidden\" id=\"ak_js_1\" name=\"_wpcf7_ak_js\" value=\"120\"\/><script>\ndocument.getElementById( \"ak_js_1\" ).setAttribute( \"value\", ( new Date() ).getTime() );\n<\/script>\n<\/p><div class=\"wpcf7-response-output\" aria-hidden=\"true\"><\/div>\n<input type=\"hidden\" name=\"trp-form-language\" value=\"en\"\/><\/form>\n<\/div>\n\n<\/div><\/div><\/div><\/div><\/div><\/div><\/div><\/section>\n<\/div><\/div><\/div><\/div><\/div><\/section>","protected":false},"excerpt":{"rendered":"Der Einzelunterricht Italienisch, der in Ihren Kalender passt Wenn Sie am besten individuell und zielgerichtet lernen m\u00f6chten und Ihr Terminkalender nur \u00fcber enge Spielr\u00e4ume verf\u00fcgt, ist der Einzelunterricht bzw. ein pers\u00f6nliches Sprachcoaching m\u00f6glicherweise die ideale L\u00f6sung f\u00fcr Sie. Hier bestimmen Sie Ihre pers\u00f6nlichen Lernziele und den Lernrhythmus. Sie werden Schritt f\u00fcr Schritt beim Lernprozess begleitet...","protected":false},"author":2,"featured_media":1834,"parent":0,"menu_order":37,"comment_status":"closed","ping_status":"closed","template":"","meta":{"_acf_changed":false,"footnotes":""},"class_list":["post-1049","page","type-page","status-publish","has-post-thumbnail","hentry"],"acf":[],"_links":{"self":[{"href":"https:\/\/www.italienisch-werkstatt.de\/en\/wp-json\/wp\/v2\/pages\/1049","targetHints":{"allow":["GET"]}}],"collection":[{"href":"https:\/\/www.italienisch-werkstatt.de\/en\/wp-json\/wp\/v2\/pages"}],"about":[{"href":"https:\/\/www.italienisch-werkstatt.de\/en\/wp-json\/wp\/v2\/types\/page"}],"author":[{"embeddable":true,"href":"https:\/\/www.italienisch-werkstatt.de\/en\/wp-json\/wp\/v2\/users\/2"}],"replies":[{"embeddable":true,"href":"https:\/\/www.italienisch-werkstatt.de\/en\/wp-json\/wp\/v2\/comments?post=1049"}],"version-history":[{"count":3,"href":"https:\/\/www.italienisch-werkstatt.de\/en\/wp-json\/wp\/v2\/pages\/1049\/revisions"}],"predecessor-version":[{"id":6860,"href":"https:\/\/www.italienisch-werkstatt.de\/en\/wp-json\/wp\/v2\/pages\/1049\/revisions\/6860"}],"wp:featuredmedia":[{"embeddable":true,"href":"https:\/\/www.italienisch-werkstatt.de\/en\/wp-json\/wp\/v2\/media\/1834"}],"wp:attachment":[{"href":"https:\/\/www.italienisch-werkstatt.de\/en\/wp-json\/wp\/v2\/media?parent=1049"}],"curies":[{"name":"wp","href":"https:\/\/api.w.org\/{rel}","templated":true}]}}